{"id":5322,"date":"2022-05-24T23:44:08","date_gmt":"2022-05-24T23:44:08","guid":{"rendered":"https:\/\/tavapy.gov.py\/biblioteca\/?post_type=product&#038;p=5322"},"modified":"2022-05-24T23:44:08","modified_gmt":"2022-05-24T23:44:08","slug":"el-mito-de-la-izquierda","status":"publish","type":"product","link":"https:\/\/tavapy.gov.py\/biblioteca\/product\/el-mito-de-la-izquierda\/","title":{"rendered":"EL MITO DE LA IZQUIERDA."},"content":{"rendered":"","protected":false},"excerpt":{"rendered":"<p>En opini\u00f3n de Gustavo Bueno, las definiciones de lo que significa la izquierda y la derecha parecen haberse desdibujado, por lo que considera llegado el momento de abordar ambos conceptos y analizar su origen.<\/p>\n<p>En esta obra publicada en el 2.004 profundiza sobre esta espinosa cuesti\u00f3n con la intenci\u00f3n de construir una teor\u00eda filos\u00f3fica de la izquierda que sea capaz de situar las diferentes teor\u00edas y movimientos existentes y que, al mismo tiempo, no se despegue de la realidad hist\u00f3rica ni pierda de vista el futuro. Una obra de plena actualidad.<\/p>\n<p><a href=\"https:\/\/tavapy.gov.py\/biblioteca\/wp-content\/uploads\/2022\/05\/BuenoG-El-mito-de-la-izquierda.pdf\" target=\"_blank\" rel=\"attachment noopener wp-att-5312\"><img loading=\"lazy\" decoding=\"async\" class=\"size-full wp-image-5312 alignleft\" src=\"https:\/\/tavapy.gov.py\/biblioteca\/wp-content\/uploads\/2022\/05\/icono-PDF-copia-2.png\" alt=\"\" width=\"121\" height=\"140\" \/><\/a><\/p>\n","protected":false},"featured_media":5299,"comment_status":"open","ping_status":"closed","template":"","meta":{"spay_email":""},"product_cat":[229],"product_tag":[],"class_list":{"0":"post-5322","1":"product","2":"type-product","3":"status-publish","4":"has-post-thumbnail","6":"book_author-gustavo-bueno","7":"product_cat-filosofia-politica","8":"entry"},"_links":{"self":[{"href":"https:\/\/tavapy.gov.py\/biblioteca\/wp-json\/wp\/v2\/product\/5322","targetHints":{"allow":["GET"]}}],"collection":[{"href":"https:\/\/tavapy.gov.py\/biblioteca\/wp-json\/wp\/v2\/product"}],"about":[{"href":"https:\/\/tavapy.gov.py\/biblioteca\/wp-json\/wp\/v2\/types\/product"}],"replies":[{"embeddable":true,"href":"https:\/\/tavapy.gov.py\/biblioteca\/wp-json\/wp\/v2\/comments?post=5322"}],"wp:featuredmedia":[{"embeddable":true,"href":"https:\/\/tavapy.gov.py\/biblioteca\/wp-json\/wp\/v2\/media\/5299"}],"wp:attachment":[{"href":"https:\/\/tavapy.gov.py\/biblioteca\/wp-json\/wp\/v2\/media?parent=5322"}],"wp:term":[{"taxonomy":"product_cat","embeddable":true,"href":"https:\/\/tavapy.gov.py\/biblioteca\/wp-json\/wp\/v2\/product_cat?post=5322"},{"taxonomy":"product_tag","embeddable":true,"href":"https:\/\/tavapy.gov.py\/biblioteca\/wp-json\/wp\/v2\/product_tag?post=5322"}],"curies":[{"name":"wp","href":"https:\/\/api.w.org\/{rel}","templated":true}]}}