{"id":5323,"date":"2022-05-24T23:48:14","date_gmt":"2022-05-24T23:48:14","guid":{"rendered":"https:\/\/tavapy.gov.py\/biblioteca\/?post_type=product&#038;p=5323"},"modified":"2022-05-24T23:48:14","modified_gmt":"2022-05-24T23:48:14","slug":"telebasura-y-democracia","status":"publish","type":"product","link":"https:\/\/tavapy.gov.py\/biblioteca\/product\/telebasura-y-democracia\/","title":{"rendered":"TELEBASURA Y DEMOCRACIA."},"content":{"rendered":"","protected":false},"excerpt":{"rendered":"<p>Partiendo de la premisa \u00absin basura no podr\u00edamos vivir\u00bb, el autor analiza el concepto de telebasura teniendo presente que \u00abla basura muchas veces est\u00e1 en el que ve la televisi\u00f3n\u00bb y no en el propio medio. Para ello ha seguido la experiencia de \u00abGran Hermano\u00bb con la mentalidad de un antrop\u00f3logo, sabiendo que se trataba de un observatorio de la realidad espa\u00f1ola.<\/p>\n<p>\u00abTelebasura y democracia\u00bb, libro publicado en el 2.002, recoge el an\u00e1lisis de este fil\u00f3sofo sobre las razones del \u00e9xito de un programa que ha llegado a convocar ante sus televisiones a once millones de espa\u00f1oles.<\/p>\n<p>El autor repasa la programaci\u00f3n de la televisi\u00f3n espa\u00f1ola de las \u00faltimas d\u00e9cadas con el fin de recordarnos que en una sociedad democr\u00e1tica la audiencia siempre debe tener la \u00faltima palabra.<\/p>\n<p><a href=\"https:\/\/tavapy.gov.py\/biblioteca\/wp-content\/uploads\/2022\/05\/BuenoG-Telebasura-y-democracia.pdf\" target=\"_blank\" rel=\"attachment noopener wp-att-5312\"><img loading=\"lazy\" decoding=\"async\" class=\"size-full wp-image-5312 alignleft\" src=\"https:\/\/tavapy.gov.py\/biblioteca\/wp-content\/uploads\/2022\/05\/icono-PDF-copia-2.png\" alt=\"\" width=\"121\" height=\"140\" \/><\/a><\/p>\n","protected":false},"featured_media":5298,"comment_status":"open","ping_status":"closed","template":"","meta":{"spay_email":""},"product_cat":[622],"product_tag":[],"class_list":{"0":"post-5323","1":"product","2":"type-product","3":"status-publish","4":"has-post-thumbnail","6":"book_author-gustavo-bueno","7":"product_cat-ciencias-politicas-y-sociales-comunicacion","8":"entry"},"_links":{"self":[{"href":"https:\/\/tavapy.gov.py\/biblioteca\/wp-json\/wp\/v2\/product\/5323","targetHints":{"allow":["GET"]}}],"collection":[{"href":"https:\/\/tavapy.gov.py\/biblioteca\/wp-json\/wp\/v2\/product"}],"about":[{"href":"https:\/\/tavapy.gov.py\/biblioteca\/wp-json\/wp\/v2\/types\/product"}],"replies":[{"embeddable":true,"href":"https:\/\/tavapy.gov.py\/biblioteca\/wp-json\/wp\/v2\/comments?post=5323"}],"wp:featuredmedia":[{"embeddable":true,"href":"https:\/\/tavapy.gov.py\/biblioteca\/wp-json\/wp\/v2\/media\/5298"}],"wp:attachment":[{"href":"https:\/\/tavapy.gov.py\/biblioteca\/wp-json\/wp\/v2\/media?parent=5323"}],"wp:term":[{"taxonomy":"product_cat","embeddable":true,"href":"https:\/\/tavapy.gov.py\/biblioteca\/wp-json\/wp\/v2\/product_cat?post=5323"},{"taxonomy":"product_tag","embeddable":true,"href":"https:\/\/tavapy.gov.py\/biblioteca\/wp-json\/wp\/v2\/product_tag?post=5323"}],"curies":[{"name":"wp","href":"https:\/\/api.w.org\/{rel}","templated":true}]}}