{"id":5324,"date":"2022-05-24T23:53:09","date_gmt":"2022-05-24T23:53:09","guid":{"rendered":"https:\/\/tavapy.gov.py\/biblioteca\/?post_type=product&#038;p=5324"},"modified":"2022-05-24T23:53:09","modified_gmt":"2022-05-24T23:53:09","slug":"television-apariencia-y-verdad","status":"publish","type":"product","link":"https:\/\/tavapy.gov.py\/biblioteca\/product\/television-apariencia-y-verdad\/","title":{"rendered":"TELEVISI\u00d3N: APARIENCIA Y VERDAD."},"content":{"rendered":"","protected":false},"excerpt":{"rendered":"<p>Como lo fueron todas las experiencias anteriores con la luz y las sombras\u2013antorchas, espejos, c\u00e1maras oscuras, c\u00e1maras fotogr\u00e1ficas o cinematogr\u00e1ficas\u2013, tambi\u00e9n la televisi\u00f3n, la m\u00e1s sorprendente invenci\u00f3n tecnol\u00f3gica de todos los siglos, es una fuente espont\u00e1nea de determinaciones originales de las Ideas de Apariencia y Verdad.<\/p>\n<p>Esta obra publicada en el 2.000 es un primer ensayo de an\u00e1lisis general de las Ideas de Apariencia y Verdad tal como ellas se \u00ababren camino\u00bb en la pantalla de televisi\u00f3n. Todo aquel que tiene un trato \u00abno infantil\u00bb con la televisi\u00f3n, ya sea como espectador, actor, productor o programador pol\u00edtico, y cree poder distinguir cr\u00edticamente apariencias y verdades en la pantalla, tendr\u00e1 tambi\u00e9n su \u00abfilosof\u00eda de la televisi\u00f3n\u00bb, implicada e inmersa en su propia experiencia, aunque a menudo poco organizada y mal representada.<\/p>\n<p>Gustavo Bueno toma muy en serio esta experiencia de la filosof\u00eda mundana, ya que las ideas filos\u00f3ficas siempre proceden de las experiencias pr\u00e1cticas, pol\u00edticas o t\u00e9cnicas. Esto no excluye observaciones ir\u00f3nicas en relaci\u00f3n con la presencia de ciertos pol\u00edticos en la televisi\u00f3n, que creen saber (actuando en consecuencia) que su existencia como tales depende de su presencia en la telepantalla, actitud que se puede relacionar con la doctrina del fil\u00f3sofo ingl\u00e9s Berkeley del \u201cesse est percipi\u201d (ser es ser percibido).<\/p>\n<p><a href=\"https:\/\/tavapy.gov.py\/biblioteca\/wp-content\/uploads\/2022\/05\/BuenoG-Television-apariencia-y-verdad.pdf\" target=\"_blank\" rel=\"attachment noopener wp-att-5312\"><img loading=\"lazy\" decoding=\"async\" class=\"size-full wp-image-5312 alignleft\" src=\"https:\/\/tavapy.gov.py\/biblioteca\/wp-content\/uploads\/2022\/05\/icono-PDF-copia-2.png\" alt=\"\" width=\"121\" height=\"140\" \/><\/a><\/p>\n","protected":false},"featured_media":5294,"comment_status":"open","ping_status":"closed","template":"","meta":{"spay_email":""},"product_cat":[622],"product_tag":[],"class_list":{"0":"post-5324","1":"product","2":"type-product","3":"status-publish","4":"has-post-thumbnail","6":"book_author-gustavo-bueno","7":"product_cat-ciencias-politicas-y-sociales-comunicacion","8":"entry"},"_links":{"self":[{"href":"https:\/\/tavapy.gov.py\/biblioteca\/wp-json\/wp\/v2\/product\/5324","targetHints":{"allow":["GET"]}}],"collection":[{"href":"https:\/\/tavapy.gov.py\/biblioteca\/wp-json\/wp\/v2\/product"}],"about":[{"href":"https:\/\/tavapy.gov.py\/biblioteca\/wp-json\/wp\/v2\/types\/product"}],"replies":[{"embeddable":true,"href":"https:\/\/tavapy.gov.py\/biblioteca\/wp-json\/wp\/v2\/comments?post=5324"}],"wp:featuredmedia":[{"embeddable":true,"href":"https:\/\/tavapy.gov.py\/biblioteca\/wp-json\/wp\/v2\/media\/5294"}],"wp:attachment":[{"href":"https:\/\/tavapy.gov.py\/biblioteca\/wp-json\/wp\/v2\/media?parent=5324"}],"wp:term":[{"taxonomy":"product_cat","embeddable":true,"href":"https:\/\/tavapy.gov.py\/biblioteca\/wp-json\/wp\/v2\/product_cat?post=5324"},{"taxonomy":"product_tag","embeddable":true,"href":"https:\/\/tavapy.gov.py\/biblioteca\/wp-json\/wp\/v2\/product_tag?post=5324"}],"curies":[{"name":"wp","href":"https:\/\/api.w.org\/{rel}","templated":true}]}}