{"id":5325,"date":"2022-05-24T23:57:42","date_gmt":"2022-05-24T23:57:42","guid":{"rendered":"https:\/\/tavapy.gov.py\/biblioteca\/?post_type=product&#038;p=5325"},"modified":"2022-05-24T23:57:42","modified_gmt":"2022-05-24T23:57:42","slug":"el-nuevo-mapa-del-cerebro","status":"publish","type":"product","link":"https:\/\/tavapy.gov.py\/biblioteca\/product\/el-nuevo-mapa-del-cerebro\/","title":{"rendered":"EL NUEVO MAPA DEL CEREBRO."},"content":{"rendered":"","protected":false},"excerpt":{"rendered":"<p>Escrita en un lenguaje claro y ameno, esta gu\u00eda ilustrada pone al alcance del lector los resultados de las investigaciones m\u00e1s recientes realizadas sobre el funcionamiento de la mente.<\/p>\n<p>La autora de esta obra publicada en 1.998, explica a trav\u00e9s de im\u00e1genes que registran la actividad funcional del cerebro, c\u00f3mo \u00e9ste trabaja y su conexi\u00f3n con la mente.<\/p>\n<p>Muestra adem\u00e1s las diferencias entre los cerebros del hombre y la mujer y las que se observan en las personas con trastornos como dislexia, autismo&#8230;<\/p>\n<p><a href=\"https:\/\/tavapy.gov.py\/biblioteca\/wp-content\/uploads\/2022\/05\/CarterR-El-nuevo-mapa-del-cerebro.pdf\" target=\"_blank\" rel=\"attachment noopener wp-att-5312\"><img loading=\"lazy\" decoding=\"async\" class=\"size-full wp-image-5312 alignleft\" src=\"https:\/\/tavapy.gov.py\/biblioteca\/wp-content\/uploads\/2022\/05\/icono-PDF-copia-2.png\" alt=\"\" width=\"121\" height=\"140\" \/><\/a><\/p>\n<p>&nbsp;<\/p>\n","protected":false},"featured_media":5292,"comment_status":"open","ping_status":"closed","template":"","meta":{"spay_email":""},"product_cat":[531],"product_tag":[],"class_list":{"0":"post-5325","1":"product","2":"type-product","3":"status-publish","4":"has-post-thumbnail","6":"book_author-rita-carter","7":"product_cat-neurociencia-medicina","8":"entry"},"_links":{"self":[{"href":"https:\/\/tavapy.gov.py\/biblioteca\/wp-json\/wp\/v2\/product\/5325","targetHints":{"allow":["GET"]}}],"collection":[{"href":"https:\/\/tavapy.gov.py\/biblioteca\/wp-json\/wp\/v2\/product"}],"about":[{"href":"https:\/\/tavapy.gov.py\/biblioteca\/wp-json\/wp\/v2\/types\/product"}],"replies":[{"embeddable":true,"href":"https:\/\/tavapy.gov.py\/biblioteca\/wp-json\/wp\/v2\/comments?post=5325"}],"wp:featuredmedia":[{"embeddable":true,"href":"https:\/\/tavapy.gov.py\/biblioteca\/wp-json\/wp\/v2\/media\/5292"}],"wp:attachment":[{"href":"https:\/\/tavapy.gov.py\/biblioteca\/wp-json\/wp\/v2\/media?parent=5325"}],"wp:term":[{"taxonomy":"product_cat","embeddable":true,"href":"https:\/\/tavapy.gov.py\/biblioteca\/wp-json\/wp\/v2\/product_cat?post=5325"},{"taxonomy":"product_tag","embeddable":true,"href":"https:\/\/tavapy.gov.py\/biblioteca\/wp-json\/wp\/v2\/product_tag?post=5325"}],"curies":[{"name":"wp","href":"https:\/\/api.w.org\/{rel}","templated":true}]}}