{"id":5326,"date":"2022-05-25T00:03:37","date_gmt":"2022-05-25T00:03:37","guid":{"rendered":"https:\/\/tavapy.gov.py\/biblioteca\/?post_type=product&#038;p=5326"},"modified":"2022-05-25T00:03:37","modified_gmt":"2022-05-25T00:03:37","slug":"los-5-lenguajes-del-amor","status":"publish","type":"product","link":"https:\/\/tavapy.gov.py\/biblioteca\/product\/los-5-lenguajes-del-amor\/","title":{"rendered":"LOS 5 LENGUAJES DEL AMOR."},"content":{"rendered":"","protected":false},"excerpt":{"rendered":"<p>Mantener vivo el amor en nuestros matrimonios es un asunto muy serio. Al aprender los cinco lenguajes del amor, t\u00fa y tu c\u00f3nyuge descubrir\u00e1n sus lenguajes \u00fanicos del amor y aprender\u00e1n pasos pr\u00e1cticos para amarse de verdad el uno al otro.<\/p>\n<p>Sin embargo, \u00bfcon toda la ayuda disponible de los expertos en los medios de comunicaci\u00f3n, por qu\u00e9 es que tan pocas parejas parecen haber encontrado el secreto para mantener vivo el amor despu\u00e9s de la boda? Entonces, \u00bfcu\u00e1l es el problema?<\/p>\n<p>El problema es que hemos pasado por alto una verdad fundamental: Las personas hablan diferentes lenguajes de amor. Una vez que identifiques y aprendas a hablar el lenguaje principal del amor de tu c\u00f3nyuge, de seguro que habr\u00e1s descubierto la clave para un matrimonio amoroso y duradero.<\/p>\n<p>Esta obra de Gary Chapman fue publicada en 1.992.<\/p>\n<p><a href=\"https:\/\/tavapy.gov.py\/biblioteca\/wp-content\/uploads\/2022\/05\/ChapmanG-Los-5-lenguajes-del-amor.pdf\" target=\"_blank\" rel=\"attachment noopener wp-att-5312\"><img loading=\"lazy\" decoding=\"async\" class=\"size-full wp-image-5312 alignleft\" src=\"https:\/\/tavapy.gov.py\/biblioteca\/wp-content\/uploads\/2022\/05\/icono-PDF-copia-2.png\" alt=\"\" width=\"121\" height=\"140\" \/><\/a><\/p>\n","protected":false},"featured_media":5288,"comment_status":"open","ping_status":"closed","template":"","meta":{"spay_email":""},"product_cat":[625],"product_tag":[],"class_list":{"0":"post-5326","1":"product","2":"type-product","3":"status-publish","4":"has-post-thumbnail","6":"book_author-gary-chapman","7":"product_cat-autoayuda-psicologia-relacion-de-pareja","8":"entry"},"_links":{"self":[{"href":"https:\/\/tavapy.gov.py\/biblioteca\/wp-json\/wp\/v2\/product\/5326","targetHints":{"allow":["GET"]}}],"collection":[{"href":"https:\/\/tavapy.gov.py\/biblioteca\/wp-json\/wp\/v2\/product"}],"about":[{"href":"https:\/\/tavapy.gov.py\/biblioteca\/wp-json\/wp\/v2\/types\/product"}],"replies":[{"embeddable":true,"href":"https:\/\/tavapy.gov.py\/biblioteca\/wp-json\/wp\/v2\/comments?post=5326"}],"wp:featuredmedia":[{"embeddable":true,"href":"https:\/\/tavapy.gov.py\/biblioteca\/wp-json\/wp\/v2\/media\/5288"}],"wp:attachment":[{"href":"https:\/\/tavapy.gov.py\/biblioteca\/wp-json\/wp\/v2\/media?parent=5326"}],"wp:term":[{"taxonomy":"product_cat","embeddable":true,"href":"https:\/\/tavapy.gov.py\/biblioteca\/wp-json\/wp\/v2\/product_cat?post=5326"},{"taxonomy":"product_tag","embeddable":true,"href":"https:\/\/tavapy.gov.py\/biblioteca\/wp-json\/wp\/v2\/product_tag?post=5326"}],"curies":[{"name":"wp","href":"https:\/\/api.w.org\/{rel}","templated":true}]}}