{"id":5327,"date":"2022-05-25T00:11:54","date_gmt":"2022-05-25T00:11:54","guid":{"rendered":"https:\/\/tavapy.gov.py\/biblioteca\/?post_type=product&#038;p=5327"},"modified":"2022-05-25T00:11:54","modified_gmt":"2022-05-25T00:11:54","slug":"pre-suasion-un-metodo-revolucionario-para-influir-y-persuadir","status":"publish","type":"product","link":"https:\/\/tavapy.gov.py\/biblioteca\/product\/pre-suasion-un-metodo-revolucionario-para-influir-y-persuadir\/","title":{"rendered":"PRE-SUASI\u00d3N: UN M\u00c9TODO REVOLUCIONARIO PARA INFLUIR Y PERSUADIR."},"content":{"rendered":"","protected":false},"excerpt":{"rendered":"<p>La persuasi\u00f3n es una habilidad imprescindible en cualquier actividad profesional a todos los niveles en organizaciones y empresas. Pero, \u00bfcu\u00e1les son las mejores t\u00e9cnicas de persuasi\u00f3n?, \u00bfqu\u00e9 elementos de la comunicaci\u00f3n permiten conquistar al p\u00fablico?, \u00bfcu\u00e1les son los momentos fundamentales en una argumentaci\u00f3n? y \u00bfqu\u00e9 diferencia a un comunicador eficaz de un aut\u00e9ntico persuasor?<\/p>\n<p>Con el rigor cient\u00edfico y la capacidad de divulgaci\u00f3n que le caracterizan, Robert Cialdini explica en este libro c\u00f3mo capitalizar el tiempo previo a la transmisi\u00f3n de un mensaje importante. Ese instante puede hacer que el p\u00fablico se muestre m\u00e1s receptivo y, de este modo, la persuasi\u00f3n \u00f3ptima solo se obtiene con una \u00f3ptima \u00abpre-suasi\u00f3n\u00bb.<\/p>\n<p>Para persuadir, lo \u00fanico que necesita el comunicador es redirigir la atenci\u00f3n del p\u00fablico antes de una acci\u00f3n relevante para que este le diga \u00ab\u00a1S\u00ed!\u00bb. Con solidez cient\u00edfica, Cialdini muestra c\u00f3mo escoger no solo lo que vamos a decir, sino cu\u00e1ndo lo vamos a hacer y c\u00f3mo atraer esa atenci\u00f3n de una forma \u00e9tica. Con Pre-suasi\u00f3n, obra publicada en el 2.016, los lectores aprender\u00e1n a aprovechar el momento oportuno para ganar influencia y a conservarla.<\/p>\n<p><a href=\"https:\/\/tavapy.gov.py\/biblioteca\/wp-content\/uploads\/2022\/05\/CialdiniR-Pre-suasion-Un-metodo-revolucionario-para-influir-y-persuadir.pdf\" target=\"_blank\" rel=\"attachment noopener wp-att-5312\"><img loading=\"lazy\" decoding=\"async\" class=\"size-full wp-image-5312 alignleft\" src=\"https:\/\/tavapy.gov.py\/biblioteca\/wp-content\/uploads\/2022\/05\/icono-PDF-copia-2.png\" alt=\"\" width=\"121\" height=\"140\" \/><\/a><\/p>\n","protected":false},"featured_media":5287,"comment_status":"open","ping_status":"closed","template":"","meta":{"spay_email":""},"product_cat":[626],"product_tag":[],"class_list":{"0":"post-5327","1":"product","2":"type-product","3":"status-publish","4":"has-post-thumbnail","6":"book_author-robert-cialdini","7":"product_cat-administracion-empresarial-psicologia-comunicacion","8":"entry"},"_links":{"self":[{"href":"https:\/\/tavapy.gov.py\/biblioteca\/wp-json\/wp\/v2\/product\/5327","targetHints":{"allow":["GET"]}}],"collection":[{"href":"https:\/\/tavapy.gov.py\/biblioteca\/wp-json\/wp\/v2\/product"}],"about":[{"href":"https:\/\/tavapy.gov.py\/biblioteca\/wp-json\/wp\/v2\/types\/product"}],"replies":[{"embeddable":true,"href":"https:\/\/tavapy.gov.py\/biblioteca\/wp-json\/wp\/v2\/comments?post=5327"}],"wp:featuredmedia":[{"embeddable":true,"href":"https:\/\/tavapy.gov.py\/biblioteca\/wp-json\/wp\/v2\/media\/5287"}],"wp:attachment":[{"href":"https:\/\/tavapy.gov.py\/biblioteca\/wp-json\/wp\/v2\/media?parent=5327"}],"wp:term":[{"taxonomy":"product_cat","embeddable":true,"href":"https:\/\/tavapy.gov.py\/biblioteca\/wp-json\/wp\/v2\/product_cat?post=5327"},{"taxonomy":"product_tag","embeddable":true,"href":"https:\/\/tavapy.gov.py\/biblioteca\/wp-json\/wp\/v2\/product_tag?post=5327"}],"curies":[{"name":"wp","href":"https:\/\/api.w.org\/{rel}","templated":true}]}}