{"id":5328,"date":"2022-05-25T00:15:40","date_gmt":"2022-05-25T00:15:40","guid":{"rendered":"https:\/\/tavapy.gov.py\/biblioteca\/?post_type=product&#038;p=5328"},"modified":"2022-05-25T00:15:41","modified_gmt":"2022-05-25T00:15:41","slug":"el-alquimista","status":"publish","type":"product","link":"https:\/\/tavapy.gov.py\/biblioteca\/product\/el-alquimista\/","title":{"rendered":"EL ALQUIMISTA."},"content":{"rendered":"","protected":false},"excerpt":{"rendered":"<p>El Alquimista, obra publicada en el 2.007, relata las aventuras de Santiago, un joven pastor andaluz que un d\u00eda emprende un viaje por las arenas del desierto en busca de un tesoro. Lo que empieza como la b\u00fasqueda de bienes mundanos se convertir\u00e1 en el descubrimiento del tesoro interior.<\/p>\n<p>Evocativa y profundamente humana, esta historia es el testimonio eterno del poder transformador de nuestros sue\u00f1os, de la importancia de escuchar a nuestros corazones y de descifrar el lenguaje que est\u00e1 m\u00e1s all\u00e1 de las palabras. Y es que cuando una persona desea realmente algo, el Universo entero conspira para que pueda realizar su sue\u00f1o.<\/p>\n<p><a href=\"https:\/\/tavapy.gov.py\/biblioteca\/wp-content\/uploads\/2022\/05\/CoelhoP-El-alquimista.pdf\" target=\"_blank\" rel=\"attachment noopener wp-att-5312\"><img loading=\"lazy\" decoding=\"async\" class=\"size-full wp-image-5312 alignleft\" src=\"https:\/\/tavapy.gov.py\/biblioteca\/wp-content\/uploads\/2022\/05\/icono-PDF-copia-2.png\" alt=\"\" width=\"121\" height=\"140\" \/><\/a><\/p>\n","protected":false},"featured_media":5284,"comment_status":"open","ping_status":"closed","template":"","meta":{"spay_email":""},"product_cat":[57],"product_tag":[],"class_list":{"0":"post-5328","1":"product","2":"type-product","3":"status-publish","4":"has-post-thumbnail","6":"book_author-paulo-coelho","7":"product_cat-novela","8":"entry"},"_links":{"self":[{"href":"https:\/\/tavapy.gov.py\/biblioteca\/wp-json\/wp\/v2\/product\/5328","targetHints":{"allow":["GET"]}}],"collection":[{"href":"https:\/\/tavapy.gov.py\/biblioteca\/wp-json\/wp\/v2\/product"}],"about":[{"href":"https:\/\/tavapy.gov.py\/biblioteca\/wp-json\/wp\/v2\/types\/product"}],"replies":[{"embeddable":true,"href":"https:\/\/tavapy.gov.py\/biblioteca\/wp-json\/wp\/v2\/comments?post=5328"}],"wp:featuredmedia":[{"embeddable":true,"href":"https:\/\/tavapy.gov.py\/biblioteca\/wp-json\/wp\/v2\/media\/5284"}],"wp:attachment":[{"href":"https:\/\/tavapy.gov.py\/biblioteca\/wp-json\/wp\/v2\/media?parent=5328"}],"wp:term":[{"taxonomy":"product_cat","embeddable":true,"href":"https:\/\/tavapy.gov.py\/biblioteca\/wp-json\/wp\/v2\/product_cat?post=5328"},{"taxonomy":"product_tag","embeddable":true,"href":"https:\/\/tavapy.gov.py\/biblioteca\/wp-json\/wp\/v2\/product_tag?post=5328"}],"curies":[{"name":"wp","href":"https:\/\/api.w.org\/{rel}","templated":true}]}}