{"id":5329,"date":"2022-05-25T00:20:41","date_gmt":"2022-05-25T00:20:41","guid":{"rendered":"https:\/\/tavapy.gov.py\/biblioteca\/?post_type=product&#038;p=5329"},"modified":"2022-05-25T00:20:41","modified_gmt":"2022-05-25T00:20:41","slug":"el-error-de-descartes","status":"publish","type":"product","link":"https:\/\/tavapy.gov.py\/biblioteca\/product\/el-error-de-descartes\/","title":{"rendered":"EL ERROR DE DESCARTES."},"content":{"rendered":"","protected":false},"excerpt":{"rendered":"<p>Para Antonio Damasio, uno de los m\u00e1s prestigiosos investigadores en neurofisiolog\u00eda, el de separar el cuerpo de la mente, con su tesis de que pensar es igual a ser, cuando se trata justamente de lo contrario: en el principio fue el ser, posteriormente el pensar; somos, luego pensamos.<\/p>\n<p>Creer que las operaciones m\u00e1s refinadas de la mente est\u00e1n separadas de la estructura y del funcionamiento del organismo biol\u00f3gico es un error, porque el cerebro y el resto del cuerpo constituyen un organismo indisociable integrado por circuitos reguladores bioqu\u00edmicos y neurales que se relacionan con el ambiente como un conjunto, y la actividad mental surge de esta interacci\u00f3n.<\/p>\n<p>Esta innovadora visi\u00f3n del hombre se desarrolla en un libro que es, a la vez, riguroso y accesible y que fue publicado en 1.994. Partiendo de casos reales y bien documentados, el autor nos lleva a comprender c\u00f3mo se forman las im\u00e1genes que percibimos, c\u00f3mo se depositan nuestros conocimientos, c\u00f3mo opera la memoria, c\u00f3mo act\u00faan los mecanismos reguladores de nuestra vida, qu\u00e9 son las emociones y sentimientos y, en definitiva, nos proporciona los conocimientos esenciales sobre el funcionamiento del cerebro.<\/p>\n<p><a href=\"https:\/\/tavapy.gov.py\/biblioteca\/wp-content\/uploads\/2022\/05\/DamasioA-El_error_de_Descartes.pdf\" target=\"_blank\" rel=\"attachment noopener wp-att-5312\"><img loading=\"lazy\" decoding=\"async\" class=\"size-full wp-image-5312 alignleft\" src=\"https:\/\/tavapy.gov.py\/biblioteca\/wp-content\/uploads\/2022\/05\/icono-PDF-copia-2.png\" alt=\"\" width=\"121\" height=\"140\" \/><\/a><\/p>\n","protected":false},"featured_media":5282,"comment_status":"open","ping_status":"closed","template":"","meta":{"spay_email":""},"product_cat":[361],"product_tag":[],"class_list":{"0":"post-5329","1":"product","2":"type-product","3":"status-publish","4":"has-post-thumbnail","6":"book_author-antonio-damasio","7":"product_cat-neurociencia-psicologia","8":"entry"},"_links":{"self":[{"href":"https:\/\/tavapy.gov.py\/biblioteca\/wp-json\/wp\/v2\/product\/5329","targetHints":{"allow":["GET"]}}],"collection":[{"href":"https:\/\/tavapy.gov.py\/biblioteca\/wp-json\/wp\/v2\/product"}],"about":[{"href":"https:\/\/tavapy.gov.py\/biblioteca\/wp-json\/wp\/v2\/types\/product"}],"replies":[{"embeddable":true,"href":"https:\/\/tavapy.gov.py\/biblioteca\/wp-json\/wp\/v2\/comments?post=5329"}],"wp:featuredmedia":[{"embeddable":true,"href":"https:\/\/tavapy.gov.py\/biblioteca\/wp-json\/wp\/v2\/media\/5282"}],"wp:attachment":[{"href":"https:\/\/tavapy.gov.py\/biblioteca\/wp-json\/wp\/v2\/media?parent=5329"}],"wp:term":[{"taxonomy":"product_cat","embeddable":true,"href":"https:\/\/tavapy.gov.py\/biblioteca\/wp-json\/wp\/v2\/product_cat?post=5329"},{"taxonomy":"product_tag","embeddable":true,"href":"https:\/\/tavapy.gov.py\/biblioteca\/wp-json\/wp\/v2\/product_tag?post=5329"}],"curies":[{"name":"wp","href":"https:\/\/api.w.org\/{rel}","templated":true}]}}