{"id":5330,"date":"2022-05-25T00:26:24","date_gmt":"2022-05-25T00:26:24","guid":{"rendered":"https:\/\/tavapy.gov.py\/biblioteca\/?post_type=product&#038;p=5330"},"modified":"2023-10-19T03:32:15","modified_gmt":"2023-10-19T03:32:15","slug":"educacion-financiera-para-jovenes","status":"publish","type":"product","link":"https:\/\/tavapy.gov.py\/biblioteca\/product\/educacion-financiera-para-jovenes\/","title":{"rendered":"EDUCACI\u00d3N FINANCIERA PARA J\u00d3VENES."},"content":{"rendered":"","protected":false},"excerpt":{"rendered":"<p>El objetivo de esta obra publicada en el 2.013 es exponer los fundamentos de una acci\u00f3n formativa orientada a una primera incursi\u00f3n en el \u00e1mbito de la educaci\u00f3n financiera de estudiantes que hayan finalizado la etapa de la ense\u00f1anza secundaria obligatoria, si bien el planteamiento puede servir de referencia para su adaptaci\u00f3n a otros niveles educativos.<\/p>\n<p>La pretensi\u00f3n no es aportar una visi\u00f3n completa de los productos financieros, sino mostrar los elementos b\u00e1sicos que permitan forjarse una idea del alcance de las decisiones financieras dentro de un esquema global de razonamiento.<\/p>\n<p>El trabajo est\u00e1 estructurado en cuatro apartados: en primer t\u00e9rmino se hace referencia al concepto de la educaci\u00f3n financiera; en segundo lugar se expone el enfoque did\u00e1ctico del programa Edufinet, en el que se inscribe la acci\u00f3n formativa propuesta; a continuaci\u00f3n se alude al papel y a la estructura del sistema financiero, y se realiza un esbozo de los principales productos financieros; el cuarto apartado va destinado a ilustrar una serie de supuestos pr\u00e1cticos.<\/p>\n<p><a href=\"https:\/\/tavapy.gov.py\/biblioteca\/wp-content\/uploads\/2022\/05\/DominguezJ-Educacion-Financiera-para-Jovenes.pdf\" target=\"_blank\" rel=\"attachment noopener wp-att-5312\"><img loading=\"lazy\" decoding=\"async\" class=\"size-full wp-image-5312 alignleft\" src=\"https:\/\/tavapy.gov.py\/biblioteca\/wp-content\/uploads\/2022\/05\/icono-PDF-copia-2.png\" alt=\"\" width=\"121\" height=\"140\" \/><\/a><\/p>\n","protected":false},"featured_media":5279,"comment_status":"open","ping_status":"closed","template":"","meta":{"spay_email":""},"product_cat":[289],"product_tag":[],"class_list":{"0":"post-5330","1":"product","2":"type-product","3":"status-publish","4":"has-post-thumbnail","6":"book_author-jose-m-dominguez-martinez","7":"product_cat-autoayuda-finanzas","8":"entry"},"_links":{"self":[{"href":"https:\/\/tavapy.gov.py\/biblioteca\/wp-json\/wp\/v2\/product\/5330","targetHints":{"allow":["GET"]}}],"collection":[{"href":"https:\/\/tavapy.gov.py\/biblioteca\/wp-json\/wp\/v2\/product"}],"about":[{"href":"https:\/\/tavapy.gov.py\/biblioteca\/wp-json\/wp\/v2\/types\/product"}],"replies":[{"embeddable":true,"href":"https:\/\/tavapy.gov.py\/biblioteca\/wp-json\/wp\/v2\/comments?post=5330"}],"wp:featuredmedia":[{"embeddable":true,"href":"https:\/\/tavapy.gov.py\/biblioteca\/wp-json\/wp\/v2\/media\/5279"}],"wp:attachment":[{"href":"https:\/\/tavapy.gov.py\/biblioteca\/wp-json\/wp\/v2\/media?parent=5330"}],"wp:term":[{"taxonomy":"product_cat","embeddable":true,"href":"https:\/\/tavapy.gov.py\/biblioteca\/wp-json\/wp\/v2\/product_cat?post=5330"},{"taxonomy":"product_tag","embeddable":true,"href":"https:\/\/tavapy.gov.py\/biblioteca\/wp-json\/wp\/v2\/product_tag?post=5330"}],"curies":[{"name":"wp","href":"https:\/\/api.w.org\/{rel}","templated":true}]}}