{"id":5331,"date":"2022-05-25T00:34:00","date_gmt":"2022-05-25T00:34:00","guid":{"rendered":"https:\/\/tavapy.gov.py\/biblioteca\/?post_type=product&#038;p=5331"},"modified":"2023-02-08T23:27:04","modified_gmt":"2023-02-08T23:27:04","slug":"el-poder-de-los-habitos","status":"publish","type":"product","link":"https:\/\/tavapy.gov.py\/biblioteca\/product\/el-poder-de-los-habitos\/","title":{"rendered":"EL PODER DE LOS H\u00c1BITOS."},"content":{"rendered":"","protected":false},"excerpt":{"rendered":"<p>En El poder de los h\u00e1bitos, libro publicado en el 2.012, el premiado periodista Charles Duhigg nos lleva al l\u00edmite de los descubrimientos cient\u00edficos que explican por qu\u00e9 existen los h\u00e1bitos, c\u00f3mo nos condicionan y c\u00f3mo cambiarlos. Combinando informaci\u00f3n exhaustiva con descripciones fascinantes, Duhigg presenta una manera completamente nueva de entender la naturaleza humana y su potencial.<\/p>\n<p>En esencia, El poder de los h\u00e1bitos contiene un mensaje estimulante: la clave para hacer ejercicio con regularidad, perder peso, ser m\u00e1s productivo y conseguir el \u00e9xito consiste en entender el modo en que funcionan los h\u00e1bitos.<\/p>\n<p>Como demuestra Duhigg, si somos capaces de sacar partido a este nuevo m\u00e9todo, conseguiremos transformar nuestra vida laboral, social y personal.<\/p>\n<p><a href=\"https:\/\/tavapy.gov.py\/biblioteca\/wp-content\/uploads\/2022\/05\/DuhiggC-El-poder-de-los-habitos.pdf\" target=\"_blank\" rel=\"attachment noopener wp-att-5312\"><img loading=\"lazy\" decoding=\"async\" class=\"size-full wp-image-5312 alignleft\" src=\"https:\/\/tavapy.gov.py\/biblioteca\/wp-content\/uploads\/2022\/05\/icono-PDF-copia-2.png\" alt=\"\" width=\"121\" height=\"140\" \/><\/a><\/p>\n","protected":false},"featured_media":5275,"comment_status":"open","ping_status":"closed","template":"","meta":{"spay_email":""},"product_cat":[205],"product_tag":[],"class_list":{"0":"post-5331","1":"product","2":"type-product","3":"status-publish","4":"has-post-thumbnail","6":"book_author-charles-duhigg","7":"product_cat-autoayuda-desarrollo-humano","8":"entry"},"_links":{"self":[{"href":"https:\/\/tavapy.gov.py\/biblioteca\/wp-json\/wp\/v2\/product\/5331","targetHints":{"allow":["GET"]}}],"collection":[{"href":"https:\/\/tavapy.gov.py\/biblioteca\/wp-json\/wp\/v2\/product"}],"about":[{"href":"https:\/\/tavapy.gov.py\/biblioteca\/wp-json\/wp\/v2\/types\/product"}],"replies":[{"embeddable":true,"href":"https:\/\/tavapy.gov.py\/biblioteca\/wp-json\/wp\/v2\/comments?post=5331"}],"wp:featuredmedia":[{"embeddable":true,"href":"https:\/\/tavapy.gov.py\/biblioteca\/wp-json\/wp\/v2\/media\/5275"}],"wp:attachment":[{"href":"https:\/\/tavapy.gov.py\/biblioteca\/wp-json\/wp\/v2\/media?parent=5331"}],"wp:term":[{"taxonomy":"product_cat","embeddable":true,"href":"https:\/\/tavapy.gov.py\/biblioteca\/wp-json\/wp\/v2\/product_cat?post=5331"},{"taxonomy":"product_tag","embeddable":true,"href":"https:\/\/tavapy.gov.py\/biblioteca\/wp-json\/wp\/v2\/product_tag?post=5331"}],"curies":[{"name":"wp","href":"https:\/\/api.w.org\/{rel}","templated":true}]}}