{"id":5333,"date":"2022-05-25T00:45:59","date_gmt":"2022-05-25T00:45:59","guid":{"rendered":"https:\/\/tavapy.gov.py\/biblioteca\/?post_type=product&#038;p=5333"},"modified":"2022-05-25T00:46:00","modified_gmt":"2022-05-25T00:46:00","slug":"guia-practica-de-escritura-y-redaccion","status":"publish","type":"product","link":"https:\/\/tavapy.gov.py\/biblioteca\/product\/guia-practica-de-escritura-y-redaccion\/","title":{"rendered":"GU\u00cdA PR\u00c1CTICA DE ESCRITURA Y REDACCI\u00d3N."},"content":{"rendered":"","protected":false},"excerpt":{"rendered":"<p>Las Gu\u00edas pr\u00e1cticas del Instituto Cervantes nacen con la intenci\u00f3n de facilitar el conocimiento del espa\u00f1ol mediante unas obras de contenido riguroso y sencillo manejo, avaladas por el prestigio de esta instituci\u00f3n. Esta Gu\u00eda pr\u00e1ctica de escritura y redacci\u00f3n, cuarto t\u00edtulo de la colecci\u00f3n, ofrece consejos y propone t\u00e9cnicas para establecer una relaci\u00f3n estimulante, enriquecedora y productiva con la escritura.<\/p>\n<p>Son muchas las circunstancias en que tenemos que comunicarnos por escrito, ya sea con una persona o con un ente p\u00fablico. Esto obliga a recurrir a f\u00f3rmulas, pasar a otro c\u00f3digo, a otro mundo con reglas propias que necesitamos conocer para que el texto producido refleje claramente nuestra intenci\u00f3n. Es decir, que sea adecuado, correcto y eficaz desde el punto de vista comunicativo.<\/p>\n<p>Ayudar a conseguirlo, de forma f\u00e1cil y accesible a todo el mundo, es el objetivo de la Gu\u00eda pr\u00e1ctica de escritura y redacci\u00f3n. En ella encontraremos no s\u00f3lo las reglas b\u00e1sicas de expresi\u00f3n, sino tambi\u00e9n c\u00f3mo componer un texto y c\u00f3mo elegir el modelo de escrito adecuado a cada situaci\u00f3n.<\/p>\n<p>La obra fue publicada en el 2.011.<\/p>\n<p><a href=\"https:\/\/tavapy.gov.py\/biblioteca\/wp-content\/uploads\/2022\/05\/Fuentes-RodriguezC-Guia-practica-de-escritura-y-redaccion.pdf\" target=\"_blank\" rel=\"attachment noopener wp-att-5312\"><img loading=\"lazy\" decoding=\"async\" class=\"size-full wp-image-5312 alignleft\" src=\"https:\/\/tavapy.gov.py\/biblioteca\/wp-content\/uploads\/2022\/05\/icono-PDF-copia-2.png\" alt=\"\" width=\"121\" height=\"140\" \/><\/a><\/p>\n","protected":false},"featured_media":5271,"comment_status":"open","ping_status":"closed","template":"","meta":{"spay_email":""},"product_cat":[633],"product_tag":[],"class_list":{"0":"post-5333","1":"product","2":"type-product","3":"status-publish","4":"has-post-thumbnail","6":"book_author-catalina-fuentes-rodriguez","7":"product_cat-estudios-literarios-lengua-castellana","8":"entry"},"_links":{"self":[{"href":"https:\/\/tavapy.gov.py\/biblioteca\/wp-json\/wp\/v2\/product\/5333","targetHints":{"allow":["GET"]}}],"collection":[{"href":"https:\/\/tavapy.gov.py\/biblioteca\/wp-json\/wp\/v2\/product"}],"about":[{"href":"https:\/\/tavapy.gov.py\/biblioteca\/wp-json\/wp\/v2\/types\/product"}],"replies":[{"embeddable":true,"href":"https:\/\/tavapy.gov.py\/biblioteca\/wp-json\/wp\/v2\/comments?post=5333"}],"wp:featuredmedia":[{"embeddable":true,"href":"https:\/\/tavapy.gov.py\/biblioteca\/wp-json\/wp\/v2\/media\/5271"}],"wp:attachment":[{"href":"https:\/\/tavapy.gov.py\/biblioteca\/wp-json\/wp\/v2\/media?parent=5333"}],"wp:term":[{"taxonomy":"product_cat","embeddable":true,"href":"https:\/\/tavapy.gov.py\/biblioteca\/wp-json\/wp\/v2\/product_cat?post=5333"},{"taxonomy":"product_tag","embeddable":true,"href":"https:\/\/tavapy.gov.py\/biblioteca\/wp-json\/wp\/v2\/product_tag?post=5333"}],"curies":[{"name":"wp","href":"https:\/\/api.w.org\/{rel}","templated":true}]}}