{"id":5334,"date":"2022-05-25T00:51:14","date_gmt":"2022-05-25T00:51:14","guid":{"rendered":"https:\/\/tavapy.gov.py\/biblioteca\/?post_type=product&#038;p=5334"},"modified":"2022-05-25T00:51:14","modified_gmt":"2022-05-25T00:51:14","slug":"el-cerebro-etico","status":"publish","type":"product","link":"https:\/\/tavapy.gov.py\/biblioteca\/product\/el-cerebro-etico\/","title":{"rendered":"EL CEREBRO \u00c9TICO."},"content":{"rendered":"","protected":false},"excerpt":{"rendered":"<p>\u00bfCu\u00e1ndo se puede considerar que un embri\u00f3n o un feto es una persona? \u00bfQu\u00e9 es el envejecimiento normal del cerebro?<\/p>\n<p>El cerebro \u00e9tico, libro publicado en el 2.005, es una introducci\u00f3n clara e indispensable a un nuevo campo de la reflexi\u00f3n moral, asimismo es un an\u00e1lisis fascinante y provocador sobre los nuevos desaf\u00edos que plantea la intersecci\u00f3n de la ciencia y la \u00e9tica.<\/p>\n<p>Con un lenguaje claro y sencillo, Michael S. Gazzaniga explica los numerosos hallazgos neurocient\u00edficos y las cuestiones \u00e9ticas que \u00e9stos plantean, tanto para los individuos como para la sociedad.<\/p>\n<p><a href=\"https:\/\/tavapy.gov.py\/biblioteca\/wp-content\/uploads\/2022\/05\/GazzanigaM-El-cerebro-etico.pdf\" target=\"_blank\" rel=\"attachment noopener wp-att-5312\"><img loading=\"lazy\" decoding=\"async\" class=\"size-full wp-image-5312 alignleft\" src=\"https:\/\/tavapy.gov.py\/biblioteca\/wp-content\/uploads\/2022\/05\/icono-PDF-copia-2.png\" alt=\"\" width=\"121\" height=\"140\" \/><\/a><\/p>\n","protected":false},"featured_media":5267,"comment_status":"open","ping_status":"closed","template":"","meta":{"spay_email":""},"product_cat":[361],"product_tag":[],"class_list":{"0":"post-5334","1":"product","2":"type-product","3":"status-publish","4":"has-post-thumbnail","6":"book_author-michael-gazzaniga","7":"product_cat-neurociencia-psicologia","8":"entry"},"_links":{"self":[{"href":"https:\/\/tavapy.gov.py\/biblioteca\/wp-json\/wp\/v2\/product\/5334","targetHints":{"allow":["GET"]}}],"collection":[{"href":"https:\/\/tavapy.gov.py\/biblioteca\/wp-json\/wp\/v2\/product"}],"about":[{"href":"https:\/\/tavapy.gov.py\/biblioteca\/wp-json\/wp\/v2\/types\/product"}],"replies":[{"embeddable":true,"href":"https:\/\/tavapy.gov.py\/biblioteca\/wp-json\/wp\/v2\/comments?post=5334"}],"wp:featuredmedia":[{"embeddable":true,"href":"https:\/\/tavapy.gov.py\/biblioteca\/wp-json\/wp\/v2\/media\/5267"}],"wp:attachment":[{"href":"https:\/\/tavapy.gov.py\/biblioteca\/wp-json\/wp\/v2\/media?parent=5334"}],"wp:term":[{"taxonomy":"product_cat","embeddable":true,"href":"https:\/\/tavapy.gov.py\/biblioteca\/wp-json\/wp\/v2\/product_cat?post=5334"},{"taxonomy":"product_tag","embeddable":true,"href":"https:\/\/tavapy.gov.py\/biblioteca\/wp-json\/wp\/v2\/product_tag?post=5334"}],"curies":[{"name":"wp","href":"https:\/\/api.w.org\/{rel}","templated":true}]}}