{"id":5336,"date":"2022-05-25T01:02:20","date_gmt":"2022-05-25T01:02:20","guid":{"rendered":"https:\/\/tavapy.gov.py\/biblioteca\/?post_type=product&#038;p=5336"},"modified":"2022-05-25T01:02:21","modified_gmt":"2022-05-25T01:02:21","slug":"el-lider-resonante-crea-mas","status":"publish","type":"product","link":"https:\/\/tavapy.gov.py\/biblioteca\/product\/el-lider-resonante-crea-mas\/","title":{"rendered":"EL L\u00cdDER RESONANTE CREA M\u00c1S."},"content":{"rendered":"","protected":false},"excerpt":{"rendered":"<p>Tres prestigiosos especialistas, entre ellos el afamado autor de Inteligencia Emocional, Daniel Goleman analizan las claves alrededor de un buen liderazgo empresarial: el uso y aprovechamiento de las emociones, el arte de transmitir y lograr un equipo \u00f3ptimo. Ideal para ejecutivos que anhelan una empresa pujante.<\/p>\n<p>El aut\u00e9ntico l\u00edder no se distingue por su talento o su dominio t\u00e9cnico, sino por su capacidad para inspirar en otros energ\u00eda, pasi\u00f3n y entusiasmo. Es fundamental en el liderazgo efectivo controlar adecuadamente las propias emociones y potenciar sentimientos positivos en los equipos, es decir, crear resonancia. Con ello se obtiene lo mejor de las personas y las organizaciones prosperan.<\/p>\n<p>A partir de un extenso an\u00e1lisis de todo tipo de empresas y sus directivos, los autores de esta obra publicada en el 2.001, demuestran que la resonancia del l\u00edder es un factor imprescindible para el \u00e9xito y, m\u00e1s a\u00fan, que esta resonancia se puede aprender.<\/p>\n<p>Con incontables consejos y ejemplos, este libro permitir\u00e1, tanto a j\u00f3venes profesionales como a otros ejecutivos, reconocer los estilos de liderazgo, mejorar estas competencias cr\u00edticas en uno mismo, conducir a los dem\u00e1s a mejorarlas tambi\u00e9n y liderar la resonancia no solamente en el trabajo sino en todos los aspectos de nuestra vida.<\/p>\n<p><a href=\"https:\/\/tavapy.gov.py\/biblioteca\/wp-content\/uploads\/2022\/05\/GolemanD-El-lider-resonante-crea-mas-El-poder-de-la-inteligencia-emocional.pdf\" target=\"_blank\" rel=\"attachment noopener wp-att-5312\"><img loading=\"lazy\" decoding=\"async\" class=\"size-full wp-image-5312 alignleft\" src=\"https:\/\/tavapy.gov.py\/biblioteca\/wp-content\/uploads\/2022\/05\/icono-PDF-copia-2.png\" alt=\"\" width=\"121\" height=\"140\" \/><\/a><\/p>\n","protected":false},"featured_media":5263,"comment_status":"open","ping_status":"closed","template":"","meta":{"spay_email":""},"product_cat":[505],"product_tag":[],"class_list":{"0":"post-5336","1":"product","2":"type-product","3":"status-publish","4":"has-post-thumbnail","6":"book_author-daniel-goleman","7":"product_cat-liderazgo-gestion-empresarial","8":"entry"},"_links":{"self":[{"href":"https:\/\/tavapy.gov.py\/biblioteca\/wp-json\/wp\/v2\/product\/5336","targetHints":{"allow":["GET"]}}],"collection":[{"href":"https:\/\/tavapy.gov.py\/biblioteca\/wp-json\/wp\/v2\/product"}],"about":[{"href":"https:\/\/tavapy.gov.py\/biblioteca\/wp-json\/wp\/v2\/types\/product"}],"replies":[{"embeddable":true,"href":"https:\/\/tavapy.gov.py\/biblioteca\/wp-json\/wp\/v2\/comments?post=5336"}],"wp:featuredmedia":[{"embeddable":true,"href":"https:\/\/tavapy.gov.py\/biblioteca\/wp-json\/wp\/v2\/media\/5263"}],"wp:attachment":[{"href":"https:\/\/tavapy.gov.py\/biblioteca\/wp-json\/wp\/v2\/media?parent=5336"}],"wp:term":[{"taxonomy":"product_cat","embeddable":true,"href":"https:\/\/tavapy.gov.py\/biblioteca\/wp-json\/wp\/v2\/product_cat?post=5336"},{"taxonomy":"product_tag","embeddable":true,"href":"https:\/\/tavapy.gov.py\/biblioteca\/wp-json\/wp\/v2\/product_tag?post=5336"}],"curies":[{"name":"wp","href":"https:\/\/api.w.org\/{rel}","templated":true}]}}