{"id":5342,"date":"2022-05-25T01:07:27","date_gmt":"2022-05-25T01:07:27","guid":{"rendered":"https:\/\/tavapy.gov.py\/biblioteca\/?post_type=product&#038;p=5342"},"modified":"2022-05-25T01:22:13","modified_gmt":"2022-05-25T01:22:13","slug":"inteligencia-social-la-nueva-ciencia-de-las-relaciones-humanas","status":"publish","type":"product","link":"https:\/\/tavapy.gov.py\/biblioteca\/product\/inteligencia-social-la-nueva-ciencia-de-las-relaciones-humanas\/","title":{"rendered":"INTELIGENCIA SOCIAL: LA NUEVA CIENCIA DE LAS RELACIONES HUMANAS."},"content":{"rendered":"","protected":false},"excerpt":{"rendered":"<p>Tras el \u00e9xito fulgurante de Inteligencia Emocional, un fen\u00f3meno editorial con m\u00e1s de 5 millones de ejemplares vendidos en todo el mundo, Daniel Goleman emprende ahora una revolucionaria s\u00edntesis de los \u00faltimos descubrimientos en biolog\u00eda y ciencias del cerebro.<\/p>\n<p>Inteligencia social, libro publicado en el 2.006 revela que estamos programados para conectar con los dem\u00e1s y que nuestras relaciones tienen un impacto muy profundo en nuestras vidas. El trato diario con nuestros progenitores, parejas, jefes, amigos, e incluso extra\u00f1os, conforma nuestro cerebro y afecta a todas las c\u00e9lulas de nuestro cuerpo hasta el nivel de los genes. El hallazgo fundamental que Goleman aporta, con su habitual amenidad y rigor, es que estamos dise\u00f1ados para ser sociables, y que participamos constantemente en un ballet neuronal que nos conecta, de cerebro a cerebro, con quienes nos rodean.<\/p>\n<p>Las relaciones interpersonales poseen un impacto biol\u00f3gico de largo alcance porque afectan a las hormonas que regulan tanto nuestro coraz\u00f3n como nuestro sistema inmunol\u00f3gico, de modo que las buenas relaciones act\u00faan como vitaminas, y las malas, como venenos.<\/p>\n<p>Goleman explica la sorprendente fiabilidad de nuestras primeras impresiones, explora el carisma, afronta la complejidad de la atracci\u00f3n sexual; describe tambi\u00e9n el lado oscuro de la inteligencia social, desde el narcisismo al maquiavelismo y la psicopat\u00eda.<\/p>\n<p>\u00bfExiste una manera de educar a nuestros hijos para que sean felices? \u00bfCu\u00e1l es la base de un matrimonio creativo? \u00bfC\u00f3mo pueden los empresarios y los maestros instruir a quienes les siguen? \u00bfC\u00f3mo lograr que grupos divididos por prejuicios y odios lleguen a vivir en paz? El autor comparte sus investigaciones con una gran convicci\u00f3n: los humanos tenemos una predisposici\u00f3n natural para la empat\u00eda, la cooperaci\u00f3n y el altruismo. Lo \u00fanico que necesitamos es desarrollar la inteligencia social.<\/p>\n<p><a href=\"https:\/\/tavapy.gov.py\/biblioteca\/wp-content\/uploads\/2022\/05\/GolemanD-Inteligencia-Social-pdf.pdf\" target=\"_blank\" rel=\"attachment noopener wp-att-5312\"><img loading=\"lazy\" decoding=\"async\" class=\"size-full wp-image-5312 alignleft\" src=\"https:\/\/tavapy.gov.py\/biblioteca\/wp-content\/uploads\/2022\/05\/icono-PDF-copia-2.png\" alt=\"\" width=\"121\" height=\"140\" \/><\/a><\/p>\n","protected":false},"featured_media":5262,"comment_status":"open","ping_status":"closed","template":"","meta":{"spay_email":""},"product_cat":[15],"product_tag":[],"class_list":{"0":"post-5342","1":"product","2":"type-product","3":"status-publish","4":"has-post-thumbnail","6":"book_author-daniel-goleman","7":"product_cat-uncategorized","8":"entry"},"_links":{"self":[{"href":"https:\/\/tavapy.gov.py\/biblioteca\/wp-json\/wp\/v2\/product\/5342","targetHints":{"allow":["GET"]}}],"collection":[{"href":"https:\/\/tavapy.gov.py\/biblioteca\/wp-json\/wp\/v2\/product"}],"about":[{"href":"https:\/\/tavapy.gov.py\/biblioteca\/wp-json\/wp\/v2\/types\/product"}],"replies":[{"embeddable":true,"href":"https:\/\/tavapy.gov.py\/biblioteca\/wp-json\/wp\/v2\/comments?post=5342"}],"wp:featuredmedia":[{"embeddable":true,"href":"https:\/\/tavapy.gov.py\/biblioteca\/wp-json\/wp\/v2\/media\/5262"}],"wp:attachment":[{"href":"https:\/\/tavapy.gov.py\/biblioteca\/wp-json\/wp\/v2\/media?parent=5342"}],"wp:term":[{"taxonomy":"product_cat","embeddable":true,"href":"https:\/\/tavapy.gov.py\/biblioteca\/wp-json\/wp\/v2\/product_cat?post=5342"},{"taxonomy":"product_tag","embeddable":true,"href":"https:\/\/tavapy.gov.py\/biblioteca\/wp-json\/wp\/v2\/product_tag?post=5342"}],"curies":[{"name":"wp","href":"https:\/\/api.w.org\/{rel}","templated":true}]}}