{"id":5348,"date":"2022-05-25T01:28:20","date_gmt":"2022-05-25T01:28:20","guid":{"rendered":"https:\/\/tavapy.gov.py\/biblioteca\/?post_type=product&#038;p=5348"},"modified":"2022-05-25T01:29:39","modified_gmt":"2022-05-25T01:29:39","slug":"la-ciencia-es-eso-que-nos-pasa-mientras-estamos-ocupados-haciendo-otras-cosas","status":"publish","type":"product","link":"https:\/\/tavapy.gov.py\/biblioteca\/product\/la-ciencia-es-eso-que-nos-pasa-mientras-estamos-ocupados-haciendo-otras-cosas\/","title":{"rendered":"LA CIENCIA ES ESO QUE NOS PASA MIENTRAS ESTAMOS OCUPADOS HACIENDO OTRAS COSAS."},"content":{"rendered":"","protected":false},"excerpt":{"rendered":"<p>\u00ab\u00bfC\u00f3mo se mezcla la ciencia con la vida cotidiana, con la pol\u00edtica, con la imaginaci\u00f3n que nace en los sue\u00f1os y las vigilias? Me gusta imaginar la humanidad como el pu\u00f1ado de gente que alguna vez sali\u00f3 de \u00c1frica dispuesta a conquistar el mundo, cruzando charcos y mares, pantanos y monta\u00f1as.<\/p>\n<p>All\u00ed, seguramente, comenzaron las primeras divisiones del trabajo: Grok es buena cazando b\u00fafalos, mientras que Grak domina el fuego como nadie. Por su parte, Grik es un genio orient\u00e1ndose en la selva y encontrando hierbas y aguas dulces, mientras Grek se ocupa de los chicos y los despioja con firme dulzura. \u00bfC\u00f3mo fue entonces que apareci\u00f3 Gruk, la que miraba las se\u00f1ales de los cielos y los colores, aquella que pensaba un largo rato y conclu\u00eda con su l\u00f3gica qu\u00e9 era lo mejor para el clan?<\/p>\n<p>\u00bfCu\u00e1les fueron los primeros experimentos, esos que mov\u00edan de a una ficha por vez para entender c\u00f3mo respond\u00edan la naturaleza y los dioses? Quiz\u00e1s as\u00ed naci\u00f3 el oficio del cient\u00edfico: aquel poeta que observaba, pesaba, cambiaba y luego le contaba al resto las maravillas que hab\u00eda encontrado.\u00bb<\/p>\n<p>En este libro publicado en el 2.019, Diego Golombek, nos invita a mirar la vida cotidiana con sus deslumbrados ojos de cient\u00edfico. Para entender esto que somos y de qu\u00e9 modo el cerebro construye nuestras percepciones, emociones y creencias. Para comprender el sue\u00f1o de dormir y los sue\u00f1os de so\u00f1ar. Para saber por qu\u00e9 nos enamoramos y somos felices. Y hasta para descubrir por qu\u00e9 desaparecen las cucharitas en la cocina. Con ustedes, la ciencia.<\/p>\n<p><a href=\"https:\/\/tavapy.gov.py\/biblioteca\/wp-content\/uploads\/2022\/05\/GolombekD-La-ciencia-es-eso-que-nos-pasa-mientras-estamos-ocupados-haciendo-otras-cosas.pdf\" target=\"_blank\" rel=\"attachment noopener wp-att-5312\"><img loading=\"lazy\" decoding=\"async\" class=\"size-full wp-image-5312 alignleft\" src=\"https:\/\/tavapy.gov.py\/biblioteca\/wp-content\/uploads\/2022\/05\/icono-PDF-copia-2.png\" alt=\"\" width=\"121\" height=\"140\" \/><\/a><\/p>\n","protected":false},"featured_media":5259,"comment_status":"open","ping_status":"closed","template":"","meta":{"spay_email":""},"product_cat":[635],"product_tag":[],"class_list":{"0":"post-5348","1":"product","2":"type-product","3":"status-publish","4":"has-post-thumbnail","6":"book_author-diego-golombek","7":"product_cat-ciencia-vida-cotidiana","8":"entry"},"_links":{"self":[{"href":"https:\/\/tavapy.gov.py\/biblioteca\/wp-json\/wp\/v2\/product\/5348","targetHints":{"allow":["GET"]}}],"collection":[{"href":"https:\/\/tavapy.gov.py\/biblioteca\/wp-json\/wp\/v2\/product"}],"about":[{"href":"https:\/\/tavapy.gov.py\/biblioteca\/wp-json\/wp\/v2\/types\/product"}],"replies":[{"embeddable":true,"href":"https:\/\/tavapy.gov.py\/biblioteca\/wp-json\/wp\/v2\/comments?post=5348"}],"wp:featuredmedia":[{"embeddable":true,"href":"https:\/\/tavapy.gov.py\/biblioteca\/wp-json\/wp\/v2\/media\/5259"}],"wp:attachment":[{"href":"https:\/\/tavapy.gov.py\/biblioteca\/wp-json\/wp\/v2\/media?parent=5348"}],"wp:term":[{"taxonomy":"product_cat","embeddable":true,"href":"https:\/\/tavapy.gov.py\/biblioteca\/wp-json\/wp\/v2\/product_cat?post=5348"},{"taxonomy":"product_tag","embeddable":true,"href":"https:\/\/tavapy.gov.py\/biblioteca\/wp-json\/wp\/v2\/product_tag?post=5348"}],"curies":[{"name":"wp","href":"https:\/\/api.w.org\/{rel}","templated":true}]}}