{"id":5350,"date":"2022-05-25T01:40:50","date_gmt":"2022-05-25T01:40:50","guid":{"rendered":"https:\/\/tavapy.gov.py\/biblioteca\/?post_type=product&#038;p=5350"},"modified":"2022-05-25T01:40:51","modified_gmt":"2022-05-25T01:40:51","slug":"sexo-drogas-y-biologia","status":"publish","type":"product","link":"https:\/\/tavapy.gov.py\/biblioteca\/product\/sexo-drogas-y-biologia\/","title":{"rendered":"SEXO, DROGAS Y BIOLOG\u00cdA."},"content":{"rendered":"","protected":false},"excerpt":{"rendered":"<p>\u00bfDe qu\u00e9 hablamos cuando hablamos del amor y del sexo? \u00bfDe ciencia? Nada en la vida es m\u00e1s importante, m\u00e1s divertido, m\u00e1s interesante o m\u00e1s problem\u00e1tico que el sexo. Claro que para los diferentes bichos que hay sobre la Tierra, decir sexo quiere decir aventuras muy pero muy diferentes. Adem\u00e1s, para muchos de estos comportamientos sexys hay que hacerse notar&#8230;<\/p>\n<p>\u00bfY todo para qu\u00e9? Para elegir a la mejor pareja con la cual mezclar el material gen\u00e9tico y tener hijitos sanos y f\u00e9rtiles. Mujeres y varones no escapan a las generales de la ley: por suerte, hay diferencias entre g\u00e9neros en el cuerpo, en la organizaci\u00f3n del cerebro, en las emociones, en la percepci\u00f3n de la belleza.<\/p>\n<p>Y vale la pena estudiarlos para entenderlos, para entendernos; no por eso dejaremos de ser simp\u00e1ticos, impredecibles, po\u00e9ticos. En este libro publicado en el 2.009 veremos por qu\u00e9 los nenes son nenes y las nenas, nenas; por qu\u00e9 suelen elegirse unos a otros, qu\u00e9 es la belleza en t\u00e9rminos biol\u00f3gicos, d\u00f3nde est\u00e1 el amor en el cerebro.<\/p>\n<p><a href=\"https:\/\/tavapy.gov.py\/biblioteca\/wp-content\/uploads\/2022\/05\/GolombekD-Sexo-droga-y-biologia.pdf\" target=\"_blank\" rel=\"attachment noopener wp-att-5312\"><img loading=\"lazy\" decoding=\"async\" class=\"size-full wp-image-5312 alignleft\" src=\"https:\/\/tavapy.gov.py\/biblioteca\/wp-content\/uploads\/2022\/05\/icono-PDF-copia-2.png\" alt=\"\" width=\"121\" height=\"140\" \/><\/a><\/p>\n","protected":false},"featured_media":5254,"comment_status":"open","ping_status":"closed","template":"","meta":{"spay_email":""},"product_cat":[637],"product_tag":[],"class_list":{"0":"post-5350","1":"product","2":"type-product","3":"status-publish","4":"has-post-thumbnail","6":"book_author-diego-golombek","7":"product_cat-biologia-moderna-sexualidad-humana","8":"entry"},"_links":{"self":[{"href":"https:\/\/tavapy.gov.py\/biblioteca\/wp-json\/wp\/v2\/product\/5350","targetHints":{"allow":["GET"]}}],"collection":[{"href":"https:\/\/tavapy.gov.py\/biblioteca\/wp-json\/wp\/v2\/product"}],"about":[{"href":"https:\/\/tavapy.gov.py\/biblioteca\/wp-json\/wp\/v2\/types\/product"}],"replies":[{"embeddable":true,"href":"https:\/\/tavapy.gov.py\/biblioteca\/wp-json\/wp\/v2\/comments?post=5350"}],"wp:featuredmedia":[{"embeddable":true,"href":"https:\/\/tavapy.gov.py\/biblioteca\/wp-json\/wp\/v2\/media\/5254"}],"wp:attachment":[{"href":"https:\/\/tavapy.gov.py\/biblioteca\/wp-json\/wp\/v2\/media?parent=5350"}],"wp:term":[{"taxonomy":"product_cat","embeddable":true,"href":"https:\/\/tavapy.gov.py\/biblioteca\/wp-json\/wp\/v2\/product_cat?post=5350"},{"taxonomy":"product_tag","embeddable":true,"href":"https:\/\/tavapy.gov.py\/biblioteca\/wp-json\/wp\/v2\/product_tag?post=5350"}],"curies":[{"name":"wp","href":"https:\/\/api.w.org\/{rel}","templated":true}]}}