{"id":5353,"date":"2022-05-25T01:56:04","date_gmt":"2022-05-25T01:56:04","guid":{"rendered":"https:\/\/tavapy.gov.py\/biblioteca\/?post_type=product&#038;p=5353"},"modified":"2022-05-25T01:56:05","modified_gmt":"2022-05-25T01:56:05","slug":"neurociencia-en-el-aula","status":"publish","type":"product","link":"https:\/\/tavapy.gov.py\/biblioteca\/product\/neurociencia-en-el-aula\/","title":{"rendered":"NEUROCIENCIA EN EL AULA."},"content":{"rendered":"","protected":false},"excerpt":{"rendered":"<p>Una nueva educaci\u00f3n es posible y necesaria. Pero ello requiere ir m\u00e1s all\u00e1 de lo cognitivo y atender las necesidades sociales, emocionales y f\u00edsicas de todos los ni\u00f1os y adolescentes. Esta nueva mirada nos la suministra la neuroeducaci\u00f3n, un enfoque integrador y transdisciplinar cuyo objetivo es mejorar los procesos de ense\u00f1anza y aprendizaje a partir de los conocimientos cient\u00edficos alrededor del funcionamiento del cerebro.<\/p>\n<p>Este texto publicado en el 2.017 analiza muchas aplicaciones pr\u00e1cticas que pueden ayudar a cualquier persona vinculada a la educaci\u00f3n a descubrir qu\u00e9 significa aprender con todo nuestro potencial.<\/p>\n<p><a href=\"https:\/\/tavapy.gov.py\/biblioteca\/wp-content\/uploads\/2022\/05\/GuillenJ-Neuroeducacion-en-el-aula.pdf\" target=\"_blank\" rel=\"attachment noopener wp-att-5312\"><img loading=\"lazy\" decoding=\"async\" class=\"size-full wp-image-5312 alignleft\" src=\"https:\/\/tavapy.gov.py\/biblioteca\/wp-content\/uploads\/2022\/05\/icono-PDF-copia-2.png\" alt=\"\" width=\"121\" height=\"140\" \/><\/a><\/p>\n","protected":false},"featured_media":5250,"comment_status":"open","ping_status":"closed","template":"","meta":{"spay_email":""},"product_cat":[337],"product_tag":[],"class_list":{"0":"post-5353","1":"product","2":"type-product","3":"status-publish","4":"has-post-thumbnail","6":"book_author-jesus-guillen","7":"product_cat-educacion-neurociencia","8":"entry"},"_links":{"self":[{"href":"https:\/\/tavapy.gov.py\/biblioteca\/wp-json\/wp\/v2\/product\/5353","targetHints":{"allow":["GET"]}}],"collection":[{"href":"https:\/\/tavapy.gov.py\/biblioteca\/wp-json\/wp\/v2\/product"}],"about":[{"href":"https:\/\/tavapy.gov.py\/biblioteca\/wp-json\/wp\/v2\/types\/product"}],"replies":[{"embeddable":true,"href":"https:\/\/tavapy.gov.py\/biblioteca\/wp-json\/wp\/v2\/comments?post=5353"}],"wp:featuredmedia":[{"embeddable":true,"href":"https:\/\/tavapy.gov.py\/biblioteca\/wp-json\/wp\/v2\/media\/5250"}],"wp:attachment":[{"href":"https:\/\/tavapy.gov.py\/biblioteca\/wp-json\/wp\/v2\/media?parent=5353"}],"wp:term":[{"taxonomy":"product_cat","embeddable":true,"href":"https:\/\/tavapy.gov.py\/biblioteca\/wp-json\/wp\/v2\/product_cat?post=5353"},{"taxonomy":"product_tag","embeddable":true,"href":"https:\/\/tavapy.gov.py\/biblioteca\/wp-json\/wp\/v2\/product_tag?post=5353"}],"curies":[{"name":"wp","href":"https:\/\/api.w.org\/{rel}","templated":true}]}}