{"id":5354,"date":"2022-05-25T02:00:15","date_gmt":"2022-05-25T02:00:15","guid":{"rendered":"https:\/\/tavapy.gov.py\/biblioteca\/?post_type=product&#038;p=5354"},"modified":"2022-05-25T02:00:17","modified_gmt":"2022-05-25T02:00:17","slug":"entrenando-la-memoria-para-estudiar-con-exito","status":"publish","type":"product","link":"https:\/\/tavapy.gov.py\/biblioteca\/product\/entrenando-la-memoria-para-estudiar-con-exito\/","title":{"rendered":"ENTRENANDO LA MEMORIA PARA ESTUDIAR CON \u00c9XITO."},"content":{"rendered":"","protected":false},"excerpt":{"rendered":"<p>\u00bfExiste un secreto para tener \u00e9xito en los estudios? La respuesta es afirmativa. Este libro publicado en el 2.015, constituye una Gu\u00eda pr\u00e1ctica, y de f\u00e1cil manejo, que identifica y aborda aquellas \u00e1reas en las que la mayor\u00eda de estudiantes requiere de ayuda, aportando las competencias b\u00e1sicas de memoria y las estrategias inteligentes que son esenciales tanto en la vida diaria como en el aprendizaje.<\/p>\n<p>Brinda al lector una serie de habilidades, trucos, herramientas, t\u00e9cnicas y soluciones para maximizar el rendimiento, y para que los estudiantes sean capaces de planificar, organizar, evaluar y, por tanto mejorar, su actividad estudiantil.<\/p>\n<p>Entrenando la memoria para estudiar con \u00e9xito, en sus 14 cap\u00edtulos, incluye estas cinco partes:<\/p>\n<p>&#8211; C\u00f3mo desarrollar un planteamiento inteligente y eficaz del aprendizaje, sacando el m\u00e1ximo partido del cerebro.<\/p>\n<p>&#8211; C\u00f3mo usar t\u00e9cnicas de memoria para liberarse del estr\u00e9s y sacar adelante el estudio en todas sus formas.<\/p>\n<p>&#8211; C\u00f3mo identificar qu\u00e9 t\u00e9cnicas de memoria funcionan mejor y c\u00f3mo hacerlas funcionar.<\/p>\n<p>&#8211; C\u00f3mo entrenar y ejercitar el cerebro para mantenerlo en plena forma.<\/p>\n<p>&#8211; C\u00f3mo retener los contenidos de modo eficaz para rendir bien en los ex\u00e1menes.<\/p>\n<p><a href=\"https:\/\/tavapy.gov.py\/biblioteca\/wp-content\/uploads\/2022\/05\/HancockJ-Entrenando-la-memoria-para-estudiar-con-exito.pdf\" target=\"_blank\" rel=\"attachment noopener wp-att-5312\"><img loading=\"lazy\" decoding=\"async\" class=\"size-full wp-image-5312 alignleft\" src=\"https:\/\/tavapy.gov.py\/biblioteca\/wp-content\/uploads\/2022\/05\/icono-PDF-copia-2.png\" alt=\"\" width=\"121\" height=\"140\" \/><\/a><\/p>\n","protected":false},"featured_media":5246,"comment_status":"open","ping_status":"closed","template":"","meta":{"spay_email":""},"product_cat":[362],"product_tag":[],"class_list":{"0":"post-5354","1":"product","2":"type-product","3":"status-publish","4":"has-post-thumbnail","6":"product_cat-psicologia-cognicion","7":"entry"},"_links":{"self":[{"href":"https:\/\/tavapy.gov.py\/biblioteca\/wp-json\/wp\/v2\/product\/5354","targetHints":{"allow":["GET"]}}],"collection":[{"href":"https:\/\/tavapy.gov.py\/biblioteca\/wp-json\/wp\/v2\/product"}],"about":[{"href":"https:\/\/tavapy.gov.py\/biblioteca\/wp-json\/wp\/v2\/types\/product"}],"replies":[{"embeddable":true,"href":"https:\/\/tavapy.gov.py\/biblioteca\/wp-json\/wp\/v2\/comments?post=5354"}],"wp:featuredmedia":[{"embeddable":true,"href":"https:\/\/tavapy.gov.py\/biblioteca\/wp-json\/wp\/v2\/media\/5246"}],"wp:attachment":[{"href":"https:\/\/tavapy.gov.py\/biblioteca\/wp-json\/wp\/v2\/media?parent=5354"}],"wp:term":[{"taxonomy":"product_cat","embeddable":true,"href":"https:\/\/tavapy.gov.py\/biblioteca\/wp-json\/wp\/v2\/product_cat?post=5354"},{"taxonomy":"product_tag","embeddable":true,"href":"https:\/\/tavapy.gov.py\/biblioteca\/wp-json\/wp\/v2\/product_tag?post=5354"}],"curies":[{"name":"wp","href":"https:\/\/api.w.org\/{rel}","templated":true}]}}