{"id":5355,"date":"2022-05-25T02:10:35","date_gmt":"2022-05-25T02:10:35","guid":{"rendered":"https:\/\/tavapy.gov.py\/biblioteca\/?post_type=product&#038;p=5355"},"modified":"2022-05-25T02:10:36","modified_gmt":"2022-05-25T02:10:36","slug":"usted-puede-sanar-su-vida","status":"publish","type":"product","link":"https:\/\/tavapy.gov.py\/biblioteca\/product\/usted-puede-sanar-su-vida\/","title":{"rendered":"USTED PUEDE SANAR SU VIDA."},"content":{"rendered":"","protected":false},"excerpt":{"rendered":"<p>El gran cl\u00e1sico de Louise L. Hay, un bestseller que inici\u00f3 el movimiento de crecimiento personal en todo el mundo y que hoy d\u00eda se sigue editando en m\u00e1s de treinta pa\u00edses.<\/p>\n<p>El planteamiento del libro es muy sencillo: todos tenemos el poder de transformar nuestra vida porque los pensamientos conforman la realidad de cada cual. A partir de esta idea, la autora propone un m\u00e9todo de autotransformaci\u00f3n que ense\u00f1a no s\u00f3lo a crear paz y armon\u00eda tanto interior como exterior sino a descubrir el significado de la aut\u00e9ntica autoestima.<\/p>\n<p>Usted puede sanar su vida, libro publicado en 1.984 no ha perdido vigencia con el paso de los a\u00f1os; al contrario, las m\u00e1s modernas teor\u00edas cient\u00edficas corroboran sus planteamientos. Muchos autores han recuperado las ideas de Hay con posterioridad, pero ninguno ha sabido exponerlos con tanta sencillez y acierto.<\/p>\n<p><a href=\"https:\/\/tavapy.gov.py\/biblioteca\/wp-content\/uploads\/2022\/05\/HayL-Tu-Puedes-Sanar-tuVida.pdf\" target=\"_blank\" rel=\"attachment noopener wp-att-5312\"><img loading=\"lazy\" decoding=\"async\" class=\"size-full wp-image-5312 alignleft\" src=\"https:\/\/tavapy.gov.py\/biblioteca\/wp-content\/uploads\/2022\/05\/icono-PDF-copia-2.png\" alt=\"\" width=\"121\" height=\"140\" \/><\/a><\/p>\n","protected":false},"featured_media":5245,"comment_status":"open","ping_status":"closed","template":"","meta":{"spay_email":""},"product_cat":[205],"product_tag":[],"class_list":{"0":"post-5355","1":"product","2":"type-product","3":"status-publish","4":"has-post-thumbnail","6":"book_author-louise-hay","7":"product_cat-autoayuda-desarrollo-humano","8":"entry"},"_links":{"self":[{"href":"https:\/\/tavapy.gov.py\/biblioteca\/wp-json\/wp\/v2\/product\/5355","targetHints":{"allow":["GET"]}}],"collection":[{"href":"https:\/\/tavapy.gov.py\/biblioteca\/wp-json\/wp\/v2\/product"}],"about":[{"href":"https:\/\/tavapy.gov.py\/biblioteca\/wp-json\/wp\/v2\/types\/product"}],"replies":[{"embeddable":true,"href":"https:\/\/tavapy.gov.py\/biblioteca\/wp-json\/wp\/v2\/comments?post=5355"}],"wp:featuredmedia":[{"embeddable":true,"href":"https:\/\/tavapy.gov.py\/biblioteca\/wp-json\/wp\/v2\/media\/5245"}],"wp:attachment":[{"href":"https:\/\/tavapy.gov.py\/biblioteca\/wp-json\/wp\/v2\/media?parent=5355"}],"wp:term":[{"taxonomy":"product_cat","embeddable":true,"href":"https:\/\/tavapy.gov.py\/biblioteca\/wp-json\/wp\/v2\/product_cat?post=5355"},{"taxonomy":"product_tag","embeddable":true,"href":"https:\/\/tavapy.gov.py\/biblioteca\/wp-json\/wp\/v2\/product_tag?post=5355"}],"curies":[{"name":"wp","href":"https:\/\/api.w.org\/{rel}","templated":true}]}}