{"id":5357,"date":"2022-05-25T02:19:39","date_gmt":"2022-05-25T02:19:39","guid":{"rendered":"https:\/\/tavapy.gov.py\/biblioteca\/?post_type=product&#038;p=5357"},"modified":"2022-05-25T02:19:40","modified_gmt":"2022-05-25T02:19:40","slug":"el-juego-de-lo-posible","status":"publish","type":"product","link":"https:\/\/tavapy.gov.py\/biblioteca\/product\/el-juego-de-lo-posible\/","title":{"rendered":"EL JUEGO DE LO POSIBLE."},"content":{"rendered":"","protected":false},"excerpt":{"rendered":"<p>El juego de lo posible, obra publicada en 1.981 es, sin exageraci\u00f3n, una obra maestra que re\u00fane con elegancia y sutileza el conocimiento cient\u00edfico y la sabidur\u00eda de la vida. En pocas p\u00e1ginas, Fran\u00e7ois Jacob explica con gran sencillez temas tan importantes como la relaci\u00f3n entre mito y ciencia, la teor\u00eda de la evoluci\u00f3n y el azar, la funci\u00f3n biol\u00f3gica del sexo, la muerte, la conformaci\u00f3n cerebral del hombre, el desarrollo del embri\u00f3n y la ingenier\u00eda gen\u00e9tica entre otros.<\/p>\n<p>Y junto a todo ello nos alerta contra el peligro de la inmovilidad del pensamiento, el af\u00e1n de tener raz\u00f3n, la b\u00fasqueda de absolutos, la ignorancia.<\/p>\n<p>Nos invita, en cambio, a ver la vida y las creaciones humanas desde el \u201cjuego de lo posible\u201d, desde la oportunidad de aprovechar el azar, nos impulsa, en fin, a aventurarnos en el conocimiento de la vida y a vivir la propia existencia imaginando un futuro mejor.<\/p>\n<p><a href=\"https:\/\/tavapy.gov.py\/biblioteca\/wp-content\/uploads\/2022\/05\/JacobF-El-juego-de-lo-posible.pdf\" target=\"_blank\" rel=\"attachment noopener wp-att-5312\"><img loading=\"lazy\" decoding=\"async\" class=\"size-full wp-image-5312 alignleft\" src=\"https:\/\/tavapy.gov.py\/biblioteca\/wp-content\/uploads\/2022\/05\/icono-PDF-copia-2.png\" alt=\"\" width=\"121\" height=\"140\" \/><\/a><\/p>\n","protected":false},"featured_media":5239,"comment_status":"open","ping_status":"closed","template":"","meta":{"spay_email":""},"product_cat":[513],"product_tag":[],"class_list":{"0":"post-5357","1":"product","2":"type-product","3":"status-publish","4":"has-post-thumbnail","6":"book_author-francois-jacob","7":"product_cat-biologia-evolucion","8":"entry"},"_links":{"self":[{"href":"https:\/\/tavapy.gov.py\/biblioteca\/wp-json\/wp\/v2\/product\/5357","targetHints":{"allow":["GET"]}}],"collection":[{"href":"https:\/\/tavapy.gov.py\/biblioteca\/wp-json\/wp\/v2\/product"}],"about":[{"href":"https:\/\/tavapy.gov.py\/biblioteca\/wp-json\/wp\/v2\/types\/product"}],"replies":[{"embeddable":true,"href":"https:\/\/tavapy.gov.py\/biblioteca\/wp-json\/wp\/v2\/comments?post=5357"}],"wp:featuredmedia":[{"embeddable":true,"href":"https:\/\/tavapy.gov.py\/biblioteca\/wp-json\/wp\/v2\/media\/5239"}],"wp:attachment":[{"href":"https:\/\/tavapy.gov.py\/biblioteca\/wp-json\/wp\/v2\/media?parent=5357"}],"wp:term":[{"taxonomy":"product_cat","embeddable":true,"href":"https:\/\/tavapy.gov.py\/biblioteca\/wp-json\/wp\/v2\/product_cat?post=5357"},{"taxonomy":"product_tag","embeddable":true,"href":"https:\/\/tavapy.gov.py\/biblioteca\/wp-json\/wp\/v2\/product_tag?post=5357"}],"curies":[{"name":"wp","href":"https:\/\/api.w.org\/{rel}","templated":true}]}}