{"id":5358,"date":"2022-05-25T02:23:58","date_gmt":"2022-05-25T02:23:58","guid":{"rendered":"https:\/\/tavapy.gov.py\/biblioteca\/?post_type=product&#038;p=5358"},"modified":"2022-05-25T02:23:58","modified_gmt":"2022-05-25T02:23:58","slug":"usar-el-cerebro","status":"publish","type":"product","link":"https:\/\/tavapy.gov.py\/biblioteca\/product\/usar-el-cerebro\/","title":{"rendered":"USAR EL CEREBRO."},"content":{"rendered":"","protected":false},"excerpt":{"rendered":"<p>\u00bfC\u00f3mo tomamos cada una de nuestras decisiones? \u00bfQu\u00e9 es la conciencia? \u00bfY qu\u00e9 son las emociones? \u00bfDe d\u00f3nde viene la inteligencia? El cerebro humano es la estructura m\u00e1s compleja del universo, tanto que se propone el desaf\u00edo de entenderse a s\u00ed mismo. Todo lo que hacemos depende de esta m\u00e1quina que contiene m\u00e1s neuronas que las estrellas que existen en nuestra galaxia. Hasta hace solo algunas d\u00e9cadas estas inc\u00f3gnitas eran abordadas \u00fanicamente por fil\u00f3sofos, artistas, l\u00edderes religiosos y cient\u00edficos que trabajaban de manera aislada.<\/p>\n<p>Sin embargo, en los \u00faltimos a\u00f1os las neurociencias emergieron como una nueva herramienta para intentar entender estos y otros enigmas. Por tratarse de una disciplina tan importante, ligada a preguntas e interrogantes vitales, es fundamental que su trabajo y sus logros no queden atrapados en laboratorios, sino que sean conocidos y compartidos por todos y cada uno de nosotros.<\/p>\n<p>Por eso, un libro como Usar el cerebro, publicado en el 2.014 se vuelve indispensable. Porque Facundo Manes una autoridad internacional en el tema de la mano de Mateo Niro, no solo deja en claro que el estudio neurocient\u00edfico resulta tan apasionante como innovador, sino tambi\u00e9n que, m\u00e1s all\u00e1 de sus alcances, ha logrado progresos y descubrimientos que permitieron enriquecer la calidad de vida de millones de personas. En pocas palabras: conocer nuestra mente para vivir mejor.<\/p>\n<p><a href=\"https:\/\/tavapy.gov.py\/biblioteca\/wp-content\/uploads\/2022\/05\/ManesF-Usar-el-cerebro.pdf\" target=\"_blank\" rel=\"attachment noopener wp-att-5312\"><img loading=\"lazy\" decoding=\"async\" class=\"size-full wp-image-5312 alignleft\" src=\"https:\/\/tavapy.gov.py\/biblioteca\/wp-content\/uploads\/2022\/05\/icono-PDF-copia-2.png\" alt=\"\" width=\"121\" height=\"140\" \/><\/a><\/p>\n","protected":false},"featured_media":5236,"comment_status":"open","ping_status":"closed","template":"","meta":{"spay_email":""},"product_cat":[129],"product_tag":[],"class_list":{"0":"post-5358","1":"product","2":"type-product","3":"status-publish","4":"has-post-thumbnail","6":"book_author-facundo-manes","7":"product_cat-neurociencia","8":"entry"},"_links":{"self":[{"href":"https:\/\/tavapy.gov.py\/biblioteca\/wp-json\/wp\/v2\/product\/5358","targetHints":{"allow":["GET"]}}],"collection":[{"href":"https:\/\/tavapy.gov.py\/biblioteca\/wp-json\/wp\/v2\/product"}],"about":[{"href":"https:\/\/tavapy.gov.py\/biblioteca\/wp-json\/wp\/v2\/types\/product"}],"replies":[{"embeddable":true,"href":"https:\/\/tavapy.gov.py\/biblioteca\/wp-json\/wp\/v2\/comments?post=5358"}],"wp:featuredmedia":[{"embeddable":true,"href":"https:\/\/tavapy.gov.py\/biblioteca\/wp-json\/wp\/v2\/media\/5236"}],"wp:attachment":[{"href":"https:\/\/tavapy.gov.py\/biblioteca\/wp-json\/wp\/v2\/media?parent=5358"}],"wp:term":[{"taxonomy":"product_cat","embeddable":true,"href":"https:\/\/tavapy.gov.py\/biblioteca\/wp-json\/wp\/v2\/product_cat?post=5358"},{"taxonomy":"product_tag","embeddable":true,"href":"https:\/\/tavapy.gov.py\/biblioteca\/wp-json\/wp\/v2\/product_tag?post=5358"}],"curies":[{"name":"wp","href":"https:\/\/api.w.org\/{rel}","templated":true}]}}