{"id":5360,"date":"2022-05-25T14:35:52","date_gmt":"2022-05-25T14:35:52","guid":{"rendered":"https:\/\/tavapy.gov.py\/biblioteca\/?post_type=product&#038;p=5360"},"modified":"2022-05-25T14:35:52","modified_gmt":"2022-05-25T14:35:52","slug":"el-hombre-autorrealizado-hacia-una-psicologia-del-ser","status":"publish","type":"product","link":"https:\/\/tavapy.gov.py\/biblioteca\/product\/el-hombre-autorrealizado-hacia-una-psicologia-del-ser\/","title":{"rendered":"EL HOMBRE AUTORREALIZADO. HACIA UNA PSICOLOG\u00cdA DEL SER."},"content":{"rendered":"","protected":false},"excerpt":{"rendered":"<p>El hombre autorrealizado publicado en 1.962 ha sido considerado como uno de los libros m\u00e1s importantes de la nueva cultura. La tesis de Maslow es que los seres humanos comienzan a dirigirse hacia la autorrealizaci\u00f3n en cuanto quedan satisfechas sus necesidades b\u00e1sicas de comida, ropa y vivienda.<\/p>\n<p>Maslow contrapone la psicolog\u00eda de adaptaci\u00f3n al medio ambiente -que le parece est\u00e1tica, incompleta y sobrepasada- con una psicolog\u00eda din\u00e1mica que entiende que el hombre s\u00f3lo est\u00e1 sano cuando se autorrealiza creativamente.<\/p>\n<p>El presupuesto b\u00e1sico de la autorrealizaci\u00f3n es que, suprimidos los mecanismos de defensa, el animal humano no tiende a la autodestrucci\u00f3n sino a una nueva expresividad creadora que sobrepasa la antinomia de los contrarios.<\/p>\n<p>Esta nueva expresividad creadora se pone de manifiesto en lo que Maslow denomina \u00abexperiencias cumbre\u00bb: momentos privilegiados en los que cada uno de nosotros es llevado m\u00e1s all\u00e1 de s\u00ed mismo, ya sea a trav\u00e9s de la v\u00eda est\u00e9tica, intelectual, er\u00f3tica, religiosa o simplemente cotidiana.<\/p>\n<p><a href=\"https:\/\/tavapy.gov.py\/biblioteca\/wp-content\/uploads\/2022\/05\/MaslowA-El-hombre-autorrealizado.pdf\" target=\"_blank\" rel=\"attachment noopener wp-att-5312\"><img loading=\"lazy\" decoding=\"async\" class=\"size-full wp-image-5312 alignleft\" src=\"https:\/\/tavapy.gov.py\/biblioteca\/wp-content\/uploads\/2022\/05\/icono-PDF-copia-2.png\" alt=\"\" width=\"121\" height=\"140\" \/><\/a><\/p>\n","protected":false},"featured_media":5235,"comment_status":"open","ping_status":"closed","template":"","meta":{"spay_email":""},"product_cat":[67],"product_tag":[],"class_list":{"0":"post-5360","1":"product","2":"type-product","3":"status-publish","4":"has-post-thumbnail","6":"book_author-abraham-maslow","7":"product_cat-psicologia","8":"entry"},"_links":{"self":[{"href":"https:\/\/tavapy.gov.py\/biblioteca\/wp-json\/wp\/v2\/product\/5360","targetHints":{"allow":["GET"]}}],"collection":[{"href":"https:\/\/tavapy.gov.py\/biblioteca\/wp-json\/wp\/v2\/product"}],"about":[{"href":"https:\/\/tavapy.gov.py\/biblioteca\/wp-json\/wp\/v2\/types\/product"}],"replies":[{"embeddable":true,"href":"https:\/\/tavapy.gov.py\/biblioteca\/wp-json\/wp\/v2\/comments?post=5360"}],"wp:featuredmedia":[{"embeddable":true,"href":"https:\/\/tavapy.gov.py\/biblioteca\/wp-json\/wp\/v2\/media\/5235"}],"wp:attachment":[{"href":"https:\/\/tavapy.gov.py\/biblioteca\/wp-json\/wp\/v2\/media?parent=5360"}],"wp:term":[{"taxonomy":"product_cat","embeddable":true,"href":"https:\/\/tavapy.gov.py\/biblioteca\/wp-json\/wp\/v2\/product_cat?post=5360"},{"taxonomy":"product_tag","embeddable":true,"href":"https:\/\/tavapy.gov.py\/biblioteca\/wp-json\/wp\/v2\/product_tag?post=5360"}],"curies":[{"name":"wp","href":"https:\/\/api.w.org\/{rel}","templated":true}]}}