{"id":5361,"date":"2022-05-25T14:42:12","date_gmt":"2022-05-25T14:42:12","guid":{"rendered":"https:\/\/tavapy.gov.py\/biblioteca\/?post_type=product&#038;p=5361"},"modified":"2022-05-25T14:42:12","modified_gmt":"2022-05-25T14:42:12","slug":"la-personalidad-creadora","status":"publish","type":"product","link":"https:\/\/tavapy.gov.py\/biblioteca\/product\/la-personalidad-creadora\/","title":{"rendered":"LA PERSONALIDAD CREADORA."},"content":{"rendered":"","protected":false},"excerpt":{"rendered":"<p>\u00c9sta es la obra p\u00f3stuma y recopiladora del famoso psic\u00f3logo Abraham Maslow, publicada en 1.971. Todas las l\u00edneas de pensamiento expuestas en El hombre autorrealizado abocan aqu\u00ed a sus \u00faltimas consecuencias.<\/p>\n<p>En este libro se trata de biolog\u00eda, sinergia, creatividad, conocimiento, jerarqu\u00eda de necesidades, relaci\u00f3n entre experiencia vivencial y conocimiento, papel de la ciencia en la naturaleza humana, y, sobre todo, extensi\u00f3n hasta el l\u00edmite de esta naturaleza humana.<\/p>\n<p><a href=\"https:\/\/tavapy.gov.py\/biblioteca\/wp-content\/uploads\/2022\/05\/MaslowA-La-personalidad-creadora.pdf\" target=\"_blank\" rel=\"attachment noopener wp-att-5312\"><img loading=\"lazy\" decoding=\"async\" class=\"size-full wp-image-5312 alignleft\" src=\"https:\/\/tavapy.gov.py\/biblioteca\/wp-content\/uploads\/2022\/05\/icono-PDF-copia-2.png\" alt=\"\" width=\"121\" height=\"140\" \/><\/a><\/p>\n","protected":false},"featured_media":5232,"comment_status":"open","ping_status":"closed","template":"","meta":{"spay_email":""},"product_cat":[67],"product_tag":[],"class_list":{"0":"post-5361","1":"product","2":"type-product","3":"status-publish","4":"has-post-thumbnail","6":"book_author-abraham-maslow","7":"product_cat-psicologia","8":"entry"},"_links":{"self":[{"href":"https:\/\/tavapy.gov.py\/biblioteca\/wp-json\/wp\/v2\/product\/5361","targetHints":{"allow":["GET"]}}],"collection":[{"href":"https:\/\/tavapy.gov.py\/biblioteca\/wp-json\/wp\/v2\/product"}],"about":[{"href":"https:\/\/tavapy.gov.py\/biblioteca\/wp-json\/wp\/v2\/types\/product"}],"replies":[{"embeddable":true,"href":"https:\/\/tavapy.gov.py\/biblioteca\/wp-json\/wp\/v2\/comments?post=5361"}],"wp:featuredmedia":[{"embeddable":true,"href":"https:\/\/tavapy.gov.py\/biblioteca\/wp-json\/wp\/v2\/media\/5232"}],"wp:attachment":[{"href":"https:\/\/tavapy.gov.py\/biblioteca\/wp-json\/wp\/v2\/media?parent=5361"}],"wp:term":[{"taxonomy":"product_cat","embeddable":true,"href":"https:\/\/tavapy.gov.py\/biblioteca\/wp-json\/wp\/v2\/product_cat?post=5361"},{"taxonomy":"product_tag","embeddable":true,"href":"https:\/\/tavapy.gov.py\/biblioteca\/wp-json\/wp\/v2\/product_tag?post=5361"}],"curies":[{"name":"wp","href":"https:\/\/api.w.org\/{rel}","templated":true}]}}