{"id":5363,"date":"2022-05-25T14:46:07","date_gmt":"2022-05-25T14:46:07","guid":{"rendered":"https:\/\/tavapy.gov.py\/biblioteca\/?post_type=product&#038;p=5363"},"modified":"2022-05-25T14:46:08","modified_gmt":"2022-05-25T14:46:08","slug":"motivacion-y-personalidad","status":"publish","type":"product","link":"https:\/\/tavapy.gov.py\/biblioteca\/product\/motivacion-y-personalidad\/","title":{"rendered":"MOTIVACI\u00d3N Y PERSONALIDAD."},"content":{"rendered":"","protected":false},"excerpt":{"rendered":"<p>\u00abUna vez satisfechas las necesidades fisiol\u00f3gicas, surgen otras que dominan. Cuando las necesidades fisiol\u00f3gicas est\u00e1n relativamente bien atendidas, surge luego un nuevo conjunto de necesidades, que pueden categorizarse de forma general como necesidades de seguridad\u00bb.<\/p>\n<p>\u00abUn hombre, es este estado, si es suficientemente extremo y cr\u00f3nico, se puede caracterizar por vivir preocupado exclusivamente de la seguridad\u00bb.<\/p>\n<p>Obra publicada en 1.954.<\/p>\n<p><a href=\"https:\/\/tavapy.gov.py\/biblioteca\/wp-content\/uploads\/2022\/05\/MaslowA-Motivacion-y-Personalidad.pdf\" target=\"_blank\" rel=\"attachment noopener wp-att-5312\"><img loading=\"lazy\" decoding=\"async\" class=\"size-full wp-image-5312 alignleft\" src=\"https:\/\/tavapy.gov.py\/biblioteca\/wp-content\/uploads\/2022\/05\/icono-PDF-copia-2.png\" alt=\"\" width=\"121\" height=\"140\" \/><\/a><\/p>\n","protected":false},"featured_media":5231,"comment_status":"open","ping_status":"closed","template":"","meta":{"spay_email":""},"product_cat":[67],"product_tag":[],"class_list":{"0":"post-5363","1":"product","2":"type-product","3":"status-publish","4":"has-post-thumbnail","6":"book_author-abraham-maslow","7":"product_cat-psicologia","8":"entry"},"_links":{"self":[{"href":"https:\/\/tavapy.gov.py\/biblioteca\/wp-json\/wp\/v2\/product\/5363","targetHints":{"allow":["GET"]}}],"collection":[{"href":"https:\/\/tavapy.gov.py\/biblioteca\/wp-json\/wp\/v2\/product"}],"about":[{"href":"https:\/\/tavapy.gov.py\/biblioteca\/wp-json\/wp\/v2\/types\/product"}],"replies":[{"embeddable":true,"href":"https:\/\/tavapy.gov.py\/biblioteca\/wp-json\/wp\/v2\/comments?post=5363"}],"wp:featuredmedia":[{"embeddable":true,"href":"https:\/\/tavapy.gov.py\/biblioteca\/wp-json\/wp\/v2\/media\/5231"}],"wp:attachment":[{"href":"https:\/\/tavapy.gov.py\/biblioteca\/wp-json\/wp\/v2\/media?parent=5363"}],"wp:term":[{"taxonomy":"product_cat","embeddable":true,"href":"https:\/\/tavapy.gov.py\/biblioteca\/wp-json\/wp\/v2\/product_cat?post=5363"},{"taxonomy":"product_tag","embeddable":true,"href":"https:\/\/tavapy.gov.py\/biblioteca\/wp-json\/wp\/v2\/product_tag?post=5363"}],"curies":[{"name":"wp","href":"https:\/\/api.w.org\/{rel}","templated":true}]}}