{"id":5364,"date":"2022-05-25T14:57:44","date_gmt":"2022-05-25T14:57:44","guid":{"rendered":"https:\/\/tavapy.gov.py\/biblioteca\/?post_type=product&#038;p=5364"},"modified":"2022-05-25T14:59:01","modified_gmt":"2022-05-25T14:59:01","slug":"el-arbol-del-conocimiento","status":"publish","type":"product","link":"https:\/\/tavapy.gov.py\/biblioteca\/product\/el-arbol-del-conocimiento\/","title":{"rendered":"EL \u00c1RBOL DEL CONOCIMIENTO."},"content":{"rendered":"","protected":false},"excerpt":{"rendered":"<p>La vida humana transcurre en un universo de significados (perceptuales). Es nuestra condici\u00f3n existencial. Interactuar socialmente en dominios de significados mutuamente complementarios es comunicarse; inversamente, interactuar en base a significados incompatibles entre s\u00ed trae consigo la incomunicaci\u00f3n.<\/p>\n<p>Lo esencial, sin embargo, que debe tenerse siempre presente, es la unicidad de la naturaleza humana. Lo que nos hermana a todos los hombres de todos los tiempos es la manera c\u00f3mo hacemos surgir en nosotros nuestros significados existenciales, la manera en que \u00e9stos son creados, generados, estabilizados, transformados. Es precisamente el conocimiento de este proceso de aprendizaje social (c\u00f3mo conocemos o, en otras palabras, c\u00f3mo surge en nosotros el mundo que vivimos, nuestra particular autoconciencia) el fundamento para la comprensi\u00f3n universal del hombre por el hombre.<\/p>\n<p>La naturaleza del conocimiento humano nunca se nos ha negado como fruta prohibida; por el contrario, el conocimiento es lo constitutivo del ser viviente, lo propio del ser hombre, y el conocimiento de s\u00ed mismo, su semilla m\u00e1s profunda.<\/p>\n<p>La obra el \u00c1rbol del Conocimiento fue publicada en 1.984.<\/p>\n<p><a href=\"https:\/\/tavapy.gov.py\/biblioteca\/wp-content\/uploads\/2022\/05\/MaturanaH-El-arbol-del-conocimiento.pdf\" target=\"_blank\" rel=\"attachment noopener wp-att-5312\"><img loading=\"lazy\" decoding=\"async\" class=\"size-full wp-image-5312 alignleft\" src=\"https:\/\/tavapy.gov.py\/biblioteca\/wp-content\/uploads\/2022\/05\/icono-PDF-copia-2.png\" alt=\"\" width=\"121\" height=\"140\" \/><\/a><\/p>\n","protected":false},"featured_media":5365,"comment_status":"open","ping_status":"closed","template":"","meta":{"spay_email":""},"product_cat":[643],"product_tag":[],"class_list":{"0":"post-5364","1":"product","2":"type-product","3":"status-publish","4":"has-post-thumbnail","6":"book_author-humberto-maturana","7":"product_cat-biologia-moderna-cognicion-humana","8":"entry"},"_links":{"self":[{"href":"https:\/\/tavapy.gov.py\/biblioteca\/wp-json\/wp\/v2\/product\/5364","targetHints":{"allow":["GET"]}}],"collection":[{"href":"https:\/\/tavapy.gov.py\/biblioteca\/wp-json\/wp\/v2\/product"}],"about":[{"href":"https:\/\/tavapy.gov.py\/biblioteca\/wp-json\/wp\/v2\/types\/product"}],"replies":[{"embeddable":true,"href":"https:\/\/tavapy.gov.py\/biblioteca\/wp-json\/wp\/v2\/comments?post=5364"}],"wp:featuredmedia":[{"embeddable":true,"href":"https:\/\/tavapy.gov.py\/biblioteca\/wp-json\/wp\/v2\/media\/5365"}],"wp:attachment":[{"href":"https:\/\/tavapy.gov.py\/biblioteca\/wp-json\/wp\/v2\/media?parent=5364"}],"wp:term":[{"taxonomy":"product_cat","embeddable":true,"href":"https:\/\/tavapy.gov.py\/biblioteca\/wp-json\/wp\/v2\/product_cat?post=5364"},{"taxonomy":"product_tag","embeddable":true,"href":"https:\/\/tavapy.gov.py\/biblioteca\/wp-json\/wp\/v2\/product_tag?post=5364"}],"curies":[{"name":"wp","href":"https:\/\/api.w.org\/{rel}","templated":true}]}}