{"id":5367,"date":"2022-05-25T15:05:59","date_gmt":"2022-05-25T15:05:59","guid":{"rendered":"https:\/\/tavapy.gov.py\/biblioteca\/?post_type=product&#038;p=5367"},"modified":"2022-05-25T15:05:59","modified_gmt":"2022-05-25T15:05:59","slug":"el-azar-y-la-necesidad","status":"publish","type":"product","link":"https:\/\/tavapy.gov.py\/biblioteca\/product\/el-azar-y-la-necesidad\/","title":{"rendered":"EL AZAR Y LA NECESIDAD."},"content":{"rendered":"","protected":false},"excerpt":{"rendered":"<p>Algunos a\u00f1os despu\u00e9s de obtener el Premio Nobel de Fisiolog\u00eda y Medicina, Jacques Monod sorprendi\u00f3 a toda la comunidad cient\u00edfica y filos\u00f3fica con este pol\u00e9mico ensayo en el que introduc\u00eda nociones tan heterodoxas como las de \u00abazar\u00bb y \u00abnecesidad\u00bb a la hora de estudiar los seres vivos.<\/p>\n<p>Adem\u00e1s de ofrecer iluminadoras respuestas a cuestiones tan fundamentales de la biolog\u00eda contempor\u00e1nea como las relativas al origen de la vida o la evoluci\u00f3n de las especies, el autor, uno de los grandes pioneros de la biolog\u00eda molecular, no vacila a la hora de abordar las consecuencias filos\u00f3ficas y espirituales de los grandes descubrimientos en los campos de la biolog\u00eda molecular y de la gen\u00e9tica.<\/p>\n<p>La obra Azar y Necesidad fue publicada en 1.970.<\/p>\n<p><a href=\"https:\/\/tavapy.gov.py\/biblioteca\/wp-content\/uploads\/2022\/05\/MonodJ-El-azar-y-la-necesidad.pdf\" target=\"_blank\" rel=\"attachment noopener wp-att-5312\"><img loading=\"lazy\" decoding=\"async\" class=\"size-full wp-image-5312 alignleft\" src=\"https:\/\/tavapy.gov.py\/biblioteca\/wp-content\/uploads\/2022\/05\/icono-PDF-copia-2.png\" alt=\"\" width=\"121\" height=\"140\" \/><\/a><\/p>\n","protected":false},"featured_media":5225,"comment_status":"open","ping_status":"closed","template":"","meta":{"spay_email":""},"product_cat":[645],"product_tag":[],"class_list":{"0":"post-5367","1":"product","2":"type-product","3":"status-publish","4":"has-post-thumbnail","6":"book_author-jacques-monod","7":"product_cat-biologia-moderna-filosofia-de-la-ciencia","8":"entry"},"_links":{"self":[{"href":"https:\/\/tavapy.gov.py\/biblioteca\/wp-json\/wp\/v2\/product\/5367","targetHints":{"allow":["GET"]}}],"collection":[{"href":"https:\/\/tavapy.gov.py\/biblioteca\/wp-json\/wp\/v2\/product"}],"about":[{"href":"https:\/\/tavapy.gov.py\/biblioteca\/wp-json\/wp\/v2\/types\/product"}],"replies":[{"embeddable":true,"href":"https:\/\/tavapy.gov.py\/biblioteca\/wp-json\/wp\/v2\/comments?post=5367"}],"wp:featuredmedia":[{"embeddable":true,"href":"https:\/\/tavapy.gov.py\/biblioteca\/wp-json\/wp\/v2\/media\/5225"}],"wp:attachment":[{"href":"https:\/\/tavapy.gov.py\/biblioteca\/wp-json\/wp\/v2\/media?parent=5367"}],"wp:term":[{"taxonomy":"product_cat","embeddable":true,"href":"https:\/\/tavapy.gov.py\/biblioteca\/wp-json\/wp\/v2\/product_cat?post=5367"},{"taxonomy":"product_tag","embeddable":true,"href":"https:\/\/tavapy.gov.py\/biblioteca\/wp-json\/wp\/v2\/product_tag?post=5367"}],"curies":[{"name":"wp","href":"https:\/\/api.w.org\/{rel}","templated":true}]}}