{"id":5371,"date":"2022-05-25T15:29:03","date_gmt":"2022-05-25T15:29:03","guid":{"rendered":"https:\/\/tavapy.gov.py\/biblioteca\/?post_type=product&#038;p=5371"},"modified":"2022-06-02T02:33:33","modified_gmt":"2022-06-02T02:33:33","slug":"psicoterapia-centrada-en-el-cliente","status":"publish","type":"product","link":"https:\/\/tavapy.gov.py\/biblioteca\/product\/psicoterapia-centrada-en-el-cliente\/","title":{"rendered":"PSICOTERAPIA CENTRADA EN EL CLIENTE."},"content":{"rendered":"","protected":false},"excerpt":{"rendered":"<p>El encuadre psicoterap\u00e9utico de Carl R. Rogers se caracteriza por atender un aspecto de la experiencia humana que rebasa las categor\u00edas nosol\u00f3gicas tradicionales y por alterar el rol del terapeuta, al cual, en lugar de encargarle cura-a-alguien-que-est\u00e1-enfermo, le asigna la tarea de comprender-al-otro.<\/p>\n<p>Esta obra publicada en 1.951, expone los procedimientos de ayuda para que el individuo logre por s\u00ed mismo nuevas y m\u00e1s efectivas adaptaciones de su personalidad, tanto superficiales como profundas, y suministra varias y decisivas contribuciones para la ludoterapia de ni\u00f1os, la terapia grupal y la ense\u00f1anza escolar.<\/p>\n<p><a href=\"https:\/\/tavapy.gov.py\/biblioteca\/wp-content\/uploads\/2022\/05\/RogersC-Psicoterapia-centrada-en-el-cliente.pdf\" target=\"_blank\" rel=\"attachment noopener wp-att-5312\"><img loading=\"lazy\" decoding=\"async\" class=\"size-full wp-image-5312 alignleft\" src=\"https:\/\/tavapy.gov.py\/biblioteca\/wp-content\/uploads\/2022\/05\/icono-PDF-copia-2.png\" alt=\"\" width=\"121\" height=\"140\" \/><\/a><\/p>\n","protected":false},"featured_media":5217,"comment_status":"open","ping_status":"closed","template":"","meta":{"spay_email":""},"product_cat":[260],"product_tag":[],"class_list":{"0":"post-5371","1":"product","2":"type-product","3":"status-publish","4":"has-post-thumbnail","6":"book_author-carl-rogers","7":"product_cat-psicologia-psicoterapia","8":"entry"},"_links":{"self":[{"href":"https:\/\/tavapy.gov.py\/biblioteca\/wp-json\/wp\/v2\/product\/5371","targetHints":{"allow":["GET"]}}],"collection":[{"href":"https:\/\/tavapy.gov.py\/biblioteca\/wp-json\/wp\/v2\/product"}],"about":[{"href":"https:\/\/tavapy.gov.py\/biblioteca\/wp-json\/wp\/v2\/types\/product"}],"replies":[{"embeddable":true,"href":"https:\/\/tavapy.gov.py\/biblioteca\/wp-json\/wp\/v2\/comments?post=5371"}],"wp:featuredmedia":[{"embeddable":true,"href":"https:\/\/tavapy.gov.py\/biblioteca\/wp-json\/wp\/v2\/media\/5217"}],"wp:attachment":[{"href":"https:\/\/tavapy.gov.py\/biblioteca\/wp-json\/wp\/v2\/media?parent=5371"}],"wp:term":[{"taxonomy":"product_cat","embeddable":true,"href":"https:\/\/tavapy.gov.py\/biblioteca\/wp-json\/wp\/v2\/product_cat?post=5371"},{"taxonomy":"product_tag","embeddable":true,"href":"https:\/\/tavapy.gov.py\/biblioteca\/wp-json\/wp\/v2\/product_tag?post=5371"}],"curies":[{"name":"wp","href":"https:\/\/api.w.org\/{rel}","templated":true}]}}