{"id":5372,"date":"2022-05-25T15:36:11","date_gmt":"2022-05-25T15:36:11","guid":{"rendered":"https:\/\/tavapy.gov.py\/biblioteca\/?post_type=product&#038;p=5372"},"modified":"2026-03-13T21:51:40","modified_gmt":"2026-03-13T21:51:40","slug":"el-mapa-de-la-autoestima","status":"publish","type":"product","link":"https:\/\/tavapy.gov.py\/biblioteca\/product\/el-mapa-de-la-autoestima\/","title":{"rendered":"EL MAPA DE LA AUTOESTIMA."},"content":{"rendered":"","protected":false},"excerpt":{"rendered":"<p>El autor desarrolla una teor\u00eda psicol\u00f3gica: El Mapa de la Autoestima. Pero dice que la va a probar con nuestros sentimientos, y que por eso nos har\u00e1 distintas preguntas sobre personalidad, v\u00ednculos sociales, seducci\u00f3n, carisma, liderazgo, autoestima, relaciones de pareja, infancia, emociones&#8230; nuestras \u00e1reas m\u00e1s rec\u00f3nditas.<\/p>\n<p>Al terminar el libro, publicada en el 2.013 promete que conoceremos cosas de nosotros mismos que nunca antes hab\u00edamos visto. Desde su aparici\u00f3n, El Mapa de la Autoestima ha mostrado una creciente influencia en los trabajos de investigaci\u00f3n psicol\u00f3gica, y en los grupos de motivaci\u00f3n.<\/p>\n<p>La clasificaci\u00f3n de los estados de Autoestima que se propone en este libro (Autoestima Derrumbada, Autoestima Vulnerable, Autoestima Fuerte), es hoy citada por l\u00edderes y educadores en seminarios que tratan el tema de la Autoestima y del autoconocimiento. Adem\u00e1s, palabras propias del libro, tales como anti-haza\u00f1a, se abren paso como un lenguaje cada vez m\u00e1s utilizado por los profesionales y por personas que, sin ser especialistas, han le\u00eddo este libro y utilizan lo aprendido en su vida cotidiana para mejorar en sus relaciones, y para conocerse mejor a s\u00ed mismas.<\/p>\n<p><a href=\"https:\/\/tavapy.gov.py\/biblioteca\/wp-content\/uploads\/2022\/05\/RossM-El-Mapa-de-la-Autoestima.pdf\" target=\"_blank\" rel=\"attachment noopener wp-att-5312\"><img loading=\"lazy\" decoding=\"async\" class=\"size-full wp-image-5312 alignleft\" src=\"https:\/\/tavapy.gov.py\/biblioteca\/wp-content\/uploads\/2022\/05\/icono-PDF-copia-2.png\" alt=\"\" width=\"121\" height=\"140\" \/><\/a><\/p>\n","protected":false},"featured_media":5216,"comment_status":"open","ping_status":"closed","template":"","meta":{"spay_email":""},"product_cat":[67],"product_tag":[],"class_list":{"0":"post-5372","1":"product","2":"type-product","3":"status-publish","4":"has-post-thumbnail","6":"book_author-martin-ross","7":"product_cat-psicologia","8":"entry"},"_links":{"self":[{"href":"https:\/\/tavapy.gov.py\/biblioteca\/wp-json\/wp\/v2\/product\/5372","targetHints":{"allow":["GET"]}}],"collection":[{"href":"https:\/\/tavapy.gov.py\/biblioteca\/wp-json\/wp\/v2\/product"}],"about":[{"href":"https:\/\/tavapy.gov.py\/biblioteca\/wp-json\/wp\/v2\/types\/product"}],"replies":[{"embeddable":true,"href":"https:\/\/tavapy.gov.py\/biblioteca\/wp-json\/wp\/v2\/comments?post=5372"}],"wp:featuredmedia":[{"embeddable":true,"href":"https:\/\/tavapy.gov.py\/biblioteca\/wp-json\/wp\/v2\/media\/5216"}],"wp:attachment":[{"href":"https:\/\/tavapy.gov.py\/biblioteca\/wp-json\/wp\/v2\/media?parent=5372"}],"wp:term":[{"taxonomy":"product_cat","embeddable":true,"href":"https:\/\/tavapy.gov.py\/biblioteca\/wp-json\/wp\/v2\/product_cat?post=5372"},{"taxonomy":"product_tag","embeddable":true,"href":"https:\/\/tavapy.gov.py\/biblioteca\/wp-json\/wp\/v2\/product_tag?post=5372"}],"curies":[{"name":"wp","href":"https:\/\/api.w.org\/{rel}","templated":true}]}}