{"id":5373,"date":"2022-05-25T15:41:17","date_gmt":"2022-05-25T15:41:17","guid":{"rendered":"https:\/\/tavapy.gov.py\/biblioteca\/?post_type=product&#038;p=5373"},"modified":"2022-05-25T15:41:18","modified_gmt":"2022-05-25T15:41:18","slug":"el-pequeno-libro-de-la-seduccion","status":"publish","type":"product","link":"https:\/\/tavapy.gov.py\/biblioteca\/product\/el-pequeno-libro-de-la-seduccion\/","title":{"rendered":"EL PEQUE\u00d1O LIBRO DE LA SEDUCCI\u00d3N."},"content":{"rendered":"","protected":false},"excerpt":{"rendered":"<p>Este libro publicado en el 2.017 est\u00e1 escrito para poder entender el proceso de atracci\u00f3n y mejorar nuestras habilidades sociales aplicadas a la seducci\u00f3n de una forma realista, f\u00e1cil, y para ambos sexos, pues hombres y mujeres somos m\u00e1s parecidos que diferentes en los tiempos que corren.<\/p>\n<p>Las interacciones sociales y las relaciones afectivo-sexuales fluct\u00faan, acerc\u00e1ndonos o alej\u00e1ndonos de las personas que nos atraen de una forma a veces casi \u00abmisteriosa\u00bb. Para resolver esta incertidumbre, este libro ense\u00f1a a \u00abseducirse a uno mismo\u00bb primero, como una parte fundamental y previa basada en nuestro autoconocimiento y autoestima, para luego ofrecer \u00abal otro\u00bb lo que somos de una forma atractiva y sin trucos.<\/p>\n<p>Identificar por qu\u00e9 estamos gustando y c\u00f3mo gustarle respetando nuestra identidad en cada una de las propuestas y situaciones que vamos a generar.<\/p>\n<p><a href=\"https:\/\/tavapy.gov.py\/biblioteca\/wp-content\/uploads\/2022\/05\/TejedorL-El-pequeno-libro-de-la-seduccion.pdf\" target=\"_blank\" rel=\"attachment noopener wp-att-5312\"><img loading=\"lazy\" decoding=\"async\" class=\"size-full wp-image-5312 alignleft\" src=\"https:\/\/tavapy.gov.py\/biblioteca\/wp-content\/uploads\/2022\/05\/icono-PDF-copia-2.png\" alt=\"\" width=\"121\" height=\"140\" \/><\/a><\/p>\n","protected":false},"featured_media":5212,"comment_status":"open","ping_status":"closed","template":"","meta":{"spay_email":""},"product_cat":[638],"product_tag":[],"class_list":{"0":"post-5373","1":"product","2":"type-product","3":"status-publish","4":"has-post-thumbnail","6":"book_author-luis-tejedor-garcia","7":"product_cat-psicologia-comunicacion","8":"entry"},"_links":{"self":[{"href":"https:\/\/tavapy.gov.py\/biblioteca\/wp-json\/wp\/v2\/product\/5373","targetHints":{"allow":["GET"]}}],"collection":[{"href":"https:\/\/tavapy.gov.py\/biblioteca\/wp-json\/wp\/v2\/product"}],"about":[{"href":"https:\/\/tavapy.gov.py\/biblioteca\/wp-json\/wp\/v2\/types\/product"}],"replies":[{"embeddable":true,"href":"https:\/\/tavapy.gov.py\/biblioteca\/wp-json\/wp\/v2\/comments?post=5373"}],"wp:featuredmedia":[{"embeddable":true,"href":"https:\/\/tavapy.gov.py\/biblioteca\/wp-json\/wp\/v2\/media\/5212"}],"wp:attachment":[{"href":"https:\/\/tavapy.gov.py\/biblioteca\/wp-json\/wp\/v2\/media?parent=5373"}],"wp:term":[{"taxonomy":"product_cat","embeddable":true,"href":"https:\/\/tavapy.gov.py\/biblioteca\/wp-json\/wp\/v2\/product_cat?post=5373"},{"taxonomy":"product_tag","embeddable":true,"href":"https:\/\/tavapy.gov.py\/biblioteca\/wp-json\/wp\/v2\/product_tag?post=5373"}],"curies":[{"name":"wp","href":"https:\/\/api.w.org\/{rel}","templated":true}]}}