{"id":5435,"date":"2023-01-05T13:17:27","date_gmt":"2023-01-05T13:17:27","guid":{"rendered":"https:\/\/tavapy.gov.py\/biblioteca\/?post_type=product&#038;p=5435"},"modified":"2023-01-05T13:19:57","modified_gmt":"2023-01-05T13:19:57","slug":"los-crimenes-de-la-calle-morgue","status":"publish","type":"product","link":"https:\/\/tavapy.gov.py\/biblioteca\/product\/los-crimenes-de-la-calle-morgue\/","title":{"rendered":"LOS CR\u00cdMENES DE LA CALLE MORGUE."},"content":{"rendered":"","protected":false},"excerpt":{"rendered":"<p>En el Siglo XIX se produce el b\u00e1rbaro asesinato de dos mujeres, madre e hija, en un apartamento de una populosa calle de Par\u00eds. Las primeras investigaciones no dan resultado alguno, evidenci\u00e1ndose la impotencia de la polic\u00eda para esclarecer los hechos. Finalmente se hace cargo del asunto un detective aficionado, M. Dupin, que tras intensa y brillante investigaci\u00f3n, ofrece una explicaci\u00f3n extraordinaria.<\/p>\n<p>Los cr\u00edmenes de la calle Morgue, obra publicada 1.841 es uno de los relatos de detectives m\u00e1s importantes de su autor, Edgar Allan Poe, y con el que sentar\u00eda las bases de gran parte del g\u00e9nero negro y criminal nacido en las d\u00e9cadas posteriores a su publicaci\u00f3n.<\/p>\n<p><a href=\"https:\/\/tavapy.gov.py\/biblioteca\/wp-content\/uploads\/2023\/01\/Allan-PoeE-Crimenes-de-Calle-Morgue.pdf\" target=\"_blank\" rel=\"attachment noopener wp-att-5312\"><img loading=\"lazy\" decoding=\"async\" class=\"size-full wp-image-5312 alignleft\" src=\"https:\/\/tavapy.gov.py\/biblioteca\/wp-content\/uploads\/2022\/05\/icono-PDF-copia-2.png\" alt=\"\" width=\"121\" height=\"140\" \/><\/a><!--more--><\/p>\n","protected":false},"featured_media":5388,"comment_status":"open","ping_status":"closed","template":"","meta":{"spay_email":""},"product_cat":[50],"product_tag":[],"class_list":{"0":"post-5435","1":"product","2":"type-product","3":"status-publish","4":"has-post-thumbnail","6":"book_author-edgar-allan-poe","7":"product_cat-cuento","8":"entry"},"_links":{"self":[{"href":"https:\/\/tavapy.gov.py\/biblioteca\/wp-json\/wp\/v2\/product\/5435","targetHints":{"allow":["GET"]}}],"collection":[{"href":"https:\/\/tavapy.gov.py\/biblioteca\/wp-json\/wp\/v2\/product"}],"about":[{"href":"https:\/\/tavapy.gov.py\/biblioteca\/wp-json\/wp\/v2\/types\/product"}],"replies":[{"embeddable":true,"href":"https:\/\/tavapy.gov.py\/biblioteca\/wp-json\/wp\/v2\/comments?post=5435"}],"wp:featuredmedia":[{"embeddable":true,"href":"https:\/\/tavapy.gov.py\/biblioteca\/wp-json\/wp\/v2\/media\/5388"}],"wp:attachment":[{"href":"https:\/\/tavapy.gov.py\/biblioteca\/wp-json\/wp\/v2\/media?parent=5435"}],"wp:term":[{"taxonomy":"product_cat","embeddable":true,"href":"https:\/\/tavapy.gov.py\/biblioteca\/wp-json\/wp\/v2\/product_cat?post=5435"},{"taxonomy":"product_tag","embeddable":true,"href":"https:\/\/tavapy.gov.py\/biblioteca\/wp-json\/wp\/v2\/product_tag?post=5435"}],"curies":[{"name":"wp","href":"https:\/\/api.w.org\/{rel}","templated":true}]}}