{"id":5438,"date":"2023-01-05T13:36:03","date_gmt":"2023-01-05T13:36:03","guid":{"rendered":"https:\/\/tavapy.gov.py\/biblioteca\/?post_type=product&#038;p=5438"},"modified":"2023-01-05T13:36:03","modified_gmt":"2023-01-05T13:36:03","slug":"marx-dentro-de-sus-limites","status":"publish","type":"product","link":"https:\/\/tavapy.gov.py\/biblioteca\/product\/marx-dentro-de-sus-limites\/","title":{"rendered":"MARX DENTRO DE SUS L\u00cdMITES."},"content":{"rendered":"","protected":false},"excerpt":{"rendered":"<p>En este libro, que vio la luz en 1978, Althusser prosigue su cr\u00edtica de las condiciones de posibilidad de la episteme marxiana y de los l\u00edmites intr\u00ednsecos de su propio horizonte te\u00f3rico, concentr\u00e1ndose en los conceptos de Estado y de lucha de clases, cuya dilucidaci\u00f3n te\u00f3rico-pol\u00edtica constituye en la actualidad una tarea fundamental para el actual movimiento de resistencia global.<\/p>\n<p><a href=\"https:\/\/tavapy.gov.py\/biblioteca\/wp-content\/uploads\/2023\/01\/AlthusserL-Marx-dentro-de-sus-limites.pdf\" target=\"_blank\" rel=\"attachment noopener wp-att-5312\"><img loading=\"lazy\" decoding=\"async\" class=\"size-full wp-image-5312 alignleft\" src=\"https:\/\/tavapy.gov.py\/biblioteca\/wp-content\/uploads\/2022\/05\/icono-PDF-copia-2.png\" alt=\"\" width=\"121\" height=\"140\" \/><\/a><\/p>\n","protected":false},"featured_media":5393,"comment_status":"open","ping_status":"closed","template":"","meta":{"spay_email":""},"product_cat":[355],"product_tag":[],"class_list":{"0":"post-5438","1":"product","2":"type-product","3":"status-publish","4":"has-post-thumbnail","6":"book_author-louis-althusser","7":"product_cat-filosofia-ensayo","8":"entry"},"_links":{"self":[{"href":"https:\/\/tavapy.gov.py\/biblioteca\/wp-json\/wp\/v2\/product\/5438","targetHints":{"allow":["GET"]}}],"collection":[{"href":"https:\/\/tavapy.gov.py\/biblioteca\/wp-json\/wp\/v2\/product"}],"about":[{"href":"https:\/\/tavapy.gov.py\/biblioteca\/wp-json\/wp\/v2\/types\/product"}],"replies":[{"embeddable":true,"href":"https:\/\/tavapy.gov.py\/biblioteca\/wp-json\/wp\/v2\/comments?post=5438"}],"wp:featuredmedia":[{"embeddable":true,"href":"https:\/\/tavapy.gov.py\/biblioteca\/wp-json\/wp\/v2\/media\/5393"}],"wp:attachment":[{"href":"https:\/\/tavapy.gov.py\/biblioteca\/wp-json\/wp\/v2\/media?parent=5438"}],"wp:term":[{"taxonomy":"product_cat","embeddable":true,"href":"https:\/\/tavapy.gov.py\/biblioteca\/wp-json\/wp\/v2\/product_cat?post=5438"},{"taxonomy":"product_tag","embeddable":true,"href":"https:\/\/tavapy.gov.py\/biblioteca\/wp-json\/wp\/v2\/product_tag?post=5438"}],"curies":[{"name":"wp","href":"https:\/\/api.w.org\/{rel}","templated":true}]}}