{"id":5439,"date":"2023-01-05T14:12:35","date_gmt":"2023-01-05T14:12:35","guid":{"rendered":"https:\/\/tavapy.gov.py\/biblioteca\/?post_type=product&#038;p=5439"},"modified":"2023-01-05T14:12:35","modified_gmt":"2023-01-05T14:12:35","slug":"claus-el-grande-y-claus-el-pequeno","status":"publish","type":"product","link":"https:\/\/tavapy.gov.py\/biblioteca\/product\/claus-el-grande-y-claus-el-pequeno\/","title":{"rendered":"CLAUS EL GRANDE Y CLAUS EL PEQUE\u00d1O."},"content":{"rendered":"","protected":false},"excerpt":{"rendered":"<p>Viv\u00edan en un pueblo dos hombres que se llamaban igual: Claus el Grande que ten\u00eda cuatro caballos, y Claus el Peque\u00f1o, due\u00f1o de uno solo. Durante toda la semana, Claus el Peque\u00f1o ten\u00eda que arar para el Grande, y prestarle su \u00fanico caballo; luego Claus el Grande prestaba al otro sus cuatro caballos, pero s\u00f3lo una vez a la semana: el domingo.<\/p>\n<p>Ese d\u00eda, Claus el Peque\u00f1o se mostraba orgulloso arando con los cinco caballos y en cuanto pasaba la gente, gritaba \u00ab\u00a1Arre mis cinco caballos!\u00bb. Esto no gustaba a Claus el Grande, que enfadado agarr\u00f3 un mazo y dio un golpe en la cabeza al caballo de Claus el Chico, y lo mat\u00f3.<\/p>\n<p>El pobre Claus, ech\u00e1ndose a llorar, despellej\u00f3 el animal muerto, puso la piel a secar al viento, la meti\u00f3 en un saco, que se carg\u00f3 a la espalda, y emprendi\u00f3 el camino de la ciudad para ver si la vend\u00eda. Se hizo tarde y tuvo que pasar la noche fuera. Al d\u00eda siguiente volvi\u00f3 al pueblo cargado de dinero y fue a verle Claus el Grande.<\/p>\n<p>La obra Claus el grande y Claus el peque\u00f1o, fue publicada en 1.835.<\/p>\n<p><a href=\"https:\/\/tavapy.gov.py\/biblioteca\/wp-content\/uploads\/2023\/01\/AndersenH-Claus-el-Grande-y-Claus-el-pequeno-1.pdf\" target=\"_blank\" rel=\"attachment noopener wp-att-5312\"><img loading=\"lazy\" decoding=\"async\" class=\"size-full wp-image-5312 alignleft\" src=\"https:\/\/tavapy.gov.py\/biblioteca\/wp-content\/uploads\/2022\/05\/icono-PDF-copia-2.png\" alt=\"\" width=\"121\" height=\"140\" \/><\/a><\/p>\n","protected":false},"featured_media":5396,"comment_status":"open","ping_status":"closed","template":"","meta":{"spay_email":""},"product_cat":[200],"product_tag":[],"class_list":{"0":"post-5439","1":"product","2":"type-product","3":"status-publish","4":"has-post-thumbnail","6":"book_author-hans-christian-andersen","7":"product_cat-cuento-infantil","8":"entry"},"_links":{"self":[{"href":"https:\/\/tavapy.gov.py\/biblioteca\/wp-json\/wp\/v2\/product\/5439","targetHints":{"allow":["GET"]}}],"collection":[{"href":"https:\/\/tavapy.gov.py\/biblioteca\/wp-json\/wp\/v2\/product"}],"about":[{"href":"https:\/\/tavapy.gov.py\/biblioteca\/wp-json\/wp\/v2\/types\/product"}],"replies":[{"embeddable":true,"href":"https:\/\/tavapy.gov.py\/biblioteca\/wp-json\/wp\/v2\/comments?post=5439"}],"wp:featuredmedia":[{"embeddable":true,"href":"https:\/\/tavapy.gov.py\/biblioteca\/wp-json\/wp\/v2\/media\/5396"}],"wp:attachment":[{"href":"https:\/\/tavapy.gov.py\/biblioteca\/wp-json\/wp\/v2\/media?parent=5439"}],"wp:term":[{"taxonomy":"product_cat","embeddable":true,"href":"https:\/\/tavapy.gov.py\/biblioteca\/wp-json\/wp\/v2\/product_cat?post=5439"},{"taxonomy":"product_tag","embeddable":true,"href":"https:\/\/tavapy.gov.py\/biblioteca\/wp-json\/wp\/v2\/product_tag?post=5439"}],"curies":[{"name":"wp","href":"https:\/\/api.w.org\/{rel}","templated":true}]}}