{"id":5440,"date":"2023-01-05T14:29:43","date_gmt":"2023-01-05T14:29:43","guid":{"rendered":"https:\/\/tavapy.gov.py\/biblioteca\/?post_type=product&#038;p=5440"},"modified":"2023-01-05T14:29:44","modified_gmt":"2023-01-05T14:29:44","slug":"los-origenes-del-totalitarismo","status":"publish","type":"product","link":"https:\/\/tavapy.gov.py\/biblioteca\/product\/los-origenes-del-totalitarismo\/","title":{"rendered":"LOS OR\u00cdGENES DEL TOTALITARISMO."},"content":{"rendered":"","protected":false},"excerpt":{"rendered":"<p>En Los or\u00edgenes del totalitarismo, obra publicada en 1.951, Hannah Arendt desentra\u00f1a las corrientes subterr\u00e1neas en la historia europea que prepararon el advenimiento del fen\u00f3meno totalitario y caracteriza las instituciones, la ideolog\u00eda y la pr\u00e1ctica de los reg\u00edmenes estalinista y hitleriano.<\/p>\n<p>La primera parte -Antisemitismo- est\u00e1 dedicada al ascenso y expansi\u00f3n a lo largo del siglo XIX de una ideolog\u00eda que terminar\u00eda por convertirse en catalizador del movimiento nazi, mientras que la segunda -Imperialismo- analiza la g\u00e9nesis y los rasgos del imperialismo europeo desde finales del siglo XIX hasta la Gran Guerra de 1914.<\/p>\n<p>Y la tercera -Totalitarismo- est\u00e1 dedicada al an\u00e1lisis de los totalitarismos nazi y sovi\u00e9tico no como \u00abuna exacerbaci\u00f3n de los reg\u00edmenes dictatoriales anteriores\u00bb, sino en t\u00e9rminos de su \u00abradical novedad hist\u00f3rica\u00bb.<\/p>\n<p><a href=\"https:\/\/tavapy.gov.py\/biblioteca\/wp-content\/uploads\/2023\/01\/ArendtH-Los-origenes-del-totalitarismo.pdf\" target=\"_blank\" rel=\"attachment noopener wp-att-5312\"><img loading=\"lazy\" decoding=\"async\" class=\"size-full wp-image-5312 alignleft\" src=\"https:\/\/tavapy.gov.py\/biblioteca\/wp-content\/uploads\/2022\/05\/icono-PDF-copia-2.png\" alt=\"\" width=\"121\" height=\"140\" \/><\/a><\/p>\n","protected":false},"featured_media":5398,"comment_status":"open","ping_status":"closed","template":"","meta":{"spay_email":""},"product_cat":[255],"product_tag":[],"class_list":{"0":"post-5440","1":"product","2":"type-product","3":"status-publish","4":"has-post-thumbnail","6":"book_author-hanna-arendt","7":"product_cat-tratado-politioc","8":"entry"},"_links":{"self":[{"href":"https:\/\/tavapy.gov.py\/biblioteca\/wp-json\/wp\/v2\/product\/5440","targetHints":{"allow":["GET"]}}],"collection":[{"href":"https:\/\/tavapy.gov.py\/biblioteca\/wp-json\/wp\/v2\/product"}],"about":[{"href":"https:\/\/tavapy.gov.py\/biblioteca\/wp-json\/wp\/v2\/types\/product"}],"replies":[{"embeddable":true,"href":"https:\/\/tavapy.gov.py\/biblioteca\/wp-json\/wp\/v2\/comments?post=5440"}],"wp:featuredmedia":[{"embeddable":true,"href":"https:\/\/tavapy.gov.py\/biblioteca\/wp-json\/wp\/v2\/media\/5398"}],"wp:attachment":[{"href":"https:\/\/tavapy.gov.py\/biblioteca\/wp-json\/wp\/v2\/media?parent=5440"}],"wp:term":[{"taxonomy":"product_cat","embeddable":true,"href":"https:\/\/tavapy.gov.py\/biblioteca\/wp-json\/wp\/v2\/product_cat?post=5440"},{"taxonomy":"product_tag","embeddable":true,"href":"https:\/\/tavapy.gov.py\/biblioteca\/wp-json\/wp\/v2\/product_tag?post=5440"}],"curies":[{"name":"wp","href":"https:\/\/api.w.org\/{rel}","templated":true}]}}