{"id":5441,"date":"2023-01-05T14:38:20","date_gmt":"2023-01-05T14:38:20","guid":{"rendered":"https:\/\/tavapy.gov.py\/biblioteca\/?post_type=product&#038;p=5441"},"modified":"2023-01-05T14:38:20","modified_gmt":"2023-01-05T14:38:20","slug":"los-propios-dioses","status":"publish","type":"product","link":"https:\/\/tavapy.gov.py\/biblioteca\/product\/los-propios-dioses\/","title":{"rendered":"LOS PROPIOS DIOSES."},"content":{"rendered":"","protected":false},"excerpt":{"rendered":"<p>Con una gran maestr\u00eda, Asimov en Los propios dioses, obra publicada en 1.972, nos sumerge en un universo totalmente diferente al que conocemos. Un derroche de imaginaci\u00f3n pocas veces realizado.<\/p>\n<p>Los habitantes de un universo paralelo en el futuro, con leyes f\u00edsicas ligeramente distintas a las nuestras, descubren la forma de intercambiar materia con nosotros. Materia que, una vez en el universo de destino, y merced a las diferencias f\u00edsicas entre ambos, comienza a desprender energ\u00eda de forma espont\u00e1nea.<\/p>\n<p>Una vez consumida la capacidad energ\u00e9tica del material, \u00e9ste puede volver a ser intercambiado, para recomenzar el ciclo. \u00bfQu\u00e9 podr\u00edamos hacer con un suministro de energ\u00eda gratuita e inagotable?<\/p>\n<p>M\u00e1s all\u00e1 que cualquier otra historia, esta novela destaca por una impresionante descripci\u00f3n del cosmos, una visi\u00f3n que nos hace a\u00fan m\u00e1s insignificantes de lo que pod\u00edamos pensar.<\/p>\n<p><a href=\"https:\/\/tavapy.gov.py\/biblioteca\/wp-content\/uploads\/2023\/01\/AsimovI-Los-Propios-Dioses.pdf\" target=\"_blank\" rel=\"attachment noopener wp-att-5312\"><img loading=\"lazy\" decoding=\"async\" class=\"size-full wp-image-5312 alignleft\" src=\"https:\/\/tavapy.gov.py\/biblioteca\/wp-content\/uploads\/2022\/05\/icono-PDF-copia-2.png\" alt=\"\" width=\"121\" height=\"140\" \/><\/a><\/p>\n","protected":false},"featured_media":5400,"comment_status":"open","ping_status":"closed","template":"","meta":{"spay_email":""},"product_cat":[592],"product_tag":[],"class_list":{"0":"post-5441","1":"product","2":"type-product","3":"status-publish","4":"has-post-thumbnail","6":"book_author-isaac-asimov","7":"product_cat-novela-ciencia-ficcion","8":"entry"},"_links":{"self":[{"href":"https:\/\/tavapy.gov.py\/biblioteca\/wp-json\/wp\/v2\/product\/5441","targetHints":{"allow":["GET"]}}],"collection":[{"href":"https:\/\/tavapy.gov.py\/biblioteca\/wp-json\/wp\/v2\/product"}],"about":[{"href":"https:\/\/tavapy.gov.py\/biblioteca\/wp-json\/wp\/v2\/types\/product"}],"replies":[{"embeddable":true,"href":"https:\/\/tavapy.gov.py\/biblioteca\/wp-json\/wp\/v2\/comments?post=5441"}],"wp:featuredmedia":[{"embeddable":true,"href":"https:\/\/tavapy.gov.py\/biblioteca\/wp-json\/wp\/v2\/media\/5400"}],"wp:attachment":[{"href":"https:\/\/tavapy.gov.py\/biblioteca\/wp-json\/wp\/v2\/media?parent=5441"}],"wp:term":[{"taxonomy":"product_cat","embeddable":true,"href":"https:\/\/tavapy.gov.py\/biblioteca\/wp-json\/wp\/v2\/product_cat?post=5441"},{"taxonomy":"product_tag","embeddable":true,"href":"https:\/\/tavapy.gov.py\/biblioteca\/wp-json\/wp\/v2\/product_tag?post=5441"}],"curies":[{"name":"wp","href":"https:\/\/api.w.org\/{rel}","templated":true}]}}