{"id":5442,"date":"2023-01-05T14:46:59","date_gmt":"2023-01-05T14:46:59","guid":{"rendered":"https:\/\/tavapy.gov.py\/biblioteca\/?post_type=product&#038;p=5442"},"modified":"2023-01-05T14:46:59","modified_gmt":"2023-01-05T14:46:59","slug":"ensayo-sobre-los-datos-inmediatos-de-la-conciencia","status":"publish","type":"product","link":"https:\/\/tavapy.gov.py\/biblioteca\/product\/ensayo-sobre-los-datos-inmediatos-de-la-conciencia\/","title":{"rendered":"ENSAYO SOBRE LOS DATOS INMEDIATOS DE LA CONCIENCIA."},"content":{"rendered":"","protected":false},"excerpt":{"rendered":"<p>Este Ensayo publicado en 1.927 es la primera y m\u00e1s fundamental de las obras de Bergson, que contiene ya en bosquejo toda su singular filosof\u00eda.<\/p>\n<p>En ella se enfrenta su autor de manera muy nueva con un viejo problema: el del ser o no ser de la libertad del albedr\u00edo humano.<\/p>\n<p>Su genial investigaci\u00f3n, de rara claridad y penetraci\u00f3n filos\u00f3fica, le lleva a concluir que la libertad del querer \u00abes un hecho y, entre los hechos que se observan, no lo hay m\u00e1s claro\u00bb; y que ese viejo problema, con sus insuperables dificultades, no es, en realidad, sino un falso problema.<\/p>\n<p><a href=\"https:\/\/tavapy.gov.py\/biblioteca\/wp-content\/uploads\/2023\/01\/BergsonH-Ensayos-sobre-los-datos-inmediatos.pdf\" rel=\"attachment wp-att-5312\"><img loading=\"lazy\" decoding=\"async\" class=\"size-full wp-image-5312 alignleft\" src=\"https:\/\/tavapy.gov.py\/biblioteca\/wp-content\/uploads\/2022\/05\/icono-PDF-copia-2.png\" alt=\"\" width=\"121\" height=\"140\" \/><\/a><\/p>\n","protected":false},"featured_media":5403,"comment_status":"open","ping_status":"closed","template":"","meta":{"spay_email":""},"product_cat":[355],"product_tag":[],"class_list":{"0":"post-5442","1":"product","2":"type-product","3":"status-publish","4":"has-post-thumbnail","6":"book_author-henri-bergson","7":"product_cat-filosofia-ensayo","8":"entry"},"_links":{"self":[{"href":"https:\/\/tavapy.gov.py\/biblioteca\/wp-json\/wp\/v2\/product\/5442","targetHints":{"allow":["GET"]}}],"collection":[{"href":"https:\/\/tavapy.gov.py\/biblioteca\/wp-json\/wp\/v2\/product"}],"about":[{"href":"https:\/\/tavapy.gov.py\/biblioteca\/wp-json\/wp\/v2\/types\/product"}],"replies":[{"embeddable":true,"href":"https:\/\/tavapy.gov.py\/biblioteca\/wp-json\/wp\/v2\/comments?post=5442"}],"wp:featuredmedia":[{"embeddable":true,"href":"https:\/\/tavapy.gov.py\/biblioteca\/wp-json\/wp\/v2\/media\/5403"}],"wp:attachment":[{"href":"https:\/\/tavapy.gov.py\/biblioteca\/wp-json\/wp\/v2\/media?parent=5442"}],"wp:term":[{"taxonomy":"product_cat","embeddable":true,"href":"https:\/\/tavapy.gov.py\/biblioteca\/wp-json\/wp\/v2\/product_cat?post=5442"},{"taxonomy":"product_tag","embeddable":true,"href":"https:\/\/tavapy.gov.py\/biblioteca\/wp-json\/wp\/v2\/product_tag?post=5442"}],"curies":[{"name":"wp","href":"https:\/\/api.w.org\/{rel}","templated":true}]}}