{"id":5445,"date":"2023-01-05T15:10:00","date_gmt":"2023-01-05T15:10:00","guid":{"rendered":"https:\/\/tavapy.gov.py\/biblioteca\/?post_type=product&#038;p=5445"},"modified":"2023-01-05T15:10:00","modified_gmt":"2023-01-05T15:10:00","slug":"encyclopedie-el-triunfo-de-la-razon-en-tiempos-irracionales","status":"publish","type":"product","link":"https:\/\/tavapy.gov.py\/biblioteca\/product\/encyclopedie-el-triunfo-de-la-razon-en-tiempos-irracionales\/","title":{"rendered":"ENCYCLOP\u00c9DIE: EL TRIUNFO DE LA RAZ\u00d3N EN TIEMPOS IRRACIONALES."},"content":{"rendered":"","protected":false},"excerpt":{"rendered":"<p>En Par\u00eds, en el a\u00f1o 1750, un grupo de j\u00f3venes inquietos se propuso el simple objetivo de preparar la modesta traducci\u00f3n de un diccionario ingl\u00e9s, lo que seg\u00fan esperaban les servir\u00eda para pagar el alquiler y costearse la vida durante unos a\u00f1os. Sin embargo, el proyecto fue creciendo hasta convertirse en la mayor empresa de la industria editorial de aquellos tiempos: era una tarea considerada tan peligrosa y subversiva que lleg\u00f3 a ser prohibida por el mism\u00edsimo Papa y cuyos autores fueron amenazados con la prisi\u00f3n e incluso con la muerte.<\/p>\n<p>Al finalizar su proyecto, veinticinco a\u00f1os despu\u00e9s, lo que hab\u00eda comenzado como una traducci\u00f3n se hab\u00eda convertido en una obra monumental que constaba de 27 vol\u00famenes y conten\u00eda 72.000 art\u00edculos, 16.500 p\u00e1ginas y 17 millones de palabras y que fue conocida como la gran Encyclop\u00e9die de Diderot y D&#8217;Alembert.<\/p>\n<p>Entre los autores de la Encyclop\u00e9die se encontraban algunas de las mentes m\u00e1s privilegiadas de la \u00e9poca: junto a los editores Denis Diderot, Jean d&#8217;Alembert y Louis de Jaucourt, tomaron parte en el proyecto Voltaire y Rousseau. Un grupo marcado por amistades \u00edntimas y rupturas espectaculares, por lealtades cambiantes, amargura y gran generosidad frente al peligro constante.<\/p>\n<p>La elaboraci\u00f3n de la Encyclop\u00e9die es la mayor empresa intelectual del siglo XVIII, el triunfo de la raz\u00f3n en tiempos de sinraz\u00f3n.<\/p>\n<p>El historiador y novelista alem\u00e1n Philipp Blom consigue recrear la vida de los protagonistas de esta aventura intelectual en un marco hist\u00f3rico sumamente v\u00edvido, conservando en todo momento el sentido del humor y el ritmo narrativo. \u00abLa historia de un libro, s\u00ed, pero de un libro que cambi\u00f3 la historia como pocos\u00bb.<\/p>\n<p><a href=\"https:\/\/tavapy.gov.py\/biblioteca\/wp-content\/uploads\/2023\/01\/BlomP-Encyclopedie.pdf\" target=\"_blank\" rel=\"attachment noopener wp-att-5312\"><img loading=\"lazy\" decoding=\"async\" class=\"size-full wp-image-5312 alignleft\" src=\"https:\/\/tavapy.gov.py\/biblioteca\/wp-content\/uploads\/2022\/05\/icono-PDF-copia-2.png\" alt=\"\" width=\"121\" height=\"140\" \/><\/a><\/p>\n","protected":false},"featured_media":5407,"comment_status":"open","ping_status":"closed","template":"","meta":{"spay_email":""},"product_cat":[59],"product_tag":[],"class_list":{"0":"post-5445","1":"product","2":"type-product","3":"status-publish","4":"has-post-thumbnail","6":"book_author-philipp-blom","7":"product_cat-filosofia","8":"entry"},"_links":{"self":[{"href":"https:\/\/tavapy.gov.py\/biblioteca\/wp-json\/wp\/v2\/product\/5445","targetHints":{"allow":["GET"]}}],"collection":[{"href":"https:\/\/tavapy.gov.py\/biblioteca\/wp-json\/wp\/v2\/product"}],"about":[{"href":"https:\/\/tavapy.gov.py\/biblioteca\/wp-json\/wp\/v2\/types\/product"}],"replies":[{"embeddable":true,"href":"https:\/\/tavapy.gov.py\/biblioteca\/wp-json\/wp\/v2\/comments?post=5445"}],"wp:featuredmedia":[{"embeddable":true,"href":"https:\/\/tavapy.gov.py\/biblioteca\/wp-json\/wp\/v2\/media\/5407"}],"wp:attachment":[{"href":"https:\/\/tavapy.gov.py\/biblioteca\/wp-json\/wp\/v2\/media?parent=5445"}],"wp:term":[{"taxonomy":"product_cat","embeddable":true,"href":"https:\/\/tavapy.gov.py\/biblioteca\/wp-json\/wp\/v2\/product_cat?post=5445"},{"taxonomy":"product_tag","embeddable":true,"href":"https:\/\/tavapy.gov.py\/biblioteca\/wp-json\/wp\/v2\/product_tag?post=5445"}],"curies":[{"name":"wp","href":"https:\/\/api.w.org\/{rel}","templated":true}]}}