{"id":5446,"date":"2023-01-05T15:18:55","date_gmt":"2023-01-05T15:18:55","guid":{"rendered":"https:\/\/tavapy.gov.py\/biblioteca\/?post_type=product&#038;p=5446"},"modified":"2023-01-05T15:18:55","modified_gmt":"2023-01-05T15:18:55","slug":"el-libro-de-los-seres-imaginarios","status":"publish","type":"product","link":"https:\/\/tavapy.gov.py\/biblioteca\/product\/el-libro-de-los-seres-imaginarios\/","title":{"rendered":"EL LIBRO DE LOS SERES IMAGINARIOS."},"content":{"rendered":"","protected":false},"excerpt":{"rendered":"<p>El libro de los seres imaginarios publicado en 1957 es una obra de Jorge Luis Borges (en colaboraci\u00f3n con Margarita Guerrero), que hace una recopilaci\u00f3n de seres extra\u00f1os que han surgido de la invenci\u00f3n humana. Puede identificarse que, pese al tiempo y espacio, en ocasiones varias culturas u hombres comparten ideas recurrentes y muy similares sobre determinadas criaturas imaginarias, muy probablemente porque estas suelen ser producto de sue\u00f1os, deseos y miedos que hemos compartido desde el inicio de nuestra existencia.<\/p>\n<p>En algunos casos Borges cita algunas situaciones reales que pudieron dar origen a que se creara la leyenda de determinado ser imaginario. Algunas de las criaturas provienen de la mitolog\u00eda, otras de doctrinas y otras m\u00e1s de algunos autores de libros como Lewis Carroll, Kafka, H. G. Wells, o Flaubert.<\/p>\n<p><a href=\"https:\/\/tavapy.gov.py\/biblioteca\/wp-content\/uploads\/2023\/01\/BorgesJ-El-libro-de-los-seres-imaginarios.pdf\" target=\"_blank\" rel=\"attachment noopener wp-att-5312\"><img loading=\"lazy\" decoding=\"async\" class=\"size-full wp-image-5312 alignleft\" src=\"https:\/\/tavapy.gov.py\/biblioteca\/wp-content\/uploads\/2022\/05\/icono-PDF-copia-2.png\" alt=\"\" width=\"121\" height=\"140\" \/><\/a><\/p>\n","protected":false},"featured_media":5410,"comment_status":"open","ping_status":"closed","template":"","meta":{"spay_email":""},"product_cat":[57],"product_tag":[],"class_list":{"0":"post-5446","1":"product","2":"type-product","3":"status-publish","4":"has-post-thumbnail","6":"book_author-jorge-luis-borges","7":"product_cat-novela","8":"entry"},"_links":{"self":[{"href":"https:\/\/tavapy.gov.py\/biblioteca\/wp-json\/wp\/v2\/product\/5446","targetHints":{"allow":["GET"]}}],"collection":[{"href":"https:\/\/tavapy.gov.py\/biblioteca\/wp-json\/wp\/v2\/product"}],"about":[{"href":"https:\/\/tavapy.gov.py\/biblioteca\/wp-json\/wp\/v2\/types\/product"}],"replies":[{"embeddable":true,"href":"https:\/\/tavapy.gov.py\/biblioteca\/wp-json\/wp\/v2\/comments?post=5446"}],"wp:featuredmedia":[{"embeddable":true,"href":"https:\/\/tavapy.gov.py\/biblioteca\/wp-json\/wp\/v2\/media\/5410"}],"wp:attachment":[{"href":"https:\/\/tavapy.gov.py\/biblioteca\/wp-json\/wp\/v2\/media?parent=5446"}],"wp:term":[{"taxonomy":"product_cat","embeddable":true,"href":"https:\/\/tavapy.gov.py\/biblioteca\/wp-json\/wp\/v2\/product_cat?post=5446"},{"taxonomy":"product_tag","embeddable":true,"href":"https:\/\/tavapy.gov.py\/biblioteca\/wp-json\/wp\/v2\/product_tag?post=5446"}],"curies":[{"name":"wp","href":"https:\/\/api.w.org\/{rel}","templated":true}]}}