{"id":5447,"date":"2023-01-05T15:26:44","date_gmt":"2023-01-05T15:26:44","guid":{"rendered":"https:\/\/tavapy.gov.py\/biblioteca\/?post_type=product&#038;p=5447"},"modified":"2023-01-05T15:26:44","modified_gmt":"2023-01-05T15:26:44","slug":"el-oficio-de-sociologo-presupuestos-epistemologicos","status":"publish","type":"product","link":"https:\/\/tavapy.gov.py\/biblioteca\/product\/el-oficio-de-sociologo-presupuestos-epistemologicos\/","title":{"rendered":"EL OFICIO DE SOCI\u00d3LOGO: PRESUPUESTOS EPISTEMOL\u00d3GICOS."},"content":{"rendered":"","protected":false},"excerpt":{"rendered":"<p>El coraz\u00f3n de la disciplina sociol\u00f3gica encierra un conflicto: por un lado, su ambici\u00f3n generalizadora, por otro, la tentaci\u00f3n de volver a las situaciones concretas en las que encuentra sus materiales emp\u00edricos. \u00bfY c\u00f3mo estudiar una realidad social sin perder de vista al individuo? No basta con la mera contemplaci\u00f3n de la primera, como algo que se presenta ante nuestros ojos, por el contrario, la realidad social hay que reconstruirla desde la \u00f3ptica de la teor\u00eda. S\u00f3lo as\u00ed el soci\u00f3logo podr\u00e1 enfrentarse a la realidad para dar cuenta de ella.<\/p>\n<p>Tal es el genuino \u00aboficio\u00bb del soci\u00f3logo, convertir en habitus la teor\u00eda de la construcci\u00f3n sociol\u00f3gica, volver expl\u00edcitos los supuestos desde los que conocer. Para ello es preciso recorrer la tradici\u00f3n sociol\u00f3gica, rastreando los h\u00e1bitos intelectuales, los procedimientos\u2026 la esencia del m\u00e9todo y, por tanto, del quehacer del soci\u00f3logo.<\/p>\n<p>Obra cl\u00e1sica de referencia, El oficio de soci\u00f3logo: presupuestos epistemol\u00f3gicos, obra escrita en 1.968, ha inspirado a generaciones de cient\u00edficos sociales a \u00abpensar sociol\u00f3gicamente\u00bb y a reflexionar sobre la naturaleza de su disciplina.<\/p>\n<p><a href=\"https:\/\/tavapy.gov.py\/biblioteca\/wp-content\/uploads\/2023\/01\/BourdieuP-El-oficio-del-sociologo.pdf\" target=\"_blank\" rel=\"attachment noopener wp-att-5312\"><img loading=\"lazy\" decoding=\"async\" class=\"size-full wp-image-5312 alignleft\" src=\"https:\/\/tavapy.gov.py\/biblioteca\/wp-content\/uploads\/2022\/05\/icono-PDF-copia-2.png\" alt=\"\" width=\"121\" height=\"140\" \/><\/a><\/p>\n","protected":false},"featured_media":5413,"comment_status":"open","ping_status":"closed","template":"","meta":{"spay_email":""},"product_cat":[656],"product_tag":[],"class_list":{"0":"post-5447","1":"product","2":"type-product","3":"status-publish","4":"has-post-thumbnail","6":"book_author-pierre-bourdieu","7":"product_cat-teoria-sociologica-epistemologia","8":"entry"},"_links":{"self":[{"href":"https:\/\/tavapy.gov.py\/biblioteca\/wp-json\/wp\/v2\/product\/5447","targetHints":{"allow":["GET"]}}],"collection":[{"href":"https:\/\/tavapy.gov.py\/biblioteca\/wp-json\/wp\/v2\/product"}],"about":[{"href":"https:\/\/tavapy.gov.py\/biblioteca\/wp-json\/wp\/v2\/types\/product"}],"replies":[{"embeddable":true,"href":"https:\/\/tavapy.gov.py\/biblioteca\/wp-json\/wp\/v2\/comments?post=5447"}],"wp:featuredmedia":[{"embeddable":true,"href":"https:\/\/tavapy.gov.py\/biblioteca\/wp-json\/wp\/v2\/media\/5413"}],"wp:attachment":[{"href":"https:\/\/tavapy.gov.py\/biblioteca\/wp-json\/wp\/v2\/media?parent=5447"}],"wp:term":[{"taxonomy":"product_cat","embeddable":true,"href":"https:\/\/tavapy.gov.py\/biblioteca\/wp-json\/wp\/v2\/product_cat?post=5447"},{"taxonomy":"product_tag","embeddable":true,"href":"https:\/\/tavapy.gov.py\/biblioteca\/wp-json\/wp\/v2\/product_tag?post=5447"}],"curies":[{"name":"wp","href":"https:\/\/api.w.org\/{rel}","templated":true}]}}