{"id":5448,"date":"2023-01-05T15:32:52","date_gmt":"2023-01-05T15:32:52","guid":{"rendered":"https:\/\/tavapy.gov.py\/biblioteca\/?post_type=product&#038;p=5448"},"modified":"2023-01-05T15:32:52","modified_gmt":"2023-01-05T15:32:52","slug":"historia-de-la-roma-antigua","status":"publish","type":"product","link":"https:\/\/tavapy.gov.py\/biblioteca\/product\/historia-de-la-roma-antigua\/","title":{"rendered":"HISTORIA DE LA ROMA ANTIGUA."},"content":{"rendered":"","protected":false},"excerpt":{"rendered":"<p>Esta s\u00edntesis introductoria para el estudio de la Historia romana no s\u00f3lo expone el estado de la cuesti\u00f3n seg\u00fan las investigaciones m\u00e1s recientes, sino que tambi\u00e9n aporta una visi\u00f3n original de estos casi quince siglos de Historia Antigua, recogiendo interpretaciones innovadoras, deshaciendo t\u00f3picos historiogr\u00e1ficos y sustituyendo conceptos inadecuados.<\/p>\n<p>Gonzalo Bravo presenta En Historia de la Roma Antigua, obra escrita en 1.998, \u00a0un relato coherente de las realidades del poder, engarzadas en su contexto social y sus correspondientes debates historiogr\u00e1ficos.<\/p>\n<p><a href=\"https:\/\/tavapy.gov.py\/biblioteca\/wp-content\/uploads\/2023\/01\/BravoG-Historia-de-la-Roma-Antigua.pdf\" target=\"_blank\" rel=\"attachment noopener wp-att-5312\"><img loading=\"lazy\" decoding=\"async\" class=\"size-full wp-image-5312 alignleft\" src=\"https:\/\/tavapy.gov.py\/biblioteca\/wp-content\/uploads\/2022\/05\/icono-PDF-copia-2.png\" alt=\"\" width=\"121\" height=\"140\" \/><\/a><\/p>\n","protected":false},"featured_media":5415,"comment_status":"open","ping_status":"closed","template":"","meta":{"spay_email":""},"product_cat":[160],"product_tag":[],"class_list":{"0":"post-5448","1":"product","2":"type-product","3":"status-publish","4":"has-post-thumbnail","6":"book_author-gonzalo-bravo-castaneda","7":"product_cat-historia","8":"entry"},"_links":{"self":[{"href":"https:\/\/tavapy.gov.py\/biblioteca\/wp-json\/wp\/v2\/product\/5448","targetHints":{"allow":["GET"]}}],"collection":[{"href":"https:\/\/tavapy.gov.py\/biblioteca\/wp-json\/wp\/v2\/product"}],"about":[{"href":"https:\/\/tavapy.gov.py\/biblioteca\/wp-json\/wp\/v2\/types\/product"}],"replies":[{"embeddable":true,"href":"https:\/\/tavapy.gov.py\/biblioteca\/wp-json\/wp\/v2\/comments?post=5448"}],"wp:featuredmedia":[{"embeddable":true,"href":"https:\/\/tavapy.gov.py\/biblioteca\/wp-json\/wp\/v2\/media\/5415"}],"wp:attachment":[{"href":"https:\/\/tavapy.gov.py\/biblioteca\/wp-json\/wp\/v2\/media?parent=5448"}],"wp:term":[{"taxonomy":"product_cat","embeddable":true,"href":"https:\/\/tavapy.gov.py\/biblioteca\/wp-json\/wp\/v2\/product_cat?post=5448"},{"taxonomy":"product_tag","embeddable":true,"href":"https:\/\/tavapy.gov.py\/biblioteca\/wp-json\/wp\/v2\/product_tag?post=5448"}],"curies":[{"name":"wp","href":"https:\/\/api.w.org\/{rel}","templated":true}]}}