{"id":5449,"date":"2023-01-05T16:00:36","date_gmt":"2023-01-05T16:00:36","guid":{"rendered":"https:\/\/tavapy.gov.py\/biblioteca\/?post_type=product&#038;p=5449"},"modified":"2023-01-05T16:00:36","modified_gmt":"2023-01-05T16:00:36","slug":"la-muerte-del-mesias-desde-getsemani-hasta-el-sepulcro-tomo-i","status":"publish","type":"product","link":"https:\/\/tavapy.gov.py\/biblioteca\/product\/la-muerte-del-mesias-desde-getsemani-hasta-el-sepulcro-tomo-i\/","title":{"rendered":"LA MUERTE DEL MES\u00cdAS. DESDE GETSEMAN\u00cd HASTA EL SEPULCRO &#8211; TOMO I."},"content":{"rendered":"","protected":false},"excerpt":{"rendered":"<p>Articulando las cuatro narraciones evang\u00e9licas en un relato unificado, Raymond E. Brown nos ofrece un estudio simult\u00e1neo de los relatos de la pasi\u00f3n y muerte de Jes\u00fas hecho desde la perspectiva de lo que los cuatro evangelistas quisieron transmitir.<\/p>\n<p>De esta manera logra \u201ctraducir\u201d los respectivos mensajes evang\u00e9licos y hacerlos m\u00e1s comprensibles para el lector moderno. La informaci\u00f3n que proporciona es ampl\u00edsima y las opiniones emitidas est\u00e1n s\u00f3lidamente fundadas.<\/p>\n<p><a href=\"https:\/\/tavapy.gov.py\/biblioteca\/wp-content\/uploads\/2023\/01\/BrownR-La-muerte-del-mesias-01.pdf\" target=\"_blank\" rel=\"attachment noopener wp-att-5312\"><img loading=\"lazy\" decoding=\"async\" class=\"size-full wp-image-5312 alignleft\" src=\"https:\/\/tavapy.gov.py\/biblioteca\/wp-content\/uploads\/2022\/05\/icono-PDF-copia-2.png\" alt=\"\" width=\"121\" height=\"140\" \/><\/a><\/p>\n","protected":false},"featured_media":5418,"comment_status":"open","ping_status":"closed","template":"","meta":{"spay_email":""},"product_cat":[173],"product_tag":[],"class_list":{"0":"post-5449","1":"product","2":"type-product","3":"status-publish","4":"has-post-thumbnail","6":"book_author-raymond-edward-brown","7":"product_cat-estudios-biblicos","8":"entry"},"_links":{"self":[{"href":"https:\/\/tavapy.gov.py\/biblioteca\/wp-json\/wp\/v2\/product\/5449","targetHints":{"allow":["GET"]}}],"collection":[{"href":"https:\/\/tavapy.gov.py\/biblioteca\/wp-json\/wp\/v2\/product"}],"about":[{"href":"https:\/\/tavapy.gov.py\/biblioteca\/wp-json\/wp\/v2\/types\/product"}],"replies":[{"embeddable":true,"href":"https:\/\/tavapy.gov.py\/biblioteca\/wp-json\/wp\/v2\/comments?post=5449"}],"wp:featuredmedia":[{"embeddable":true,"href":"https:\/\/tavapy.gov.py\/biblioteca\/wp-json\/wp\/v2\/media\/5418"}],"wp:attachment":[{"href":"https:\/\/tavapy.gov.py\/biblioteca\/wp-json\/wp\/v2\/media?parent=5449"}],"wp:term":[{"taxonomy":"product_cat","embeddable":true,"href":"https:\/\/tavapy.gov.py\/biblioteca\/wp-json\/wp\/v2\/product_cat?post=5449"},{"taxonomy":"product_tag","embeddable":true,"href":"https:\/\/tavapy.gov.py\/biblioteca\/wp-json\/wp\/v2\/product_tag?post=5449"}],"curies":[{"name":"wp","href":"https:\/\/api.w.org\/{rel}","templated":true}]}}