{"id":5451,"date":"2023-01-05T16:11:47","date_gmt":"2023-01-05T16:11:47","guid":{"rendered":"https:\/\/tavapy.gov.py\/biblioteca\/?post_type=product&#038;p=5451"},"modified":"2023-01-05T16:11:47","modified_gmt":"2023-01-05T16:11:47","slug":"las-sombras-de-las-ideas","status":"publish","type":"product","link":"https:\/\/tavapy.gov.py\/biblioteca\/product\/las-sombras-de-las-ideas\/","title":{"rendered":"LAS SOMBRAS DE LAS IDEAS."},"content":{"rendered":"","protected":false},"excerpt":{"rendered":"<p>En Las sombras de las ideas Giordano Bruno, obra publicada en 1.582, acepta la teor\u00eda de Cop\u00e9rnico negando que la Tierra sea el centro del Universo, nos presenta sus reglas para alcanzar una memoria prodigiosa como la suya. Un sistema basado en ruletas alfab\u00e9ticas, signos zodiacales sujetos mitol\u00f3gicos y adjetivos no carente de complejidad y que requiere una fuerte memorizaci\u00f3n inicial de todo ello para extrapolarlo a otras cuestiones a memorizar. Sus alegatos sobre las ideas y su representaci\u00f3n; su plasmaci\u00f3n art\u00edstica resulta novedosa y fresca.<\/p>\n<p><a href=\"https:\/\/tavapy.gov.py\/biblioteca\/wp-content\/uploads\/2023\/01\/BrunoG-Las-Sombras-de-las-Ideas.pdf\" target=\"_blank\" rel=\"attachment noopener wp-att-5312\"><img loading=\"lazy\" decoding=\"async\" class=\"size-full wp-image-5312 alignleft\" src=\"https:\/\/tavapy.gov.py\/biblioteca\/wp-content\/uploads\/2022\/05\/icono-PDF-copia-2.png\" alt=\"\" width=\"121\" height=\"140\" \/><\/a><\/p>\n","protected":false},"featured_media":5421,"comment_status":"open","ping_status":"closed","template":"","meta":{"spay_email":""},"product_cat":[59],"product_tag":[],"class_list":{"0":"post-5451","1":"product","2":"type-product","3":"status-publish","4":"has-post-thumbnail","6":"book_author-giordano-bruno","7":"product_cat-filosofia","8":"entry"},"_links":{"self":[{"href":"https:\/\/tavapy.gov.py\/biblioteca\/wp-json\/wp\/v2\/product\/5451","targetHints":{"allow":["GET"]}}],"collection":[{"href":"https:\/\/tavapy.gov.py\/biblioteca\/wp-json\/wp\/v2\/product"}],"about":[{"href":"https:\/\/tavapy.gov.py\/biblioteca\/wp-json\/wp\/v2\/types\/product"}],"replies":[{"embeddable":true,"href":"https:\/\/tavapy.gov.py\/biblioteca\/wp-json\/wp\/v2\/comments?post=5451"}],"wp:featuredmedia":[{"embeddable":true,"href":"https:\/\/tavapy.gov.py\/biblioteca\/wp-json\/wp\/v2\/media\/5421"}],"wp:attachment":[{"href":"https:\/\/tavapy.gov.py\/biblioteca\/wp-json\/wp\/v2\/media?parent=5451"}],"wp:term":[{"taxonomy":"product_cat","embeddable":true,"href":"https:\/\/tavapy.gov.py\/biblioteca\/wp-json\/wp\/v2\/product_cat?post=5451"},{"taxonomy":"product_tag","embeddable":true,"href":"https:\/\/tavapy.gov.py\/biblioteca\/wp-json\/wp\/v2\/product_tag?post=5451"}],"curies":[{"name":"wp","href":"https:\/\/api.w.org\/{rel}","templated":true}]}}