{"id":5452,"date":"2023-01-05T16:23:36","date_gmt":"2023-01-05T16:23:36","guid":{"rendered":"https:\/\/tavapy.gov.py\/biblioteca\/?post_type=product&#038;p=5452"},"modified":"2023-01-05T16:23:37","modified_gmt":"2023-01-05T16:23:37","slug":"eclipse-de-dios-estudios-sobre-las-relaciones-entre-religion-y-filosofia","status":"publish","type":"product","link":"https:\/\/tavapy.gov.py\/biblioteca\/product\/eclipse-de-dios-estudios-sobre-las-relaciones-entre-religion-y-filosofia\/","title":{"rendered":"ECLIPSE DE DIOS: ESTUDIOS SOBRE LAS RELACIONES ENTRE RELIGI\u00d3N Y FILOSOF\u00cdA."},"content":{"rendered":"","protected":false},"excerpt":{"rendered":"<p>Afirma Martin Buber en estos Estudios sobre las relaciones entre religi\u00f3n y filosof\u00eda (obra escrita en 1.952), que \u00abexiste un eclipse de Dios de igual forma que existe un eclipse solar, y la hora que nos toca vivir es una hora de tiniebla\u00bb. As\u00ed, al reflexionar sobre la relaci\u00f3n que ha mantenido el hombre con el Absoluto a lo largo de la historia \u2013desde la antig\u00fcedad al tiempo presente\u2013, el fil\u00f3sofo vien\u00e9s considera que Dios se ha convertido en algo irreal para el hombre contempor\u00e1neo.<\/p>\n<p>Esta situaci\u00f3n no ha sido fortuita, sino que tiene su causa en la evoluci\u00f3n de la filosof\u00eda occidental, pues se trata de una filosof\u00eda centrada en un individuo que objetiviza la realidad (yo-ello) y no en una persona que existe y experimenta a partir de la relaci\u00f3n dial\u00f3gica (yo-t\u00fa).<\/p>\n<p><a href=\"https:\/\/tavapy.gov.py\/biblioteca\/wp-content\/uploads\/2023\/01\/BuberM-Eclipse-de-Dios.pdf\" target=\"_blank\" rel=\"attachment noopener wp-att-5312\"><img loading=\"lazy\" decoding=\"async\" class=\"size-full wp-image-5312 alignleft\" src=\"https:\/\/tavapy.gov.py\/biblioteca\/wp-content\/uploads\/2022\/05\/icono-PDF-copia-2.png\" alt=\"\" width=\"121\" height=\"140\" \/><\/a><\/p>\n","protected":false},"featured_media":5424,"comment_status":"open","ping_status":"closed","template":"","meta":{"spay_email":""},"product_cat":[661],"product_tag":[],"class_list":{"0":"post-5452","1":"product","2":"type-product","3":"status-publish","4":"has-post-thumbnail","6":"book_author-martin-buber","7":"product_cat-filosofia-religion","8":"entry"},"_links":{"self":[{"href":"https:\/\/tavapy.gov.py\/biblioteca\/wp-json\/wp\/v2\/product\/5452","targetHints":{"allow":["GET"]}}],"collection":[{"href":"https:\/\/tavapy.gov.py\/biblioteca\/wp-json\/wp\/v2\/product"}],"about":[{"href":"https:\/\/tavapy.gov.py\/biblioteca\/wp-json\/wp\/v2\/types\/product"}],"replies":[{"embeddable":true,"href":"https:\/\/tavapy.gov.py\/biblioteca\/wp-json\/wp\/v2\/comments?post=5452"}],"wp:featuredmedia":[{"embeddable":true,"href":"https:\/\/tavapy.gov.py\/biblioteca\/wp-json\/wp\/v2\/media\/5424"}],"wp:attachment":[{"href":"https:\/\/tavapy.gov.py\/biblioteca\/wp-json\/wp\/v2\/media?parent=5452"}],"wp:term":[{"taxonomy":"product_cat","embeddable":true,"href":"https:\/\/tavapy.gov.py\/biblioteca\/wp-json\/wp\/v2\/product_cat?post=5452"},{"taxonomy":"product_tag","embeddable":true,"href":"https:\/\/tavapy.gov.py\/biblioteca\/wp-json\/wp\/v2\/product_tag?post=5452"}],"curies":[{"name":"wp","href":"https:\/\/api.w.org\/{rel}","templated":true}]}}