{"id":5454,"date":"2023-01-05T16:34:42","date_gmt":"2023-01-05T16:34:42","guid":{"rendered":"https:\/\/tavapy.gov.py\/biblioteca\/?post_type=product&#038;p=5454"},"modified":"2023-01-05T16:34:42","modified_gmt":"2023-01-05T16:34:42","slug":"dirac-la-antimateria-el-reflejo-oscuro-de-la-materia","status":"publish","type":"product","link":"https:\/\/tavapy.gov.py\/biblioteca\/product\/dirac-la-antimateria-el-reflejo-oscuro-de-la-materia\/","title":{"rendered":"DIRAC: LA ANTIMATERIA. EL REFLEJO OSCURO DE LA MATERIA."},"content":{"rendered":"","protected":false},"excerpt":{"rendered":"<p>Paul A. Dirac fue, junto con Richard Feynman, el m\u00e1s destacado en la \u00absegunda generaci\u00f3n\u00bb de cient\u00edficos que abordaron el estudio de la mec\u00e1nica cu\u00e1ntica tras el trabajo pionero de Planck y Einstein. La c\u00e9lebre ecuaci\u00f3n que lleva su nombre, y que describe con enorme detalle el comportamiento de ciertas part\u00edculas, entre ellas el electr\u00f3n, fue la primera en armonizar la teor\u00eda cu\u00e1ntica con la relatividad.<\/p>\n<p>De ella se sigue una posibilidad asombrosa: la existencia de part\u00edculas que son como un \u00abreflejo\u00bb en negativo de las ya conocidas electr\u00f3n, prot\u00f3n, etc. y que conjuntamente forman lo que se bautiz\u00f3 como \u00abantimateria\u00bb.<\/p>\n<p>Distinguido por su car\u00e1cter retra\u00eddo y taciturno, as\u00ed como por su modestia y su consagraci\u00f3n a su trabajo, este ingeniero el\u00e9ctrico brit\u00e1nico reconvertido en f\u00edsico enunciaba as\u00ed una de las teor\u00edas m\u00e1s vanguardistas de la f\u00edsica moderna.<\/p>\n<p>Esta obra fue publicada por Juan Antonio Caballero en 2.016.<\/p>\n<p><a href=\"https:\/\/tavapy.gov.py\/biblioteca\/wp-content\/uploads\/2023\/01\/CaballeroJ-DiracLa-antimateria.pdf\" target=\"_blank\" rel=\"attachment noopener wp-att-5312\"><img loading=\"lazy\" decoding=\"async\" class=\"size-full wp-image-5312 alignleft\" src=\"https:\/\/tavapy.gov.py\/biblioteca\/wp-content\/uploads\/2022\/05\/icono-PDF-copia-2.png\" alt=\"\" width=\"121\" height=\"140\" \/><\/a><\/p>\n","protected":false},"featured_media":5428,"comment_status":"open","ping_status":"closed","template":"","meta":{"spay_email":""},"product_cat":[496],"product_tag":[],"class_list":{"0":"post-5454","1":"product","2":"type-product","3":"status-publish","4":"has-post-thumbnail","6":"book_author-juan-antonio-caballero","7":"product_cat-fisica-moderna-historia-de-la-fisica","8":"entry"},"_links":{"self":[{"href":"https:\/\/tavapy.gov.py\/biblioteca\/wp-json\/wp\/v2\/product\/5454","targetHints":{"allow":["GET"]}}],"collection":[{"href":"https:\/\/tavapy.gov.py\/biblioteca\/wp-json\/wp\/v2\/product"}],"about":[{"href":"https:\/\/tavapy.gov.py\/biblioteca\/wp-json\/wp\/v2\/types\/product"}],"replies":[{"embeddable":true,"href":"https:\/\/tavapy.gov.py\/biblioteca\/wp-json\/wp\/v2\/comments?post=5454"}],"wp:featuredmedia":[{"embeddable":true,"href":"https:\/\/tavapy.gov.py\/biblioteca\/wp-json\/wp\/v2\/media\/5428"}],"wp:attachment":[{"href":"https:\/\/tavapy.gov.py\/biblioteca\/wp-json\/wp\/v2\/media?parent=5454"}],"wp:term":[{"taxonomy":"product_cat","embeddable":true,"href":"https:\/\/tavapy.gov.py\/biblioteca\/wp-json\/wp\/v2\/product_cat?post=5454"},{"taxonomy":"product_tag","embeddable":true,"href":"https:\/\/tavapy.gov.py\/biblioteca\/wp-json\/wp\/v2\/product_tag?post=5454"}],"curies":[{"name":"wp","href":"https:\/\/api.w.org\/{rel}","templated":true}]}}