{"id":5455,"date":"2023-01-05T16:41:12","date_gmt":"2023-01-05T16:41:12","guid":{"rendered":"https:\/\/tavapy.gov.py\/biblioteca\/?post_type=product&#038;p=5455"},"modified":"2023-01-05T16:41:13","modified_gmt":"2023-01-05T16:41:13","slug":"las-conexiones-ocultas","status":"publish","type":"product","link":"https:\/\/tavapy.gov.py\/biblioteca\/product\/las-conexiones-ocultas\/","title":{"rendered":"LAS CONEXIONES OCULTAS."},"content":{"rendered":"","protected":false},"excerpt":{"rendered":"<p>La investigaci\u00f3n cient\u00edfica estuvo basada, durante mucho tiempo, en el pensamiento lineal. Con la llegada de ordenadores m\u00e1s potentes, los cient\u00edficos pudieron aplicar con m\u00e1s facilidad la teor\u00eda de la complejidad, pensamiento no lineal, a procesos cient\u00edficos.<\/p>\n<p>Capra aplica ahora los principios de esta teor\u00eda a un an\u00e1lisis del amplio campo de las interacciones humanas. Postula que para mantener la vida en el futuro, los principios en los que se basan las instituciones sociales deben ser compatibles con la organizaci\u00f3n que la naturaleza ha desarrollado para sostener \u00abla trama de la vida\u00bb.<\/p>\n<p>Y concluye con un plan para dise\u00f1ar, como alternativa a la globalizaci\u00f3n econ\u00f3mica, comunidades y tecnolog\u00edas ecol\u00f3gicamente sostenibles.<\/p>\n<p>La obra \u201cLas conexiones ocultas\u201d de Capra fue publicada en 2.002.<\/p>\n<p><a href=\"https:\/\/tavapy.gov.py\/biblioteca\/wp-content\/uploads\/2023\/01\/CapraF-Las-conexiones-ocultas.pdf\" target=\"_blank\" rel=\"attachment noopener wp-att-5312\"><img loading=\"lazy\" decoding=\"async\" class=\"size-full wp-image-5312 alignleft\" src=\"https:\/\/tavapy.gov.py\/biblioteca\/wp-content\/uploads\/2022\/05\/icono-PDF-copia-2.png\" alt=\"\" width=\"121\" height=\"140\" \/><\/a><\/p>\n","protected":false},"featured_media":5431,"comment_status":"open","ping_status":"closed","template":"","meta":{"spay_email":""},"product_cat":[619],"product_tag":[],"class_list":{"0":"post-5455","1":"product","2":"type-product","3":"status-publish","4":"has-post-thumbnail","6":"book_author-fritjof-capra","7":"product_cat-ecologia-politica-sociedad","8":"entry"},"_links":{"self":[{"href":"https:\/\/tavapy.gov.py\/biblioteca\/wp-json\/wp\/v2\/product\/5455","targetHints":{"allow":["GET"]}}],"collection":[{"href":"https:\/\/tavapy.gov.py\/biblioteca\/wp-json\/wp\/v2\/product"}],"about":[{"href":"https:\/\/tavapy.gov.py\/biblioteca\/wp-json\/wp\/v2\/types\/product"}],"replies":[{"embeddable":true,"href":"https:\/\/tavapy.gov.py\/biblioteca\/wp-json\/wp\/v2\/comments?post=5455"}],"wp:featuredmedia":[{"embeddable":true,"href":"https:\/\/tavapy.gov.py\/biblioteca\/wp-json\/wp\/v2\/media\/5431"}],"wp:attachment":[{"href":"https:\/\/tavapy.gov.py\/biblioteca\/wp-json\/wp\/v2\/media?parent=5455"}],"wp:term":[{"taxonomy":"product_cat","embeddable":true,"href":"https:\/\/tavapy.gov.py\/biblioteca\/wp-json\/wp\/v2\/product_cat?post=5455"},{"taxonomy":"product_tag","embeddable":true,"href":"https:\/\/tavapy.gov.py\/biblioteca\/wp-json\/wp\/v2\/product_tag?post=5455"}],"curies":[{"name":"wp","href":"https:\/\/api.w.org\/{rel}","templated":true}]}}