{"id":5456,"date":"2023-01-05T16:46:17","date_gmt":"2023-01-05T16:46:17","guid":{"rendered":"https:\/\/tavapy.gov.py\/biblioteca\/?post_type=product&#038;p=5456"},"modified":"2023-01-05T16:49:23","modified_gmt":"2023-01-05T16:49:23","slug":"sabiduria-insolita-conversaciones-con-pesonajes-notables","status":"publish","type":"product","link":"https:\/\/tavapy.gov.py\/biblioteca\/product\/sabiduria-insolita-conversaciones-con-pesonajes-notables\/","title":{"rendered":"SABIDUR\u00cdA INS\u00d3LITA. CONVERSACIONES CON PESONAJES NOTABLES."},"content":{"rendered":"","protected":false},"excerpt":{"rendered":"<p>Sabidur\u00eda ins\u00f3lita es, tambi\u00e9n, el esbozo de la odisea intelectual de su autor, a trav\u00e9s de animadas discusiones con muchos de los pensadores m\u00e1s influyentes de este siglo. Son particularmente apasionantes los encuentros con Werner Heisenberg, uno de los genios m\u00e1ximos de la f\u00edsica cu\u00e1ntica; con Geoffrey Chew, inspirador de las propias concepciones de Capra;<\/p>\n<p>Con J. Krishnamurti y Alan Watts, maestros en trascender el pensamiento sin perder el compromiso con la ciencia; con Gregory Bateson, el hombre que uni\u00f3 Teor\u00eda de la Comunicaci\u00f3n y Biolog\u00eda; con Stanislav Grof y R.D. Laing, pioneros en el estudio de la conciencia humana; con E. F. Schumacher y Hazel Henderson, figuras universales del movimiento ecologista; con Margaret Lock y Carl Simonton, maestros en el campo de la salud y la curaci\u00f3n. Sin olvidar a la gran figura de Indira Gandhi, que tanto defendi\u00f3 la idea de la interdependencia global.<\/p>\n<p>Sabidur\u00eda ins\u00f3lita, obra escrita en 1.988 es un documento excepcional, a la vez profundo y ameno, que nos da las claves para la emergencia de un nuevo paradigma cient\u00edfico y cultural.<\/p>\n<p><a href=\"https:\/\/tavapy.gov.py\/biblioteca\/wp-content\/uploads\/2023\/01\/CapraF-Sabiduria-insolita.pdf.pdf\" target=\"_blank\" rel=\"attachment noopener wp-att-5312\"><img loading=\"lazy\" decoding=\"async\" class=\"size-full wp-image-5312 alignleft\" src=\"https:\/\/tavapy.gov.py\/biblioteca\/wp-content\/uploads\/2022\/05\/icono-PDF-copia-2.png\" alt=\"\" width=\"121\" height=\"140\" \/><\/a><\/p>\n","protected":false},"featured_media":5457,"comment_status":"open","ping_status":"closed","template":"","meta":{"spay_email":""},"product_cat":[105],"product_tag":[],"class_list":{"0":"post-5456","1":"product","2":"type-product","3":"status-publish","4":"has-post-thumbnail","6":"book_author-fritjof-capra","7":"product_cat-nueva-cosmologia","8":"entry"},"_links":{"self":[{"href":"https:\/\/tavapy.gov.py\/biblioteca\/wp-json\/wp\/v2\/product\/5456","targetHints":{"allow":["GET"]}}],"collection":[{"href":"https:\/\/tavapy.gov.py\/biblioteca\/wp-json\/wp\/v2\/product"}],"about":[{"href":"https:\/\/tavapy.gov.py\/biblioteca\/wp-json\/wp\/v2\/types\/product"}],"replies":[{"embeddable":true,"href":"https:\/\/tavapy.gov.py\/biblioteca\/wp-json\/wp\/v2\/comments?post=5456"}],"wp:featuredmedia":[{"embeddable":true,"href":"https:\/\/tavapy.gov.py\/biblioteca\/wp-json\/wp\/v2\/media\/5457"}],"wp:attachment":[{"href":"https:\/\/tavapy.gov.py\/biblioteca\/wp-json\/wp\/v2\/media?parent=5456"}],"wp:term":[{"taxonomy":"product_cat","embeddable":true,"href":"https:\/\/tavapy.gov.py\/biblioteca\/wp-json\/wp\/v2\/product_cat?post=5456"},{"taxonomy":"product_tag","embeddable":true,"href":"https:\/\/tavapy.gov.py\/biblioteca\/wp-json\/wp\/v2\/product_tag?post=5456"}],"curies":[{"name":"wp","href":"https:\/\/api.w.org\/{rel}","templated":true}]}}