{"id":5521,"date":"2023-01-05T21:00:44","date_gmt":"2023-01-05T21:00:44","guid":{"rendered":"https:\/\/tavapy.gov.py\/biblioteca\/?post_type=product&#038;p=5521"},"modified":"2023-01-05T21:00:44","modified_gmt":"2023-01-05T21:00:44","slug":"los-pasos-perdidos","status":"publish","type":"product","link":"https:\/\/tavapy.gov.py\/biblioteca\/product\/los-pasos-perdidos\/","title":{"rendered":"LOS PASOS PERDIDOS."},"content":{"rendered":"","protected":false},"excerpt":{"rendered":"<p>Los pasos perdidos, la extraordinaria obra de Alejo Carpentier, publicada en 1.953 contin\u00faa siendo un cl\u00e1sico de la literatura hispanoamericana. Todav\u00eda hoy despierta el inter\u00e9s de los lectores porque, desde sus primeras p\u00e1ginas, re\u00fane todos los elementos de una gran obra. Nos hallamos ante una gran aventura, la aventura del viaje a lo desconocido, en las profundidades de una selva como la amaz\u00f3nica hasta un poblado primitivo.<\/p>\n<p>Para alcanzarlo se necesitaron s\u00f3lo unas pocas semanas. No obstante, parece que han transcurrido cientos, miles de a\u00f1os porque, al viajar, se ha desandado en el tiempo, hasta el punto que, al final del periplo, nos encontramos con el ser humano en su estado primigenio, cuando comenzaba s\u00f3lo a nombrar las cosas. Quien realiza este viaje es un hombre amargado, enajenado, procedente de la civilizaci\u00f3n m\u00e1s adelantada tecnol\u00f3gicamente y, al mismo tiempo, m\u00e1s implacable y destructora espiritualmente.<\/p>\n<p>Nuestro protagonista tendr\u00e1 que decidir si quiere permanecer en un mundo primitivo, carente de bienes materiales pero donde ha encontrado la felicidad, o retornar a la civilizaci\u00f3n donde es infeliz aunque posea \u00abtodo\u00bb. Dif\u00edcil dilema que puede ser el de cualquiera de nosotros.<\/p>\n<p>En resumen, Los pasos perdidos constituye una profunda reflexi\u00f3n sobre el mundo de la modernidad y la situaci\u00f3n en la que vive el ser humano, todo ello dibujado a trav\u00e9s de lo real maravilloso y de un lenguaje barroco que Carpentier, como nadie, llev\u00f3 hasta sus \u00faltimas consecuencias; en definitiva, una obra maestra de la literatura.<\/p>\n<p><a href=\"https:\/\/tavapy.gov.py\/biblioteca\/wp-content\/uploads\/2023\/01\/CarpentierA-Los-pasos-perdidos.pdf\" target=\"_blank\" rel=\"attachment noopener wp-att-5520\"><img loading=\"lazy\" decoding=\"async\" class=\"size-full wp-image-5520 alignleft\" src=\"https:\/\/tavapy.gov.py\/biblioteca\/wp-content\/uploads\/2023\/01\/icono-PDF-copia-2.png\" alt=\"\" width=\"121\" height=\"140\" \/><\/a><\/p>\n","protected":false},"featured_media":5464,"comment_status":"open","ping_status":"closed","template":"","meta":{"spay_email":""},"product_cat":[57],"product_tag":[],"class_list":{"0":"post-5521","1":"product","2":"type-product","3":"status-publish","4":"has-post-thumbnail","6":"book_author-alejo-carpentier","7":"product_cat-novela","8":"entry"},"_links":{"self":[{"href":"https:\/\/tavapy.gov.py\/biblioteca\/wp-json\/wp\/v2\/product\/5521","targetHints":{"allow":["GET"]}}],"collection":[{"href":"https:\/\/tavapy.gov.py\/biblioteca\/wp-json\/wp\/v2\/product"}],"about":[{"href":"https:\/\/tavapy.gov.py\/biblioteca\/wp-json\/wp\/v2\/types\/product"}],"replies":[{"embeddable":true,"href":"https:\/\/tavapy.gov.py\/biblioteca\/wp-json\/wp\/v2\/comments?post=5521"}],"wp:featuredmedia":[{"embeddable":true,"href":"https:\/\/tavapy.gov.py\/biblioteca\/wp-json\/wp\/v2\/media\/5464"}],"wp:attachment":[{"href":"https:\/\/tavapy.gov.py\/biblioteca\/wp-json\/wp\/v2\/media?parent=5521"}],"wp:term":[{"taxonomy":"product_cat","embeddable":true,"href":"https:\/\/tavapy.gov.py\/biblioteca\/wp-json\/wp\/v2\/product_cat?post=5521"},{"taxonomy":"product_tag","embeddable":true,"href":"https:\/\/tavapy.gov.py\/biblioteca\/wp-json\/wp\/v2\/product_tag?post=5521"}],"curies":[{"name":"wp","href":"https:\/\/api.w.org\/{rel}","templated":true}]}}