{"id":5522,"date":"2023-01-05T21:08:14","date_gmt":"2023-01-05T21:08:14","guid":{"rendered":"https:\/\/tavapy.gov.py\/biblioteca\/?post_type=product&#038;p=5522"},"modified":"2023-01-05T21:08:14","modified_gmt":"2023-01-05T21:08:14","slug":"alicia-a-traves-del-espejo","status":"publish","type":"product","link":"https:\/\/tavapy.gov.py\/biblioteca\/product\/alicia-a-traves-del-espejo\/","title":{"rendered":"ALICIA A TRAV\u00c9S DEL ESPEJO."},"content":{"rendered":"","protected":false},"excerpt":{"rendered":"<p>\u201cAlicia a trav\u00e9s del espejo\u201d, obra escrita en 1.871 est\u00e1 concebido como una partida de ajedrez, donde los arroyos y los setos dividen las casillas y Alicia es un pe\u00f3n que aspira a ser reina; una partida de ajedrez donde nada tiene sentido y nada es lo que parece. En el mundo del espejo la realidad est\u00e1 distorsionada, o quiz\u00e1 s\u00f3lo es otro modo de verla.<\/p>\n<p>Lewis Carroll, tras el clamoroso \u00e9xito de Alicia en el pa\u00eds de las maravillas (1865), escribi\u00f3 seis a\u00f1os m\u00e1s tarde Alicia a trav\u00e9s del espejo, que pronto obtuvo el reconocimiento mundial. Juntos se han convertido en una obra imprescindible de la historia de la literatura.<\/p>\n<p><a href=\"https:\/\/tavapy.gov.py\/biblioteca\/wp-content\/uploads\/2023\/01\/CarrollL-A-traves-Del-Espejo.pdf\" target=\"_blank\" rel=\"attachment noopener wp-att-5520\"><img loading=\"lazy\" decoding=\"async\" class=\"size-full wp-image-5520 alignleft\" src=\"https:\/\/tavapy.gov.py\/biblioteca\/wp-content\/uploads\/2023\/01\/icono-PDF-copia-2.png\" alt=\"\" width=\"121\" height=\"140\" \/><\/a><\/p>\n","protected":false},"featured_media":5466,"comment_status":"open","ping_status":"closed","template":"","meta":{"spay_email":""},"product_cat":[57],"product_tag":[],"class_list":{"0":"post-5522","1":"product","2":"type-product","3":"status-publish","4":"has-post-thumbnail","6":"book_author-lewis-carroll","7":"product_cat-novela","8":"entry"},"_links":{"self":[{"href":"https:\/\/tavapy.gov.py\/biblioteca\/wp-json\/wp\/v2\/product\/5522","targetHints":{"allow":["GET"]}}],"collection":[{"href":"https:\/\/tavapy.gov.py\/biblioteca\/wp-json\/wp\/v2\/product"}],"about":[{"href":"https:\/\/tavapy.gov.py\/biblioteca\/wp-json\/wp\/v2\/types\/product"}],"replies":[{"embeddable":true,"href":"https:\/\/tavapy.gov.py\/biblioteca\/wp-json\/wp\/v2\/comments?post=5522"}],"wp:featuredmedia":[{"embeddable":true,"href":"https:\/\/tavapy.gov.py\/biblioteca\/wp-json\/wp\/v2\/media\/5466"}],"wp:attachment":[{"href":"https:\/\/tavapy.gov.py\/biblioteca\/wp-json\/wp\/v2\/media?parent=5522"}],"wp:term":[{"taxonomy":"product_cat","embeddable":true,"href":"https:\/\/tavapy.gov.py\/biblioteca\/wp-json\/wp\/v2\/product_cat?post=5522"},{"taxonomy":"product_tag","embeddable":true,"href":"https:\/\/tavapy.gov.py\/biblioteca\/wp-json\/wp\/v2\/product_tag?post=5522"}],"curies":[{"name":"wp","href":"https:\/\/api.w.org\/{rel}","templated":true}]}}