{"id":5524,"date":"2023-01-05T21:16:52","date_gmt":"2023-01-05T21:16:52","guid":{"rendered":"https:\/\/tavapy.gov.py\/biblioteca\/?post_type=product&#038;p=5524"},"modified":"2023-01-05T21:16:52","modified_gmt":"2023-01-05T21:16:52","slug":"el-juego-de-la-logica","status":"publish","type":"product","link":"https:\/\/tavapy.gov.py\/biblioteca\/product\/el-juego-de-la-logica\/","title":{"rendered":"EL JUEGO DE LA L\u00d3GICA."},"content":{"rendered":"","protected":false},"excerpt":{"rendered":"<p>\u201cEl juego de la l\u00f3gica\u201d es un ensayo filos\u00f3fico y de problemas matem\u00e1ticos escrito por Lewis Carroll en 1.886, en los que plantea algunos ejemplos claves de l\u00f3gica, \u200b en especial de l\u00f3gica simb\u00f3lica.<\/p>\n<p>En la obra se refleja la obsesi\u00f3n del autor por tenerlo todo calculado.<\/p>\n<p><a href=\"https:\/\/tavapy.gov.py\/biblioteca\/wp-content\/uploads\/2023\/01\/CarrollL-El-juego-de-la-logica.pdf\" target=\"_blank\" rel=\"attachment noopener wp-att-5520\"><img loading=\"lazy\" decoding=\"async\" class=\"size-full wp-image-5520 alignleft\" src=\"https:\/\/tavapy.gov.py\/biblioteca\/wp-content\/uploads\/2023\/01\/icono-PDF-copia-2.png\" alt=\"\" width=\"121\" height=\"140\" \/><\/a><\/p>\n","protected":false},"featured_media":5468,"comment_status":"open","ping_status":"closed","template":"","meta":{"spay_email":""},"product_cat":[355],"product_tag":[],"class_list":{"0":"post-5524","1":"product","2":"type-product","3":"status-publish","4":"has-post-thumbnail","6":"book_author-lewis-carroll","7":"product_cat-filosofia-ensayo","8":"entry"},"_links":{"self":[{"href":"https:\/\/tavapy.gov.py\/biblioteca\/wp-json\/wp\/v2\/product\/5524","targetHints":{"allow":["GET"]}}],"collection":[{"href":"https:\/\/tavapy.gov.py\/biblioteca\/wp-json\/wp\/v2\/product"}],"about":[{"href":"https:\/\/tavapy.gov.py\/biblioteca\/wp-json\/wp\/v2\/types\/product"}],"replies":[{"embeddable":true,"href":"https:\/\/tavapy.gov.py\/biblioteca\/wp-json\/wp\/v2\/comments?post=5524"}],"wp:featuredmedia":[{"embeddable":true,"href":"https:\/\/tavapy.gov.py\/biblioteca\/wp-json\/wp\/v2\/media\/5468"}],"wp:attachment":[{"href":"https:\/\/tavapy.gov.py\/biblioteca\/wp-json\/wp\/v2\/media?parent=5524"}],"wp:term":[{"taxonomy":"product_cat","embeddable":true,"href":"https:\/\/tavapy.gov.py\/biblioteca\/wp-json\/wp\/v2\/product_cat?post=5524"},{"taxonomy":"product_tag","embeddable":true,"href":"https:\/\/tavapy.gov.py\/biblioteca\/wp-json\/wp\/v2\/product_tag?post=5524"}],"curies":[{"name":"wp","href":"https:\/\/api.w.org\/{rel}","templated":true}]}}