{"id":5525,"date":"2023-01-05T21:25:46","date_gmt":"2023-01-05T21:25:46","guid":{"rendered":"https:\/\/tavapy.gov.py\/biblioteca\/?post_type=product&#038;p=5525"},"modified":"2023-01-05T21:26:21","modified_gmt":"2023-01-05T21:26:21","slug":"viaje-a-la-alcarria","status":"publish","type":"product","link":"https:\/\/tavapy.gov.py\/biblioteca\/product\/viaje-a-la-alcarria\/","title":{"rendered":"VIAJE A LA ALCARRIA."},"content":{"rendered":"","protected":false},"excerpt":{"rendered":"<p>Con el morral a la espalda y la cantimplora sujeta a la hebilla del cintur\u00f3n, el viajero recorre las carreteras y los pueblos de la Alcarria. Es el suyo un caminar lento, con ma\u00f1anas de atm\u00f3sfera limpia, mediod\u00edas calurosos y noches que se le echan encima, como con susto.<\/p>\n<p>De pueblo en pueblo el viajero va viviendo curiosos encuentros, min\u00fasculas an\u00e9cdotas y sorprendentes conversaciones que, impert\u00e9rrito, transcribe con una suave prosa que a\u00fana realismo, comicidad y ternura. Pero el viaje termina.<\/p>\n<p>El viajero dej\u00f3 atr\u00e1s la Alcarria con sus notas a cuestas y un algo de pena. A cambio, nos queda un libro que demuestra una de las m\u00e1s arraigadas afirmaciones de Cela: \u00abEl escritor, aun el que m\u00e1s sedentario pudiera parecer, es siempre un irredento vagabundo y \u00e9se es su mayor timbre de gloria y libertad\u00bb.<\/p>\n<p>&nbsp;<\/p>\n<p>La obra de Camilo Cela \u201cViaje a la Alcarria\u201d fue publicada en 1.948.<\/p>\n<p><a href=\"https:\/\/tavapy.gov.py\/biblioteca\/wp-content\/uploads\/2023\/01\/CelaC-Viaje-a-la-alcarria.pdf\" target=\"_blank\" rel=\"attachment noopener wp-att-5520\"><img loading=\"lazy\" decoding=\"async\" class=\"size-full wp-image-5520 alignleft\" src=\"https:\/\/tavapy.gov.py\/biblioteca\/wp-content\/uploads\/2023\/01\/icono-PDF-copia-2.png\" alt=\"\" width=\"121\" height=\"140\" \/><\/a><\/p>\n","protected":false},"featured_media":5527,"comment_status":"open","ping_status":"closed","template":"","meta":{"spay_email":""},"product_cat":[664],"product_tag":[],"class_list":{"0":"post-5525","1":"product","2":"type-product","3":"status-publish","4":"has-post-thumbnail","6":"book_author-camilo-jose-cela","7":"product_cat-narrativa-literaria","8":"entry"},"_links":{"self":[{"href":"https:\/\/tavapy.gov.py\/biblioteca\/wp-json\/wp\/v2\/product\/5525","targetHints":{"allow":["GET"]}}],"collection":[{"href":"https:\/\/tavapy.gov.py\/biblioteca\/wp-json\/wp\/v2\/product"}],"about":[{"href":"https:\/\/tavapy.gov.py\/biblioteca\/wp-json\/wp\/v2\/types\/product"}],"replies":[{"embeddable":true,"href":"https:\/\/tavapy.gov.py\/biblioteca\/wp-json\/wp\/v2\/comments?post=5525"}],"wp:featuredmedia":[{"embeddable":true,"href":"https:\/\/tavapy.gov.py\/biblioteca\/wp-json\/wp\/v2\/media\/5527"}],"wp:attachment":[{"href":"https:\/\/tavapy.gov.py\/biblioteca\/wp-json\/wp\/v2\/media?parent=5525"}],"wp:term":[{"taxonomy":"product_cat","embeddable":true,"href":"https:\/\/tavapy.gov.py\/biblioteca\/wp-json\/wp\/v2\/product_cat?post=5525"},{"taxonomy":"product_tag","embeddable":true,"href":"https:\/\/tavapy.gov.py\/biblioteca\/wp-json\/wp\/v2\/product_tag?post=5525"}],"curies":[{"name":"wp","href":"https:\/\/api.w.org\/{rel}","templated":true}]}}