{"id":5532,"date":"2023-01-05T21:38:59","date_gmt":"2023-01-05T21:38:59","guid":{"rendered":"https:\/\/tavapy.gov.py\/biblioteca\/?post_type=product&#038;p=5532"},"modified":"2023-01-05T21:39:37","modified_gmt":"2023-01-05T21:39:37","slug":"la-ciencia-encuentra-a-dios","status":"publish","type":"product","link":"https:\/\/tavapy.gov.py\/biblioteca\/product\/la-ciencia-encuentra-a-dios\/","title":{"rendered":"LA CIENCIA \u00bfENCUENTRA A DIOS?"},"content":{"rendered":"","protected":false},"excerpt":{"rendered":"<p>A lo largo del siglo XX, la ciencia ha hecho descubrimientos espectaculares. Y todos ellos confluyen en un punto: la necesidad de recurrir a la idea de un designio inteligente para explicar la creciente complejidad del universo.<\/p>\n<p>La f\u00edsica ha demostrado que el cosmos tuvo un comienzo, que el universo es mucho mayor, m\u00e1s complejo y m\u00e1s maravilloso de lo que en principio se intu\u00eda.<\/p>\n<p>La biolog\u00eda, desentra\u00f1ando los misterios del gen y los mecanismos irreductiblemente complejos, ha puesto en tela de juicio el desarrollo evolutivo a trav\u00e9s de mutaciones aleatorias. El origen de la vida sigue siendo inexplicable sin recurrir a un designio inteligente.<\/p>\n<p>La neurolog\u00eda, al investigar el comportamiento del cerebro humano en relaci\u00f3n a la espiritualidad, est\u00e1 descubriendo que el cerebro, visto como una simple computadora desligada de todo elemento trascendente, no encaja a la hora de explicar la complejidad y la peculiaridad de la conciencia humana.<\/p>\n<p>Las cosas han cambiado tanto que se ha invertido el proceso. Anta\u00f1o eran los apologistas cristianos los que ten\u00edan que esforzarse en argumentar la existencia de un Creador, hoy son algunos cient\u00edficos ateos los que investigan febrilmente tratando de apartarle de la escena. Hace unos a\u00f1os, creer en Dios requer\u00eda un salto de fe, ahora cada vez hace falta m\u00e1s fe para seguir negando su existencia.<\/p>\n<p>El cient\u00edfico cristiano Antonio Cruz, bi\u00f3logo y pastor, en un lenguaje asequible pero sin perder por ello su valor cient\u00edfico, con la ayuda de im\u00e1genes esquemas y diagramas, explica en las p\u00e1ginas de este libro publicado en el 2.010, los m\u00e1s recientes descubrimientos de la nueva ciencia que apuntan hacia la realidad de Dios. Con ello, abre un nuevo horizonte en el campo de la apolog\u00e9tica cristiana para el siglo XXI.<\/p>\n<p><a href=\"https:\/\/tavapy.gov.py\/biblioteca\/wp-content\/uploads\/2023\/01\/CruzA-La-Ciencia-Encuentra-a-Dios..pdf\" target=\"_blank\" rel=\"attachment noopener wp-att-5520\"><img loading=\"lazy\" decoding=\"async\" class=\"size-full wp-image-5520 alignleft\" src=\"https:\/\/tavapy.gov.py\/biblioteca\/wp-content\/uploads\/2023\/01\/icono-PDF-copia-2.png\" alt=\"\" width=\"121\" height=\"140\" \/><\/a><\/p>\n","protected":false},"featured_media":5470,"comment_status":"open","ping_status":"closed","template":"","meta":{"spay_email":""},"product_cat":[666],"product_tag":[],"class_list":{"0":"post-5532","1":"product","2":"type-product","3":"status-publish","4":"has-post-thumbnail","6":"book_author-antonio-cruz","7":"product_cat-ciencias-religion-teologia","8":"entry"},"_links":{"self":[{"href":"https:\/\/tavapy.gov.py\/biblioteca\/wp-json\/wp\/v2\/product\/5532","targetHints":{"allow":["GET"]}}],"collection":[{"href":"https:\/\/tavapy.gov.py\/biblioteca\/wp-json\/wp\/v2\/product"}],"about":[{"href":"https:\/\/tavapy.gov.py\/biblioteca\/wp-json\/wp\/v2\/types\/product"}],"replies":[{"embeddable":true,"href":"https:\/\/tavapy.gov.py\/biblioteca\/wp-json\/wp\/v2\/comments?post=5532"}],"wp:featuredmedia":[{"embeddable":true,"href":"https:\/\/tavapy.gov.py\/biblioteca\/wp-json\/wp\/v2\/media\/5470"}],"wp:attachment":[{"href":"https:\/\/tavapy.gov.py\/biblioteca\/wp-json\/wp\/v2\/media?parent=5532"}],"wp:term":[{"taxonomy":"product_cat","embeddable":true,"href":"https:\/\/tavapy.gov.py\/biblioteca\/wp-json\/wp\/v2\/product_cat?post=5532"},{"taxonomy":"product_tag","embeddable":true,"href":"https:\/\/tavapy.gov.py\/biblioteca\/wp-json\/wp\/v2\/product_tag?post=5532"}],"curies":[{"name":"wp","href":"https:\/\/api.w.org\/{rel}","templated":true}]}}